{"id":10,"date":"2018-04-28T04:03:52","date_gmt":"2018-04-28T04:03:52","guid":{"rendered":"http:\/\/new.drolshammer.net\/german\/?page_id=10"},"modified":"2023-06-05T16:56:47","modified_gmt":"2023-06-05T14:56:47","slug":"the-salon","status":"publish","type":"page","link":"https:\/\/drolshammer.net\/german\/the-salon\/","title":{"rendered":"The Salon"},"content":{"rendered":"<section class=\"wpb-content-wrapper\">[vc_section css=&#8220;.vc_custom_1685976994432{margin-bottom: 20px !important;}&#8220;][vc_row 0=&#8220;&#8220;][vc_column 0=&#8220;&#8220;][vc_column_text 0=&#8220;&#8220;]\n<h1 style=\"text-align: center;\"><\/h1>\n<p><span class=\"lead\">Eine dritte Karriere, von der ich hoffe, dass das Motto &#8222;The Art of Creating a Life While Making a Living&#8220; zum Programm werden mag, erlaubt Verlagerungen der Gewichtung von der &#8222;Pflicht&#8220; zur &#8222;K\u00fcr&#8220;.<\/span><\/p>\n<p>Die ironisierende Bezeichnung &#8222;The Salon&#8220; bezieht sich auf eine Form einer unprogrammatischen Gastgeberschaft, in der eine zu kurz gekommene und vergessene Geselligkeit, Freundschaft und Kollegialit\u00e4t aus gegebenen Anl\u00e4ssen erneut gepflegt werden kann. Der Standort, die Wohnqualit\u00e4t und die Geschichte des Hauses Georges Bloch an der Susenbergstrasse sind in fr\u00fcheren Begegnungen und Gespr\u00e4chen bei Wein, K\u00e4se und Brot bereits erprobt. Im &#8222;The Salon&#8220; sollen die thematischen Bereiche der T\u00e4tigkeit in Beratung, Wissenschaft und Lehre mit kulturell-gesellschaftlichen Interessen wie zum Beispiel der darstellenden Kunst und Musik und der Politik erg\u00e4nzt werden.<\/p>\n<p>Auch hier w\u00e4chst ein <a href=\"https:\/\/drolshammer.net\/german\/the-network\/\">&#8222;Netzwerk&#8220;<\/a> wie ein Kristall. An den vorgesehenen Begegnungen soll nicht konsumiert, sondern im wesentlichen vorbereitet interagiert werden, dies allenfalls &#8211; im Fachjargon &#8211; moderiert, facilitiert, gelehrt oder durch Dritte kuratiert. Daraus soll eine sinnvolle und nahtlose Erg\u00e4nzung zur akademischen und zur beratenden T\u00e4tigkeit entstehen, alles privat, zwar nach und mit Programm, aber nicht programmatisch, mit einer gewissen Regelm\u00e4ssigkeit, aber auch unverhofften Opportunit\u00e4ten offen.<\/p>\n<p>Dies mag in verschiedenen Formen wie Begegnungen, Causerien, Pr\u00e4sentationen, Lesungen oder Leseclubs, Vortr\u00e4ge oder Kolloquien geschehen, wobei im Mittelpunkt immer das Gespr\u00e4ch stehen soll. Mit einer Neigung zum Ganzheitlichen soll vordergr\u00fcndig Unverbundenes vernetzt werden, so dass dem Unfertigen und dem noch Unverstandenen Raum &#8211; eben einen privaten &#8211; gegeben werden.<\/p>\n<p>Besonders interessiert mich als Kontrast zu einer \u00fcblichen technokratisierten und monetarisierten Gesch\u00e4ftigkeit die M\u00f6glichkeit, einer freundschaftlichen und intellektuellen Vertiefung der dem Neuen zugewandten Arbeiten in der Beratung, der Wissenschaft und der Lehre Raum zu verschaffen und einen Platz zu geben. Das Ganze soll Teil einer neu verstandenen Privatsph\u00e4re sein.<\/p>\n<p>In diesem Sinne geht es in ironischer Allusion um einen Versuch der &#8222;Privatisierung&#8220; von Begegnung und Gespr\u00e4ch unter einander Gewogenen und untereinander Gleichgesinnten. Die Idee &#8222;The Salon&#8220; ist verwandt mit den Versuchen, durch die M\u00f6glichkeiten der neuen Medien &#8222;Virtual Groups&#8220;, wie zum Beispiel auch in einem &#8222;Virtual Classroom&#8220; und in Videokonferenzen, zu schaffen.<\/p>\n<p>Unter der Flagge &#8222;The Salon&#8220; finden z.Bsp. die Begegnungen des <a href=\"https:\/\/drolshammer.net\/german\/academic-reading-club\/\">wissenschaftlichen Leseclubs<\/a> des <a href=\"https:\/\/drolshammer.net\/german\/general-counsels-club\/\">General Counsels Clubs<\/a>, des <a href=\"https:\/\/drolshammer.net\/german\/general-counsel-network\/\">General Counsels Netzwerkes<\/a>, des <a href=\"https:\/\/drolshammer.net\/german\/strategy-club\/\">Strategy Clubs<\/a> und des <a href=\"https:\/\/drolshammer.net\/german\/legal-culture-club\/\">Legal Culture Clubs<\/a> und <a href=\"https:\/\/drolshammer.net\/german\/events\/\">Anl\u00e4sse in akademischen<\/a> und <a href=\"https:\/\/drolshammer.net\/german\/cultural-encounters\/\">kulturellen Bereichen<\/a> statt. Diese werden zuweilen durch <a href=\"https:\/\/drolshammer.net\/german\/training-encounters\/\">Weiterbildungskolloquien<\/a> als kommerzielle Dienstleistungen erg\u00e4nzt, alles in einem <a href=\"https:\/\/drolshammer.net\/german\/cultural-activities-and-beyond\/\" target=\"Window1\" rel=\"noopener\">&#8222;Mus\u00e9e Appartement&#8220;<\/a>.<br \/>\nIm Einverst\u00e4ndnis mit den G\u00e4sten werden lediglich die Termine, Titel und Teilnehmer und nicht die Inhalte in der Website abgebildet.<\/p>\n<p>Alle Begegnungen sind Privatanl\u00e4sse auf Einladung, die off the record durchgef\u00fchrt werden. Es geht um eine Reprivatisierung des kulturellen und wissenschaftlichen Dialogs in der Gestalt von fachlichen Gespr\u00e4chen im geselligen Rahmen unter Freunden \u00e0 la taille de l&#8217;home!<br \/>\nE-Mail: <a href=\"mailto:office@drolshammer.com\">office@drolshammer.com<\/a>[\/vc_column_text][\/vc_column][\/vc_row][\/vc_section]\n<\/section>","protected":false},"excerpt":{"rendered":"<p>[vc_section css=&#8220;.vc_custom_1685976994432{margin-bottom: 20px !important;}&#8220;][vc_row 0=&#8220;&#8220;][vc_column 0=&#8220;&#8220;][vc_column_text 0=&#8220;&#8220;] Eine dritte Karriere, von der ich hoffe, dass das Motto &#8222;The Art of Creating a Life While Making a Living&#8220; zum Programm werden mag, erlaubt Verlagerungen der Gewichtung von der &#8222;Pflicht&#8220; zur &#8222;K\u00fcr&#8220;. Die ironisierende Bezeichnung &#8222;The Salon&#8220; bezieht sich auf eine Form einer unprogrammatischen Gastgeberschaft, in der&hellip;<\/p>\n","protected":false},"author":2,"featured_media":0,"parent":0,"menu_order":0,"comment_status":"closed","ping_status":"closed","template":"","meta":[],"acf":[],"_links":{"self":[{"href":"https:\/\/drolshammer.net\/german\/wp-json\/wp\/v2\/pages\/10"}],"collection":[{"href":"https:\/\/drolshammer.net\/german\/wp-json\/wp\/v2\/pages"}],"about":[{"href":"https:\/\/drolshammer.net\/german\/wp-json\/wp\/v2\/types\/page"}],"author":[{"embeddable":true,"href":"https:\/\/drolshammer.net\/german\/wp-json\/wp\/v2\/users\/2"}],"replies":[{"embeddable":true,"href":"https:\/\/drolshammer.net\/german\/wp-json\/wp\/v2\/comments?post=10"}],"version-history":[{"count":12,"href":"https:\/\/drolshammer.net\/german\/wp-json\/wp\/v2\/pages\/10\/revisions"}],"predecessor-version":[{"id":2151,"href":"https:\/\/drolshammer.net\/german\/wp-json\/wp\/v2\/pages\/10\/revisions\/2151"}],"wp:attachment":[{"href":"https:\/\/drolshammer.net\/german\/wp-json\/wp\/v2\/media?parent=10"}],"curies":[{"name":"wp","href":"https:\/\/api.w.org\/{rel}","templated":true}]}}