{"id":107,"date":"2018-04-28T09:53:01","date_gmt":"2018-04-28T09:53:01","guid":{"rendered":"http:\/\/new.drolshammer.net\/german\/?page_id=107"},"modified":"2020-06-17T21:41:54","modified_gmt":"2020-06-17T21:41:54","slug":"news","status":"publish","type":"page","link":"https:\/\/drolshammer.net\/german\/news\/","title":{"rendered":"News"},"content":{"rendered":"<section class=\"wpb-content-wrapper\">[vc_section css=&#8220;.vc_custom_1525328387530{margin-bottom: 20px !important;background-color: #c9c9a5 !important;}&#8220;][vc_row 0=&#8220;&#8220;][vc_column 0=&#8220;&#8220;][vc_column_text 0=&#8220;&#8220;]\n<h2><span class=\"hd\">Neuigkeiten<\/span><\/h2>\n<p><strong>Rezension<\/strong><\/p>\n<h4>Daniel Th\u00fcrer: Wie das Recht auf Reisen geht &#8211; Eine \u00dcbersichtsdarstellung internationaler Rechtstransfers am Beispiel des schweizerischen Rechts- und Kulturraums<\/h4>\n<p>In: Neue Z\u00fcrcher Zeitung, 2. Juni 2020, Seite 11<\/p>\n<h3><strong>2020<\/strong><\/h3>\n<p><strong>Risk and Response \u2013 Zur Notwendigkeit eines strategischen Umgangs mit Catastrophic Risks in Grenzbereichen technologischer und wissenschaftlicher Entwicklung<br \/>\n<\/strong>erscheint in ZSR Sonderausgabe \u201cPandemie und Recht: Beitrag des Rechts zur Bew\u00e4ltigung einer globalen Krise, 2020<\/p>\n<p>English translation:<br \/>\n<strong>Risk and Response \u2013 On the need for a strategic approach to catastrophic risk around the frontiers of technological and scientific development<\/strong><\/p>\n<h3><strong>2020<\/strong><\/h3>\n<p><strong>Risk and Response \u2013 Responses to Risks<br \/>\nzur Notwendigkeit eines strategischen Umgangs mit Recht mit Catastrophic Risk in Grenzbereichen technologischer und wissenschaftlicher Entwicklung.<br \/>\n\u201creality lawyering in times of crises\u201d<br \/>\n<\/strong>erscheint in ZSR Sonderausgabe \u201cPandemie und Recht: Beitrag des Rechts zur Bew\u00e4ltigung einer globalen Krise, 2020<\/p>\n<p>English translation:<br \/>\n<strong>Risk and Response \u2013 Responses to Risks<br \/>\nOn the need for a strategic approach to catastrophic risk around the frontiers of technological and scientific development<br \/>\n\u201creality lawyering in times of crises\u201d<\/strong><\/p>\n<h3><strong>2019<\/strong><\/h3>\n<p><strong>WIE DAS RECHT AUF REISEN GEHT &#8211; Eine \u00dcberischtsdarstellung internationaler Rechtstransfers aus dem Rechts- und Kulturraum der Schweiz\u00a0<\/strong><\/p>\n<h3><strong>2017<\/strong><\/h3>\n<p><strong>Internationalisierung der Schweizerischen Rechtskultur &#8211; Gespr\u00e4che mit Zeitzeugen &#8211; ein ph\u00e4nomenologisches Erkundungsbuch<\/strong>, gebunden.<\/p>\n<h3><strong>2016<\/strong><\/h3>\n<p><strong>The Americanization of Swiss Legal Culture &#8211; \u00a0Highlights of cultural Encounters in an evolving Transatlantic History of Law<\/strong>, PP 1630 Seiten broschiert, online edition auf www.legalanthology.ch<\/p>\n<h3><strong>2015<\/strong><\/h3>\n<p><strong>The Globalization of Swiss Legal Culture<\/strong>,\u00a0online edition, www.legalanthology.ch<\/p>\n<p><strong>The Europeanization of Swiss Legal Culture<\/strong>, online edition, www.legalanthology.ch<\/p>\n<h3><strong>2014 &#8211; 2018<\/strong><\/h3>\n<p>Faculty Associate Berkman Klein Center for Internet &amp; Society, Harvard University<\/p>\n<h3><strong>2011 &#8211; 2018 <\/strong><\/h3>\n<p>Co-Founder and Co-General Editor \u00a0Anthology of Swiss Legal Culture<\/p>\n<h3><span class=\"title\">2010<\/span><\/h3>\n<p>Berater der Schweizerischen Eidgenossenschaft und der UBS in Phase der parlamentarischen Genehmigung und Umsetzung des Staatsvertrages Schweiz \/ USA in der causa UBS<\/p>\n<h3><span class=\"title\">2009<\/span><\/h3>\n<p>Berater der Schweizerischen Eidgenossenschaft in der Phase des Entstehens und der Verhandlung des Staatsvertrages Schweiz \/ USA in der causa UBS<\/p>\n<h3><span class=\"title\">M\u00e4rz 2009<\/span><\/h3>\n<p>Mitglied der Expertenkommission des Bundesrates f\u00fcr das Bankgeheimnis und f\u00fcr internationale Steuern<\/p>\n<h3><span class=\"title\">12. Mai 2009, 18.15<\/span><\/h3>\n<p><span class=\"title\"><br \/>\n<strong>Abschiedsvorlesung Jens Drolshammer, &#8222;&#8218;The Global Groove of Harvard Yard&#8216; \u2013 Persoenliches zur Person in der Globalisierung und der Anglo-Anglo-Amerikanisierung von Recht und Rechsberufen&#8220;<\/strong><br \/>\n<strong>Universit\u00e4t St. Gallen, Senatsraum<\/strong><\/span><\/p>\n<p><strong><span class=\"title\">A Timely Turn to the Laywer? Globalisierung und die Anglo-Amerikanisierung von Recht und Rechtsberufen &#8211; Essays Z\u00fcrich\/St. Gallen, 2009, A Timely Turn to the Lawyer? Globalisierung und die Anglo-Amerikanisierung von Recht und Rechtsberufen &#8211; <\/span><\/strong><span class=\"title\">Essays<\/span><strong><span class=\"title\">,<\/span><\/strong><span class=\"title\">Z\u00fcrich\/St. Gallen<\/span><strong><span class=\"title\">,<\/span><\/strong><span class=\"title\">2009,<\/span>1138 Seiten, auf Deutsch<\/p>\n<p><strong><span class=\"title\">Darin erstmals ver\u00f6ffentlicht:<\/span><\/strong><br \/>\n\u00abFrom the Horse&#8217;s Mouth\u00bb &#8211; Rechtsberufe am Wind der Amerikanisierung: Betroffenheit und Umgang mit der amerikanischen Rechtskultur durch Leiter von Rechtsabteilungen schweizerischer multinationaler Unternehmen, durch international t\u00e4tige Rechtsanw\u00e4lte, Verwaltungs- und Regulierungsbeh\u00f6rden sowie durch Gerichte in der Schweiz und in Europa, 2007\/2008, in: A Timely Turn to the Laywer? Globalisierung und die Anglo-Amerikanisierung von Recht und Rechtsberufen &#8211; Essays<br \/>\nin: A Timely Turn to the Laywer? Globalisierung und die Anglo-Amerikanisierung von Recht und Rechtsberufen &#8211; Essays, Z\u00fcrich\/St. Gallen, 2009, p. 157-298.<\/p>\n<p>\u00abAttack on America\u00bb: The Consequences &#8211; from a Legal Perspective &#8211; the Role of Law, Lawyers and Law Enforcement (Special event immediately after event)<br \/>\nin: A Timely Turn to the Laywer? Globalisierung und die Anglo-Amerikanisierung von Recht und Rechtsberufen &#8211; Essays, Z\u00fcrich\/St. Gallen, 2009, p. 661-676.<\/p>\n<p>The Path to the Turn to the Lawyer(s)? &#8211; Amerikanische Konzepte und Ideen f\u00fcr einen Blue Print &#8222;to take it global&#8220;<br \/>\nin: A Timely Turn to the Laywer? Globalisierung und die Anglo-Amerikanisierung von Recht und Rechtsberufen &#8211; Essays, Z\u00fcrich\/St.Gallen, 2009, p. 863-1134.[\/vc_column_text][\/vc_column][\/vc_row][\/vc_section]\n<\/section>","protected":false},"excerpt":{"rendered":"<p>[vc_section css=&#8220;.vc_custom_1525328387530{margin-bottom: 20px !important;background-color: #c9c9a5 !important;}&#8220;][vc_row 0=&#8220;&#8220;][vc_column 0=&#8220;&#8220;][vc_column_text 0=&#8220;&#8220;] Neuigkeiten Rezension Daniel Th\u00fcrer: Wie das Recht auf Reisen geht &#8211; Eine \u00dcbersichtsdarstellung internationaler Rechtstransfers am Beispiel des schweizerischen Rechts- und Kulturraums In: Neue Z\u00fcrcher Zeitung, 2. Juni 2020, Seite 11 2020 Risk and Response \u2013 Zur Notwendigkeit eines strategischen Umgangs mit Catastrophic Risks in Grenzbereichen&hellip;<\/p>\n","protected":false},"author":2,"featured_media":0,"parent":0,"menu_order":0,"comment_status":"closed","ping_status":"closed","template":"","meta":[],"acf":[],"_links":{"self":[{"href":"https:\/\/drolshammer.net\/german\/wp-json\/wp\/v2\/pages\/107"}],"collection":[{"href":"https:\/\/drolshammer.net\/german\/wp-json\/wp\/v2\/pages"}],"about":[{"href":"https:\/\/drolshammer.net\/german\/wp-json\/wp\/v2\/types\/page"}],"author":[{"embeddable":true,"href":"https:\/\/drolshammer.net\/german\/wp-json\/wp\/v2\/users\/2"}],"replies":[{"embeddable":true,"href":"https:\/\/drolshammer.net\/german\/wp-json\/wp\/v2\/comments?post=107"}],"version-history":[{"count":24,"href":"https:\/\/drolshammer.net\/german\/wp-json\/wp\/v2\/pages\/107\/revisions"}],"predecessor-version":[{"id":2107,"href":"https:\/\/drolshammer.net\/german\/wp-json\/wp\/v2\/pages\/107\/revisions\/2107"}],"wp:attachment":[{"href":"https:\/\/drolshammer.net\/german\/wp-json\/wp\/v2\/media?parent=107"}],"curies":[{"name":"wp","href":"https:\/\/api.w.org\/{rel}","templated":true}]}}