{"id":12,"date":"2018-04-28T04:04:07","date_gmt":"2018-04-28T04:04:07","guid":{"rendered":"http:\/\/new.drolshammer.net\/german\/?page_id=12"},"modified":"2023-06-06T12:34:11","modified_gmt":"2023-06-06T10:34:11","slug":"life-and-living","status":"publish","type":"page","link":"https:\/\/drolshammer.net\/german\/life-and-living\/","title":{"rendered":"Life &#038; Living"},"content":{"rendered":"<section class=\"wpb-content-wrapper\">[vc_section css=&#8220;.vc_custom_1686047612108{margin-bottom: 20px !important;}&#8220;][vc_row][vc_column]<div class=\"vcex-heading vcex-module wpex-text-2xl wpex-font-normal wpex-m-auto wpex-max-w-100 vcex-heading-plain wpex-block wpex-text-center\"><span class=\"vcex-heading-inner wpex-inline-block wpex-clr\">Life and Living | 2018<\/span><\/div>[vc_column_text]\n<h2 style=\"text-align: center;\">Jens Drolshammer<\/h2>\n<h3 style=\"text-align: center;\">Prof. Dr. iur., MCL, attorney<\/h3>\n[\/vc_column_text][vc_single_image image=&#8220;2075&#8243; css=&#8220;.vc_custom_1553885432244{margin-top: 30px !important;}&#8220;][\/vc_column][\/vc_row][vc_row][vc_column][vc_column_text css_animation=&#8220;fadeIn&#8220;]<a href=\"https:\/\/drolshammer.net\/german\/?page_id=339\"><span class=\"sub\">[ Beruflicher Hintergrund ]<\/span><\/a> \u00a0 <a href=\"https:\/\/drolshammer.net\/german\/?page_id=341\"><span class=\"sub\">[ Aus- und Weiterbildung ]<\/span><\/a><\/p>\n<p>Ber\u00e4t in Drolshammer Strategy &amp; Law . Advokatur <sup>TM<\/sup> vorwiegend in Z\u00fcrich und auch in Cambridge, Mass. in einem interdisziplin\u00e4ren Netzwerk an der Schnittstelle von Strategieentwicklung und Recht f\u00fcr internationale Unternehmen, Organisationen und F\u00fchrungspers\u00f6nlichkeiten aus Wirtschaft, Recht und Politik.<\/p>\n<p>Spezialisiert sich als Rechtsanwalt unter anderem auf den Umgang mit komplexen Fragestellungen in den Rechtsbereichen Gesellschaftsrecht, Immaterialg\u00fcter- und Kartellrecht, Europa- und Angloamerikanisches Recht aus transatlantischer Sicht, internationales Wirtschafts- und V\u00f6lkerrecht, internationale Schiedsgerichtsbarkeit und schwergewicht auf Issue- und Reputation Management.<\/p>\n<p>F\u00fchrt in seinem <a href=\"https:\/\/drolshammer.net\/german\/the-network\/\">Netzwerk<\/a> im &#8222;<a href=\"https:\/\/drolshammer.net\/german\/the-salon\/\">The Salon<\/a>&#8220; berufliche KollegInnen aus der Praxis und der Lehre in Clubs wie &#8222;<a href=\"https:\/\/drolshammer.net\/german\/general-counsels-club\/\">General Counsel Club<\/a>&#8222;, &#8222;<a href=\"https:\/\/drolshammer.net\/german\/general-counsel-network\/\">General Counsel Netzwerk<\/a>&#8222;, &#8222;<a href=\"https:\/\/drolshammer.net\/german\/academic-reading-club\/\">Wissenschaftlicher Leseclub<\/a>&#8222;, &#8222;<a href=\"https:\/\/drolshammer.net\/german\/legal-culture-club\/\">Legal Culture Club<\/a>&#8222;, &#8222;Strategy Club&#8220; zu <a href=\"https:\/\/drolshammer.net\/german\/academic-encounters\/\">akademischen<\/a> und <a href=\"https:\/\/drolshammer.net\/german\/cultural-encounters\/\">kulturellen<\/a> Begegnungen zusammen. Die Begegnungen sind off the record und erfolgen auf Einladung. Sie ber\u00fccksichtigen Berufliches und Pers\u00f6nliches ausgewogen.<\/p>\n<p>Regelm\u00e4ssiger Senior Fellow und Visiting Researcher am European Center for Law Research, Harvard Law School und Center for Business and Government der John F. Kennedy School of Government, Harvard University (1999, 2003-2008), in interdisziplin\u00e4ren Arbeits- und Forschungsbereichen wie das Rechtsgeschehen der Globalisierung, die Amerikanisierung von Recht und Rechtsberufen, Global Lawyer und Law and Innovation und der kulturellen Begegnung und des kulturellen Austausches zwischen den Vereinigten Staaten und der Schweiz.<\/p>\n<p>Ab 2014 bis heute Faculty Associate am Bermkan Klein Center for Internet &amp; Society an der Harvard University.<\/p>\n<p>St\u00e4ndiger Senior Research Fellow am Institute f\u00fcr Management, Universit\u00e4t St. Gallen, am World Trade Institute, Universit\u00e4t Bern und am Lehrstuhl f\u00fcr sicherheitspolitische Studien am Center for International Studies, Eidgen\u00f6ssische Technische Hochschule, Z\u00fcrich, in Zusammenhang mit Publikations- und Forschungsprojekten an Graduate Schools der Harvard University; nur selektiv aktiviert.<\/p>\n<p>Mitglied verschiedener nationaler und internationaler Berufsvereinigungen und des International Institutes for Strategic Studies in London.[\/vc_column_text][\/vc_column][\/vc_row][\/vc_section]\n<\/section>","protected":false},"excerpt":{"rendered":"<p>[vc_section css=&#8220;.vc_custom_1686047612108{margin-bottom: 20px !important;}&#8220;][vc_row][vc_column][vc_column_text] Jens Drolshammer Prof. Dr. iur., MCL, attorney [\/vc_column_text][vc_single_image image=&#8220;2075&#8243; css=&#8220;.vc_custom_1553885432244{margin-top: 30px !important;}&#8220;][\/vc_column][\/vc_row][vc_row][vc_column][vc_column_text css_animation=&#8220;fadeIn&#8220;][ Beruflicher Hintergrund ] \u00a0 [ Aus- und Weiterbildung ] Ber\u00e4t in Drolshammer Strategy &amp; Law . Advokatur TM vorwiegend in Z\u00fcrich und auch in Cambridge, Mass. in einem interdisziplin\u00e4ren Netzwerk an der Schnittstelle von Strategieentwicklung und Recht f\u00fcr&hellip;<\/p>\n","protected":false},"author":2,"featured_media":0,"parent":0,"menu_order":0,"comment_status":"closed","ping_status":"closed","template":"","meta":[],"acf":[],"_links":{"self":[{"href":"https:\/\/drolshammer.net\/german\/wp-json\/wp\/v2\/pages\/12"}],"collection":[{"href":"https:\/\/drolshammer.net\/german\/wp-json\/wp\/v2\/pages"}],"about":[{"href":"https:\/\/drolshammer.net\/german\/wp-json\/wp\/v2\/types\/page"}],"author":[{"embeddable":true,"href":"https:\/\/drolshammer.net\/german\/wp-json\/wp\/v2\/users\/2"}],"replies":[{"embeddable":true,"href":"https:\/\/drolshammer.net\/german\/wp-json\/wp\/v2\/comments?post=12"}],"version-history":[{"count":21,"href":"https:\/\/drolshammer.net\/german\/wp-json\/wp\/v2\/pages\/12\/revisions"}],"predecessor-version":[{"id":2174,"href":"https:\/\/drolshammer.net\/german\/wp-json\/wp\/v2\/pages\/12\/revisions\/2174"}],"wp:attachment":[{"href":"https:\/\/drolshammer.net\/german\/wp-json\/wp\/v2\/media?parent=12"}],"curies":[{"name":"wp","href":"https:\/\/api.w.org\/{rel}","templated":true}]}}