{"id":1749,"date":"2018-11-27T20:59:36","date_gmt":"2018-11-27T20:59:36","guid":{"rendered":"http:\/\/drolshammer.net\/german\/?page_id=1749"},"modified":"2023-06-05T13:22:20","modified_gmt":"2023-06-05T11:22:20","slug":"einfuhrung-in-die-publikationen","status":"publish","type":"page","link":"https:\/\/drolshammer.net\/german\/publikationen\/einfuhrung-in-die-publikationen\/","title":{"rendered":"Einf\u00fchrung in die Publikationen"},"content":{"rendered":"<section class=\"wpb-content-wrapper\">[vc_section css=&#8220;.vc_custom_1685964119606{margin-bottom: 20px !important;}&#8220;][vc_row 0=&#8220;&#8220;][vc_column 0=&#8220;&#8220;][vc_column_text 0=&#8220;&#8220;]Als Teil des Zeitmangels und der zunehmenden Erkenntnis in meiner Lebensphilosophie, die in der einschl\u00e4gigen Literatur warnend als Sterblichkeit bezeichnet wird, habe ich meine Schreibpl\u00e4ne an diese Gegebenheiten angepasst. Nachdem ich mich in meiner dritten Karriere zun\u00e4chst auf den Aufbau einer kleinen Beratungsfirma, das Lehren und den Genuss neuer Freiheiten konzentriert habe, gewinnt das Schreiben wieder eine neue Bedeutung.<\/p>\n<p>Auf diese Weise hatte ich in meinen sieben Arbeitsaufenthalten als Gastprofessor an der Harvard Law School die Aufsatzsammlung A Timely Turn to the Lawyer geschrieben. Globalisierung und Angloamerikanisierung von Anwalts- und Rechtsberufen &#8211; Essays &#8211; 2008 abgeschlossen.[\/vc_column_text][vc_column_text]Das Buch besteht aus folgenden Kapiteln:<\/p>\n<ol start=\"A\" type=\"A\">\n<li>Das angels\u00e4chsische Umfeld des International Lawyers\n<ol start=\"1\" type=\"1\">\n<li>Neue Herausforderungen f\u00fcr die Rechtswissenschaft und f\u00fcr die Rechtspraxis in Zusammenhang mit der zunehmenden Vernetzung der Weltwirtschaft<\/li>\n<li>Die Rolle der Tendenz einer Amerikanisierung der Rechtsordnung, Rechtsberufe und Rechtsausbildung im Bereich der International Practice of Law<\/li>\n<li>Die neuen Anforderungen an den International Lawyer und dessen Ausbildung heute \u2013 aus internationaler und schweizerischer Perspektive<\/li>\n<li>\u00abFrom the Horse\u2019s Mouth\u00bb \u2013 Rechtsberufe am Wind der Amerikanisierung: Betroffenheit und Umgang mit der amerikanischen Rechtskultur durch Leiter von Rechtsabteilungen schweizerischer multinationaler Unternehmen, durch international t\u00e4tige Rechtsanw\u00e4lte, Verwaltungs- und Regulierungsbeh\u00f6rden sowie durch Gerichte in der Schweiz und in Europa, 2007\/2008<\/li>\n<\/ol>\n<\/li>\n<li>Die Internationalisierung der Rechtsausbildung und Forschung des International Lawyers im Wandel\n<ol start=\"5\" type=\"1\">\n<li>Der Anwalt als Hochschullehrer<\/li>\n<li>Ein didaktisches Experiment an der Universit\u00e4t St. Gallen und ein Pl\u00e4doyer f\u00fcr eine transaktionale Lehrmethode<\/li>\n<li>Die Methodik f\u00fcr eine Neuausrichtung der Ausbildung zum International Lawyer: Leitlinien und Thesen f\u00fcr einen Approach<\/li>\n<li>Thesen zur Festlegung der Ausbildungsziele und Ausbildungsmethoden bei einer Neuausrichtung der Rechtsausbildung des \u00abNew International Lawyers\u00bb<\/li>\n<li>Verlangt die Globalisierung eine Neuausrichtung der Forschung? Beispiele von Forschungsfeldern im Bereich Recht und Management aus Sicht eines International Lawyers<\/li>\n<li>Die Internationalisierung der Rechtsausbildung und Forschung zum International Lawyer und International Manager \u2013 von knowledge to activity: eine \u00abK\u00fcr\u00bb f\u00fcr wenige oder eine \u00abPflicht\u00bb f\u00fcr immer mehr?<\/li>\n<\/ol>\n<\/li>\n<li>International Lawyers als Professionals und international lawfirms als professional Service Firms in a networked society\n<ol start=\"11\" type=\"1\">\n<li>Einleitung: Auf dem Weg zu einer globalisierten Rechtspraxis ?!<\/li>\n<li>Management der internationalen Anwaltskanzlei: \u00c4rgernis oder Notwendigkeit?<\/li>\n<li>Die zuk\u00fcnftige Rechtsstruktur internationaler Anwaltskanzleien &#8211; sind die Erfahrungen der Big Five in Strukturierungs-, Wirtschaftspr\u00fcfungs- und Beratungsorganisationen relevant?<\/li>\n<li>\u00abDie Situationalit\u00e4t des vernetzten Anwalts\u00bb \u2013 zu Wandel und Wandeltauglichkeit in der International Practice of Law<\/li>\n<li>Ein College internationaler Anw\u00e4lte in einer vernetzten Gesellschaft? Die Notwendigkeit der Konzeptualisierung des \u00abNew International Lawyer\u00bb aus globaler Perspektive<\/li>\n<\/ol>\n<\/li>\n<\/ol>\n<p>Derzeit \u00fcberlege ich mir, ein Buch zu schreiben, das auf dem letzten konzeptuellen und methodologischen Aufsatz in englischer Sprache basiert. Ich arbeite auch mit Professoren des Legal Culture Club in einem Langzeitprojekt einer Anthologie der Schweizer Rechtskultur auf Englisch zusammen.[\/vc_column_text][vc_column_text]2005 habe ich folgende Texte geschrieben:\u00a0<a href=\"https:\/\/drolshammer.net\/german\/wp-content\/uploads\/2018\/05\/Festschrift_StGallen.pdf\">\u201cRecht, Rechtsberufe und Rechtsreputation als Faktoren der internationalen Wettbewerbsf\u00e4higkeit der Schweiz, das \u201cLegal Black Hole\u201d der zugrunde liegenden Rechtskonzeption\u201d<\/a> (\u201cLaw, legal professions and legal reputation as factors in Switzerland\u2019s international competitiveness, the legal black hole of the underlying concept of law\u201d) in the Festschrift \u201c25 Jahre juristische Abschl\u00fcsse an der Universit\u00e4t St. Gallen (HSG), Rechtliche Rahmenbedingungen des Wirtschaftsstandortes Schweiz\u201d (\u201c25 years of legal graduation at the University of St Gallen (HSG), Legal framework conditions of Switzerland as economic centre\u201d),\u00a0<a href=\"https:\/\/drolshammer.net\/german\/wp-content\/uploads\/2018\/05\/Festschrift_Santer.pdf\">\u201cRisk and Response, zur Notwendigkeit eines strategischen Umgangs und Catastrophic Risks in Grenzbereichen technologischer und wissenschaftlicher Entwicklungen\u201d<\/a>\u00a0(\u201cRisk and Response: on the need for a strategic approach to catastrophic risks at the margins of technological and scientific developments\u201d)\u00a0in der Festschrift f\u00fcr \/ Hommage \u00e0 Jacques Santer und zusammen mit Nedim Peter Vogt <a href=\"https:\/\/drolshammer.net\/german\/wp-content\/uploads\/2018\/05\/LeGes-1.pdf\">\u201cEnglish as the Language of Law\u201d<\/a> and the 2005 \u201cSwiss Law Bibliography\u201d, in LeGes- Gesetzgebung und Evaluation.<\/p>\n<p>Nachdem keine weiteren Fortschritte in der Entwicklung des Roten Lernens als Mittel zur Abwertung des Wissens gemacht wurden, bleibt abzuwarten, wie, in welcher Reihenfolge in welchen zeitlichen Abst\u00e4nden diese Textserie geschrieben werden wird.<\/p>\n<p>Nach seiner Pensionierung im Jahr 2009 lag der Schwerpunkt neben seiner Beratungst\u00e4tigkeit auf der Gr\u00fcndung des Projekts &#8222;Anthology Swiss legal culture&#8220; und des Projekts &#8222;Oral History&#8220; zur &#8222;Internationalisierung der schweizerischen Rechtskultur nach 1945&#8243;.[\/vc_column_text][vc_column_text 0=&#8220;&#8220;]\n<h2><span class=\"hd\">Mein Credo schreiben<\/span><\/h2>\n<p>Alle diese Ver\u00f6ffentlichungen werden sich wiederum \u00fcberwiegend auf Themen beziehen, die zwar rechtspraxisrelevant sind, jedoch aus zeitlichen Gr\u00fcnden nicht von Rechtsanw\u00e4lten in der Praxis behandelt werden und die auf universit\u00e4rer Ebene nicht als akademische F\u00e4cher gelten, da sie f\u00fcr sie relevant sind die Praxis des Gesetzes. Was wir tun m\u00fcssen, ist, ein breites Feld der kritischen Betrachtung des \u201eInternational Legal Process\u201c mit einer Reihe von Einzelbeitr\u00e4gen Schritt f\u00fcr Schritt und in verschiedenen wissenschaftlichen und journalistischen Publikationen zu erschlie\u00dfen.<\/p>\n<p>Vor diesem Hintergrund werde ich mich nicht an die traditionelle Nomenklatur und Klassifizierung von Publikationen halten, die in einem akademischen Kontext verwendet werden, und nicht auf das, was die Akademie als geeignete Qualifikationen f\u00fcr die Produktion sogenannter akademischer Arbeit ansehen w\u00fcrde. Sp\u00e4ter wird es auch wichtig sein, journalistische Publikationen, insbesondere periodisch erscheinende, sowie die f\u00fchrenden Tageszeitungen sowie andere Arten journalistischer Publikationen in eine differenzierte und nicht allzu vereinfachte Darstellung rechtlicher Fragen mit einem wirtschaftlichen Gesichtspunkt einzubeziehen Referenz und unter besonderer Ber\u00fccksichtigung der transatlantischen Perspektive.<\/p>\n<p>Ich freue mich daher auf ein gewisses Ma\u00df an journalistischer Kolumnen- und Aufsatzarbeit in der Zukunft, zun\u00e4chst (falls die richtigen Umst\u00e4nde eintreten) in der Neuen Z\u00fcrcher Zeitung; andere Medien k\u00f6nnen folgen. Ebenso wichtig ist es, dass die Bedeutung von Recht und Anw\u00e4lten in der globalisierten Wirtschaft auch in den Medien beschrieben wird, die die Agenda f\u00fcr intellektuelle Fragen in dieser mediengetriebenen und &#8222;virtualisierten&#8220; Realit\u00e4t festlegen.<\/p>\n<p>Es w\u00e4re anma\u00dfend, sich auf die parf\u00fcmierte Hand der Wissenschaft zu beschr\u00e4nken, wenn der \u201eKampf um Gerechtigkeit\u201c in anderen auf Wissen und Kommunikation basierenden Kontexten gef\u00fchrt wird.<\/p>\n<p>Beim Nachdenken hat sich jedoch herausgestellt, dass im Gegensatz zu dem Versuch, durch Ver\u00f6ffentlichung in der \u00d6ffentlichkeit zu stehen, die Off-Record-Aufzeichnung privat w\u00e4hrend der Begegnungen in &#8222;The Salon&#8220; &#8211; oft \u00fcber das gleiche Thema &#8211; erfolgt f\u00fcr den Moment die wichtigere Rolle in Bezug auf die Gestaltung meines Lebens. Verba volant &#8211; Skriptmanent?[\/vc_column_text][\/vc_column][\/vc_row][\/vc_section]\n<\/section>","protected":false},"excerpt":{"rendered":"<p>[vc_section css=&#8220;.vc_custom_1685964119606{margin-bottom: 20px !important;}&#8220;][vc_row 0=&#8220;&#8220;][vc_column 0=&#8220;&#8220;][vc_column_text 0=&#8220;&#8220;]Als Teil des Zeitmangels und der zunehmenden Erkenntnis in meiner Lebensphilosophie, die in der einschl\u00e4gigen Literatur warnend als Sterblichkeit bezeichnet wird, habe ich meine Schreibpl\u00e4ne an diese Gegebenheiten angepasst. Nachdem ich mich in meiner dritten Karriere zun\u00e4chst auf den Aufbau einer kleinen Beratungsfirma, das Lehren und den Genuss neuer&hellip;<\/p>\n","protected":false},"author":2,"featured_media":0,"parent":1737,"menu_order":0,"comment_status":"closed","ping_status":"closed","template":"","meta":[],"acf":[],"_links":{"self":[{"href":"https:\/\/drolshammer.net\/german\/wp-json\/wp\/v2\/pages\/1749"}],"collection":[{"href":"https:\/\/drolshammer.net\/german\/wp-json\/wp\/v2\/pages"}],"about":[{"href":"https:\/\/drolshammer.net\/german\/wp-json\/wp\/v2\/types\/page"}],"author":[{"embeddable":true,"href":"https:\/\/drolshammer.net\/german\/wp-json\/wp\/v2\/users\/2"}],"replies":[{"embeddable":true,"href":"https:\/\/drolshammer.net\/german\/wp-json\/wp\/v2\/comments?post=1749"}],"version-history":[{"count":10,"href":"https:\/\/drolshammer.net\/german\/wp-json\/wp\/v2\/pages\/1749\/revisions"}],"predecessor-version":[{"id":2132,"href":"https:\/\/drolshammer.net\/german\/wp-json\/wp\/v2\/pages\/1749\/revisions\/2132"}],"up":[{"embeddable":true,"href":"https:\/\/drolshammer.net\/german\/wp-json\/wp\/v2\/pages\/1737"}],"wp:attachment":[{"href":"https:\/\/drolshammer.net\/german\/wp-json\/wp\/v2\/media?parent=1749"}],"curies":[{"name":"wp","href":"https:\/\/api.w.org\/{rel}","templated":true}]}}