{"id":18,"date":"2018-04-28T04:05:24","date_gmt":"2018-04-28T04:05:24","guid":{"rendered":"http:\/\/new.drolshammer.net\/german\/?page_id=18"},"modified":"2018-11-26T20:05:17","modified_gmt":"2018-11-26T20:05:17","slug":"publications-old1","status":"publish","type":"page","link":"https:\/\/drolshammer.net\/german\/publications-old1\/","title":{"rendered":"Publikationen-old1"},"content":{"rendered":"<section class=\"wpb-content-wrapper\">[vc_section css=&#8220;.vc_custom_1525148474410{margin-bottom: 20px !important;background-color: #c9c9a5 !important;}&#8220;][vc_row 0=&#8220;&#8220;][vc_column 0=&#8220;&#8220;][vc_column_text 0=&#8220;&#8220;]\n<h2>Publizistische T\u00e4tigkeit<\/h2>\n<p><a href=\"https:\/\/drolshammer.net\/german\/publications-2\/\"><span class=\"sub\">[ Publikationen ]<\/span><\/a><\/p>\n<p>Im Rahmen der Knappheit der Zeit und der lebensphilosophischen zunehmenden Realisierung dessen, was in entsprechenden B\u00fcchern mahnend mit Endlichkeit bezeichnet wird, habe ich meine Schreibpl\u00e4ne diesen Wirklichkeiten angepasst. Nach anf\u00e4nglicher Fokussierung in der dritten Karriere auf den Aufbau einer kleinen Beratungsfirma, auf das Lehren und das Geniessen neuer Freiheiten, wird schreiben wieder wichtiger.<\/p>\n<p>In diesem Sinne habe ich die in sieben Arbeitsaufenthalten als Visiting Resarch Professor an der Harvard Law School entstanden Essaysammlung A Timely Turn to the Lawyer? Globalisierung und die Anglo-Amerikanisierung von Recht und Rechtsberufen &#8211; Essays \u2013 im Jahre 2008 abgeschlossen.<\/p>\n<p>Die Inhalts\u00fcbersicht lautet:<\/p>\n<ol start=\"A\" type=\"A\">\n<li>Das angels\u00e4chsische Umfeld des International Lawyers\n<ol start=\"1\" type=\"1\">\n<li>Neue Herausforderungen f\u00fcr die Rechtswissenschaft und f\u00fcr die Rechtspraxis in Zusammenhang mit der zunehmenden Vernetzung der Weltwirtschaft<\/li>\n<li>Die Rolle der Tendenz einer Amerikanisierung der Rechtsordnung, Rechtsberufe und Rechtsausbildung im Bereich der International Practice of Law<\/li>\n<li>Die neuen Anforderungen an den International Lawyer und dessen Ausbildung heute \u2013 aus internationaler und schweizerischer Perspektive<\/li>\n<li>\u00abFrom the Horse&#8217;s Mouth\u00bb \u2013 Rechtsberufe am Wind der Amerikanisierung: Betroffenheit und Umgang mit der amerikanischen Rechtskultur durch Leiter von Rechtsabteilungen schweizerischer multinationaler Unternehmen, durch international t\u00e4tige Rechtsanw\u00e4lte, Verwaltungs- und Regulierungsbeh\u00f6rden sowie durch Gerichte in der Schweiz und in Europa, 2007\/2008<\/li>\n<\/ol>\n<\/li>\n<li>Die Internationalisierung der Rechtsausbildung und Forschung des International Lawyers im Wandel\n<ol start=\"5\" type=\"1\">\n<li>Der Anwalt als Hochschullehrer<\/li>\n<li>Ein didaktisches Experiment an der Universit\u00e4t St. Gallen und ein Pl\u00e4doyer f\u00fcr eine transaktionale Lehrmethode<\/li>\n<li>Die Methodik f\u00fcr eine Neuausrichtung der Ausbildung zum International Lawyer: Leitlinien und Thesen f\u00fcr einen Approach<\/li>\n<li>Thesen zur Festlegung der Ausbildungsziele und Ausbildungsmethoden bei einer Neuausrichtung der Rechtsausbildung des \u00abNew International Lawyers\u00bb<\/li>\n<li>Verlangt die Globalisierung eine Neuausrichtung der Forschung? Beispiele von Forschungsfeldern im Bereich Recht und Management aus Sicht eines International Lawyers<\/li>\n<li>Die Internationalisierung der Rechtsausbildung und Forschung zum International Lawyer und International Manager \u2013 von knowledge to activity: eine \u00abK\u00fcr\u00bb f\u00fcr wenige oder eine \u00abPflicht\u00bb f\u00fcr immer mehr?<\/li>\n<\/ol>\n<\/li>\n<li>International Lawyers als Professionals und international lawfirms als professional Service Firms in a networked society\n<ol start=\"11\" type=\"1\">\n<li>Introduction: On the Way to a Globalized Practice of Law?!<\/li>\n<li>Managing the International Law Firm: Nuisance or Necessity?<\/li>\n<li>The Future Legal Structure of International Law Firms \u2013 is the Experience of the Big Five in Structuring, Auditing and Consulting Organizations Relevant?<\/li>\n<li>\u00abDie Situationalit\u00e4t des vernetzten Anwalts\u00bb \u2013 zu Wandel und Wandeltauglichkeit in der International Practice of Law<\/li>\n<li>A College of International Lawyers in a Networked Society? The Need for Conceptualization of the \u00abNew International Lawyer\u00bb from a Global Perspective<\/li>\n<\/ol>\n<\/li>\n<\/ol>\n<p>Gegenw\u00e4rtig \u00fcberlege ich mir, ob ich \u00fcber den letzten konzeptionellen und methodologischen Essay ein Buch in englischer Sprache schreiben soll. Im \u00fcbrigen arbeite ich mit Professorenkollegen aus dem Legal Culture Club an einem langfristigen Projekt f\u00fcr eine Anthology of Swiss Legal Culture in English.<\/p>\n<p>Ich hatte im Jahre 2005 die Texte &#8222;<a href=\"https:\/\/drolshammer.net\/german\/wp-content\/uploads\/2018\/05\/Festschrift_StGallen.pdf\" target=\"_blank\" rel=\"noopener\">Recht, Rechtsberufe und Rechtsreputation als Faktoren der internationalen Wettbewerbsf\u00e4higkeit der Schweiz, das &#8222;Legal Black Hole&#8220; der zugrunde liegenden Rechtskonzeption<\/a>&#8220; in der Festschrift &#8222;25 Jahre juristische Abschl\u00fcsse an der Universit\u00e4t St. Gallen (HSG), Rechtliche Rahmenbedingungen des Wirtschaftsstandortes Schweiz&#8220;, &#8222;Risk and Response, zur Notwendigkeit eines strategischen Umgangs und Catastrophic Risks in Grenzbereichen technologischer und wissenschaftlicher Entwicklungen&#8220; in der Festschrift f\u00fcr \/ Hommage \u00e0 Jacques Santer und mit Nedim Peter Vogt &#8222;English as the Language of Law&#8220; and the 2005 &#8222;Swiss Law Bibliography&#8220;, in LeGes- Gesetzgebung und Evaluation, geschrieben.<\/p>\n<p>In Anbetracht des Stillstandes der technologischen Entwicklung in der Wissensabneigung nach der Erfindung des &#8222;N\u00fcrnberger Trichters&#8220; wird sich weisen, wie , in welcher Reihenfolge und in welchen Zeitabst\u00e4nden diese Textfolge geschrieben wird.<\/p>\n<p>Nach der Emeritierung im Jahre 2009 standen neben der Beratungst\u00e4tigkeit die Gr\u00fcndung des Projektes der Anthology of Swiss Legal Culture und das Oral History Projekt \u00fcber die Internationalisierung der schweizerischen Rechtskultur nach 1945 im Vordergrund<\/p>\n<p><strong>Mein publizistisches Credo<\/strong><\/p>\n<p>Alle diese Publikationen werden sich wiederum mehrheitlich mit Themen auseinandersetzen, die trotz Praxisrelevanz aus Mangel an Zeit durch Praktiker nicht behandelt und wegen Praxisrelevanz an Hochschulen in der Regel als nicht akademisch qualifiziert werden. Es gilt ein weites Feld des kritischen Umganges mit dem &#8222;International Legal Process&#8220; mit einzelnen Beitr\u00e4gen, Schritt f\u00fcr Schritt und in verschiedenen wissenschaftlichen und publizistischen Texttypen, weiter zu erschliessen. In diesem Sinne werde ich mich im wissenschaftlichen Bereich nicht an die traditionelle Nomenklatur und Klassifikation von Publikationen und kaum an die Qualifikationslimiten f\u00fcr von Academia als so genannt wissenschaftliches halten. Es gilt zudem sp\u00e4ter, die publizistischen Medien, insbesondere periodisch erscheinende Zeitschriften und f\u00fchrende Tageszeitungen und verschiedene journalistische Texttypen in die sophistizierte und nicht boulevardisierte Darstellung von rechtlichen Fragen mit einem Wirtschaftsbezug unter besonderer Ber\u00fccksichtigung der transatlantischen Perspektive einzubeziehen. Ich freue mich deshalb auf eine sp\u00e4tere teilweise journalistische, kolumnistische und essayistische Schreibt\u00e4tigkeit, f\u00fcrs Erste einmal bei guten Anl\u00e4ssen in der Neuen Z\u00fcrcher Zeitung, weitere Medien m\u00f6gen hinzukommen. Es geht vor allem auch darum, dass die Bedeutung von Recht und Juristen in der globalisierten Wirtschaft in denjenigen Medien zur Darstellung kommen, die eine Art geistige Luftherrschaft \u00fcber diese mediatisierte und virtualisierte &#8222;Wirklichkeit&#8220; aus\u00fcben.<\/p>\n<p>Es ist falsch vornehm, sich in diesem wissens- und kommunikationsbezogenen &#8222;Kampf ums Recht&#8220; hier den Pelz nicht nass zu machen.<\/p>\n<p>Bei Lichte betrachtet hat sich aber gezeigt, dass entgegen dem \u00f6ffentlichkeit anstrebenden Publizieren, das sich im Privaten off the record vollziehenden Sprechen in den Begegnungen im &#8222;<a href=\"https:\/\/drolshammer.net\/german\/?page_id=10\">The Salon<\/a>&#8220; &#8211; zuweilen \u00fcber die gleichen Themen &#8211; als in der pers\u00f6nlichen Lebensgestaltung f\u00fcrs erste und vorl\u00e4ufig als wichtiger erwiesen hat. Verba volant &#8211; scripta manent?[\/vc_column_text][\/vc_column][\/vc_row][\/vc_section]\n<\/section>","protected":false},"excerpt":{"rendered":"<p>[vc_section css=&#8220;.vc_custom_1525148474410{margin-bottom: 20px !important;background-color: #c9c9a5 !important;}&#8220;][vc_row 0=&#8220;&#8220;][vc_column 0=&#8220;&#8220;][vc_column_text 0=&#8220;&#8220;] Publizistische T\u00e4tigkeit [ Publikationen ] Im Rahmen der Knappheit der Zeit und der lebensphilosophischen zunehmenden Realisierung dessen, was in entsprechenden B\u00fcchern mahnend mit Endlichkeit bezeichnet wird, habe ich meine Schreibpl\u00e4ne diesen Wirklichkeiten angepasst. Nach anf\u00e4nglicher Fokussierung in der dritten Karriere auf den Aufbau einer kleinen Beratungsfirma,&hellip;<\/p>\n","protected":false},"author":2,"featured_media":0,"parent":0,"menu_order":0,"comment_status":"closed","ping_status":"closed","template":"","meta":[],"acf":[],"_links":{"self":[{"href":"https:\/\/drolshammer.net\/german\/wp-json\/wp\/v2\/pages\/18"}],"collection":[{"href":"https:\/\/drolshammer.net\/german\/wp-json\/wp\/v2\/pages"}],"about":[{"href":"https:\/\/drolshammer.net\/german\/wp-json\/wp\/v2\/types\/page"}],"author":[{"embeddable":true,"href":"https:\/\/drolshammer.net\/german\/wp-json\/wp\/v2\/users\/2"}],"replies":[{"embeddable":true,"href":"https:\/\/drolshammer.net\/german\/wp-json\/wp\/v2\/comments?post=18"}],"version-history":[{"count":15,"href":"https:\/\/drolshammer.net\/german\/wp-json\/wp\/v2\/pages\/18\/revisions"}],"predecessor-version":[{"id":1735,"href":"https:\/\/drolshammer.net\/german\/wp-json\/wp\/v2\/pages\/18\/revisions\/1735"}],"wp:attachment":[{"href":"https:\/\/drolshammer.net\/german\/wp-json\/wp\/v2\/media?parent=18"}],"curies":[{"name":"wp","href":"https:\/\/api.w.org\/{rel}","templated":true}]}}