{"id":20,"date":"2018-04-28T04:05:49","date_gmt":"2018-04-28T04:05:49","guid":{"rendered":"http:\/\/new.drolshammer.net\/german\/?page_id=20"},"modified":"2018-12-06T05:08:20","modified_gmt":"2018-12-06T05:08:20","slug":"universitaten","status":"publish","type":"page","link":"https:\/\/drolshammer.net\/german\/universitaten\/","title":{"rendered":"Universit\u00e4ten"},"content":{"rendered":"<section class=\"wpb-content-wrapper\">[vc_section css=&#8220;.vc_custom_1525148436062{margin-bottom: 20px !important;background-color: #c9c9a5 !important;}&#8220;][vc_row 0=&#8220;&#8220;][vc_column 0=&#8220;&#8220;][vc_column_text 0=&#8220;&#8220;]\n<h1 style=\"text-align: center;\"><span class=\"hd\">Universit\u00e4ten<\/span><\/h1>\n<hr \/>\n<p><a href=\"https:\/\/drolshammer.net\/german\/?page_id=362\"><span class=\"sub\">[ Adressen ]<\/span><\/a><\/p>\n<p><span class=\"lead\">Nach der Emeritierung 2009 stehen die Arbeiten am Projekt der Anthology of Swiss Legal Culture und ein Oral History Projekt \u00fcber die Internationalisierung der Schweizerischen Rechtskultur im Vordergrund. Im Vordergrund der Arbeit an akademischen Institutionen auf beiden Seiten des Ozeans stehen in erster Priorit\u00e4t die\u00a0<a href=\"https:\/\/drolshammer.net\/german\/academic\/\">Themen<\/a>\u00a0&#8222;The Global Lawyer&#8220;, in zweiter Priorit\u00e4t &#8222;Law and Innovation&#8220;und &#8222;The Role of the Corporate Sector in International Governance&#8220;, und in dritter Priorit\u00e4t mit einer l\u00e4ngeren Perspekive &#8222;Konzept und Konturen eines schweizerisch-amerikanischen Kulturaustausches&#8220;<\/span><\/p>\n<p>Im Sinne einer &#8222;K\u00fcr&#8220; habe ich den Mittelpunkt meiner akademischen T\u00e4tigkeiten im Bereich der Forschung im Sinne von &#8222;research&#8220; in die angels\u00e4chsische Welt, f\u00fcrs Erste nach Cambridge, am Sitz der Graduate Schools der Harvard University und des MIT, verlegen. Die Grundlage daf\u00fcr war eine\u00a0<a href=\"https:\/\/drolshammer.net\/german\/01-2\/\">Einladung<\/a>\u00a0als Visiting Scholar und Fellow an der Harvard Law School im Springterm 1999. Dieser kreative und intensive Arbeitsaufenthalt \u00f6ffnete mir sp\u00e4t in meinem vorwiegend in spanische Stiefel eingeschn\u00fcrten professionellen Leben in einer gr\u00f6sseren Wirtschaftskanzlei die Augen und die Sinne f\u00fcr mir entsprechendes Neues und Anderes wieder. Dies f\u00fchrte gem\u00e4ss Absicht zu einer Art aktueller und virtueller Teilemigration in akademischen Belangen, vorwiegend im Bereich von &#8222;Research&#8220;, die ich themenspezifisch und projektbezogen gestalte.<\/p>\n<p>Die Infrastruktur-, Kontakt-, Zusammenarbeits- und im weiteren Sinne Wirkungsm\u00f6glichkeiten an diesen &#8211; und anderen amerikanischen &#8211; akademischen Institutionen sind verlockend. Die Vielseitigkeit, Vernetztheit, Ambitioniertheit und Realit\u00e4tsbezogenheit, aber auch die kulturelle, spirituelle und geistige Offenheit dieser Institutionen kommen mir in dieser Lebensphase entgegen, auch wenn sich diese in einer introvertierten Phase auch der akademischen Welt der Vereinigten Staaten vollziehen.<\/p>\n<p>Ich habe das Gl\u00fcck regelm\u00e4ssig als Visiting Researcher und als Senior Fellow des\u00a0<a href=\"https:\/\/drolshammer.net\/german\/address\/\">European Center for Law Research<\/a>\u00a0bei Professor David Kennedy an der Law School im Umfeld von befreundeten Lehrern und Forschern wie Detlev Vagts, Mary Ann Glenden, William Alford, Arthur Miller, Reinier Kraakman, Peter Murray und Harry S. Martin III zu arbeiten und am Leben dieser Institution aktiv teilzunehmen. An der\u00a0<a href=\"https:\/\/drolshammer.net\/german\/address\/\">Kennedy School for Government,<\/a>\u00a0die mich wegen der durchgehenden Policy-Ansatzes und deren weitgef\u00e4cherten Umgang mit dem Ph\u00e4nomen der Globalisierung interessiert, arbeite ich verbunden mit dem Center for Business and Government unter der Leitung von Professor John Ruggie im Umfeld des ehemaligen Academic Deans Fred Schauer, Louis Branscomb und Viktor Mayer-Sch\u00f6nberger. Von besonderem Interesse sind f\u00fcr mich Fragen der Emanzipation und der Integration des Corporate Sectors in die Theorie der International Governance von Joseph Nye, Jr., dem fr\u00fcheren Dean der Kennedy School for Government<\/p>\n<p>Neben den Graduate Schools der Harvard University kommen in weiteren Jahren Aufenthalte an weiteren Universit\u00e4ten hinzu, etwa meine amerikanische Alma Mater, die Law School der University of Michigan und das Global Law Program der New York University Law School, an denen mich langj\u00e4hrige berufliche und pers\u00f6nliche Beziehungen mit Professoren verbindet und an die ich ebenfalls als Fellow eingeladen bin. Dies h\u00e4ngt allerdings alles von meiner Priorit\u00e4t geniessenden famili\u00e4ren Situation mit kleinen Kindern ab.<\/p>\n<p>Auch in der Schweiz werde ich &#8211; wiederum themen- und issuebezogen &#8211; mit speziellen akademischen Institutionen zusammenarbeiten. Ich habe \u00fcber Professor G\u00fcnter Mueller-Stewens den freundschaftlichen und professionellen Zugang als Senior Fellow am Institute for Management an der\u00a0<a href=\"https:\/\/drolshammer.net\/german\/address\/\">Universit\u00e4t St. Gallen\u00a0<\/a>habe. Dort interessiert mich das Denken \u00fcber die Theorie des Unternehmens. An der ETH Z\u00fcrich habe ich die M\u00f6glichkeit am Lehrstuhl f\u00fcr Sicherheitspolitik von Professor Andreas Wenger am\u00a0<a href=\"https:\/\/drolshammer.net\/german\/address\/\">Center for International Studies\u00a0<\/a>auf der Grundlage meiner Ideengebung und Mitwirkung am Buch von Andreas Wenger und Daniel M\u00f6ckli &#8222;Conflict Prevention, the Untapped Potential of the Business Sector&#8220; mitzuarbeiten. Im Vordergrund stehen Fragen der internationalen Beziehungen und der Sicherheitspolitik.<\/p>\n<p>Bei Prof. Thomas Cottier am World Trade Institute an der<a href=\"https:\/\/drolshammer.net\/german\/address\/\">Universit\u00e4t Bern\u00a0<\/a>stehen Fragen des Wirtschaftsv\u00f6lkerrechts im Vordergrund. In diesem Sinne geh\u00f6ren diese Institutionen zu einem massgeschneiderten Netz, was mir Heimat in den Arbeiten vermitteln mag.Mit den Institutsleitern bin ich seit langem befreundet.<\/p>\n<p>Time will tell[\/vc_column_text][\/vc_column][\/vc_row][\/vc_section]\n<\/section>","protected":false},"excerpt":{"rendered":"<p>[vc_section css=&#8220;.vc_custom_1525148436062{margin-bottom: 20px !important;background-color: #c9c9a5 !important;}&#8220;][vc_row 0=&#8220;&#8220;][vc_column 0=&#8220;&#8220;][vc_column_text 0=&#8220;&#8220;] Universit\u00e4ten [ Adressen ] Nach der Emeritierung 2009 stehen die Arbeiten am Projekt der Anthology of Swiss Legal Culture und ein Oral History Projekt \u00fcber die Internationalisierung der Schweizerischen Rechtskultur im Vordergrund. Im Vordergrund der Arbeit an akademischen Institutionen auf beiden Seiten des Ozeans stehen in&hellip;<\/p>\n","protected":false},"author":2,"featured_media":0,"parent":0,"menu_order":0,"comment_status":"closed","ping_status":"closed","template":"","meta":[],"acf":[],"_links":{"self":[{"href":"https:\/\/drolshammer.net\/german\/wp-json\/wp\/v2\/pages\/20"}],"collection":[{"href":"https:\/\/drolshammer.net\/german\/wp-json\/wp\/v2\/pages"}],"about":[{"href":"https:\/\/drolshammer.net\/german\/wp-json\/wp\/v2\/types\/page"}],"author":[{"embeddable":true,"href":"https:\/\/drolshammer.net\/german\/wp-json\/wp\/v2\/users\/2"}],"replies":[{"embeddable":true,"href":"https:\/\/drolshammer.net\/german\/wp-json\/wp\/v2\/comments?post=20"}],"version-history":[{"count":16,"href":"https:\/\/drolshammer.net\/german\/wp-json\/wp\/v2\/pages\/20\/revisions"}],"predecessor-version":[{"id":1831,"href":"https:\/\/drolshammer.net\/german\/wp-json\/wp\/v2\/pages\/20\/revisions\/1831"}],"wp:attachment":[{"href":"https:\/\/drolshammer.net\/german\/wp-json\/wp\/v2\/media?parent=20"}],"curies":[{"name":"wp","href":"https:\/\/api.w.org\/{rel}","templated":true}]}}