{"id":24,"date":"2018-04-28T04:06:23","date_gmt":"2018-04-28T04:06:23","guid":{"rendered":"http:\/\/new.drolshammer.net\/german\/?page_id=24"},"modified":"2023-06-05T15:11:51","modified_gmt":"2023-06-05T13:11:51","slug":"courses","status":"publish","type":"page","link":"https:\/\/drolshammer.net\/german\/courses\/","title":{"rendered":"Courses"},"content":{"rendered":"<section class=\"wpb-content-wrapper\">[vc_section css=&#8220;.vc_custom_1685970709162{margin-bottom: 20px !important;}&#8220;][vc_row][vc_column][vc_column_text]\n<h1 style=\"text-align: center;\"><span class=\"hd\">Lehrveranstaltungen<\/span><\/h1>\n<hr \/>\n<p><span class=\"sub\"><a href=\"https:\/\/drolshammer.net\/german\/?page_id=390\">[ FS 2008 ] <\/a>\u00a0 [ <a class=\"sub\" href=\"https:\/\/drolshammer.net\/german\/?page_id=393\">SS 2007<\/a> ] \u00a0 [ <a class=\"sub\" href=\"https:\/\/drolshammer.net\/german\/?page_id=396\">WS 2006\/07<\/a> ]\n[ <a class=\"sub\" href=\"https:\/\/drolshammer.net\/german\/?page_id=398\">SS 2006<\/a> ] \u00a0 [ <a class=\"sub\" href=\"https:\/\/drolshammer.net\/german\/?page_id=400\">WS 2005\/06<\/a> ] \u00a0 [ <a class=\"sub\" href=\"https:\/\/drolshammer.net\/german\/?page_id=402\">WS 2002\/03<\/a> ]\n[ <a class=\"sub\" href=\"https:\/\/drolshammer.net\/german\/?page_id=404\">SS 2002<\/a> ] \u00a0 [ <a class=\"sub\" href=\"https:\/\/drolshammer.net\/german\/?page_id=406\">WS 2001\/02<\/a> ] \u00a0 [ <a class=\"subact\" href=\"https:\/\/drolshammer.net\/german\/?page_id=408\">SS 2000<\/a> ]<\/span>[\/vc_column_text][vc_separator style=&#8220;shadow&#8220; css=&#8220;.vc_custom_1524933595572{padding-top: 15px !important;padding-bottom: 15px !important;}&#8220;][vc_column_text]\n<table style=\"height: 174px;\" border=\"0\" width=\"576\" cellspacing=\"2\" cellpadding=\"0\">\n<tbody>\n<tr>\n<td valign=\"top\" width=\"1%\"><img decoding=\"async\" loading=\"lazy\" src=\"http:\/\/drolshammer.net\/img\/ic_square.gif\" alt=\"\" width=\"13\" height=\"11\" border=\"0\" \/><\/td>\n<td valign=\"top\" width=\"90%\"><strong><span class=\"title\">Fr\u00fchlingssemester 2009<\/span><\/strong><br \/>\n<span class=\"txt\">A Timely Turn to the Lawyer? Globalization and the Anglo-Americanization of Law and Legal Professions &#8211; essays &#8211; basierend auf dem Ende 2008 erschienen Buch von Jens Drolshammer &#8222;A Timely Turn to the Lawyer? Globalisierung und die Anglo-Amerikanisierung von Recht und Rechtsberufen&#8220;<\/span><br \/>\n<a href=\"https:\/\/drolshammer.net\/german\/wp-content\/uploads\/2018\/05\/Drolshammer_Timelyturn.pdf\">Flyer A Timely Turn to the Lawyer (pdf; 2.47 Mb)<\/a><br \/>\n<a href=\"http:\/\/serviceportal2007.unisg.ch\/previews\/class.aspx?mc=8,754,1.00&amp;sm=&amp;orgurl=http:\/\/betaserviceportal.unisg.ch\/data\/courses\/ss09\/8,754,1.00.aspx\" target=\"_blank\" rel=\"noopener\">Webseite Universit\u00e4t St.Gallen &#8211; A Timely Turn to the Lawyer<\/a><\/td>\n<\/tr>\n<\/tbody>\n<\/table>\n[\/vc_column_text][vc_separator style=&#8220;shadow&#8220; css=&#8220;.vc_custom_1524933595572{padding-top: 15px !important;padding-bottom: 15px !important;}&#8220;][vc_column_text]\n<table border=\"0\" width=\"100%\" cellspacing=\"2\" cellpadding=\"0\">\n<tbody>\n<tr>\n<td valign=\"top\" width=\"1%\"><img decoding=\"async\" loading=\"lazy\" src=\"http:\/\/drolshammer.net\/img\/ic_square.gif\" alt=\"\" width=\"13\" height=\"11\" border=\"0\" \/><\/td>\n<td class=\"txt\" valign=\"top\" width=\"90%\"><strong><span class=\"title\">Fr\u00fchjahrssemester 2008<\/span><\/strong><br \/>\n<span class=\"txt\">\u00abThe Canon of American Legal Thought &#8211; Amerikanische Rechtskultur aus europ\u00e4ischer Perspektive\u00bb<\/span><br \/>\n<a href=\"https:\/\/drolshammer.net\/german\/?page_id=390\">Mehr<\/a><\/td>\n<\/tr>\n<\/tbody>\n<\/table>\n[\/vc_column_text][vc_separator style=&#8220;shadow&#8220; css=&#8220;.vc_custom_1524933595572{padding-top: 15px !important;padding-bottom: 15px !important;}&#8220;][vc_column_text]\n<table border=\"0\" width=\"100%\" cellspacing=\"2\" cellpadding=\"0\">\n<tbody>\n<tr>\n<td valign=\"top\" width=\"1%\"><img decoding=\"async\" loading=\"lazy\" src=\"http:\/\/drolshammer.net\/img\/ic_square.gif\" alt=\"\" width=\"13\" height=\"11\" border=\"0\" \/><\/td>\n<td class=\"txt\" valign=\"top\" width=\"90%\"><strong><span class=\"title\">Sommer Semester 2007<\/span><\/strong><br \/>\n<span class=\"txt\">\u00abAmerikanische Rechtskultur aus europ\u00e4ischer Sicht &#8211; Umgang mit der Rechtskultur der USA durch Leiter von Rechtsabteilungen multinationaler Unternehmen, durch international t\u00e4tige Rechtsanw\u00e4lte, durch schweizerische Verwaltungs- und Regulierungsbeh\u00f6rden sowie durch Gerichte in der Schweiz und in Europa\u00bb<\/span><br \/>\n<a href=\"https:\/\/drolshammer.net\/german\/?page_id=393\">Mehr<\/a><\/td>\n<\/tr>\n<\/tbody>\n<\/table>\n[\/vc_column_text][vc_separator style=&#8220;shadow&#8220; css=&#8220;.vc_custom_1524933595572{padding-top: 15px !important;padding-bottom: 15px !important;}&#8220;][vc_column_text]\n<table border=\"0\" width=\"100%\" cellspacing=\"2\" cellpadding=\"0\">\n<tbody>\n<tr>\n<td valign=\"top\" width=\"1%\"><img decoding=\"async\" loading=\"lazy\" src=\"http:\/\/drolshammer.net\/img\/ic_square.gif\" alt=\"\" width=\"13\" height=\"11\" border=\"0\" \/><\/td>\n<td class=\"txt\" valign=\"top\" width=\"90%\"><strong><span class=\"title\">Winter Semester 2006\/07<\/span><\/strong><br \/>\n<span class=\"title\"><span class=\"txt\">\u00abLegal Reasoning\u00bb<\/span>\u00bb<\/span><br \/>\n<a href=\"https:\/\/drolshammer.net\/german\/?page_id=396\">Mehr<\/a><\/td>\n<\/tr>\n<\/tbody>\n<\/table>\n[\/vc_column_text][vc_separator style=&#8220;shadow&#8220; css=&#8220;.vc_custom_1524933595572{padding-top: 15px !important;padding-bottom: 15px !important;}&#8220;][vc_column_text]\n<table border=\"0\" width=\"100%\" cellspacing=\"2\" cellpadding=\"0\">\n<tbody>\n<tr>\n<td valign=\"top\" width=\"1%\"><img decoding=\"async\" loading=\"lazy\" src=\"http:\/\/drolshammer.net\/img\/ic_square.gif\" alt=\"\" width=\"13\" height=\"11\" border=\"0\" \/><\/td>\n<td class=\"txt\" valign=\"top\" width=\"90%\"><strong>S<span class=\"title\">ommer Semester 2006<\/span><\/strong><br \/>\n<span class=\"txt\">\u00abAmerikanische Rechtskultur aus europ\u00e4ischer Sicht &#8211; Ein Umgang durch die Geschichte des amerikanischen Rechts anhand des Buches von Prof. Alan M. Dershowitz, America on Trial, Inside the legal battles that transformed our nation\u00bb<\/span><br \/>\n<a href=\"https:\/\/drolshammer.net\/german\/?page_id=398\">Mehr<\/a><\/td>\n<\/tr>\n<\/tbody>\n<\/table>\n[\/vc_column_text][vc_separator style=&#8220;shadow&#8220; css=&#8220;.vc_custom_1524933595572{padding-top: 15px !important;padding-bottom: 15px !important;}&#8220;][vc_column_text]\n<table border=\"0\" width=\"100%\" cellspacing=\"2\" cellpadding=\"0\">\n<tbody>\n<tr>\n<td valign=\"top\" width=\"1%\"><img decoding=\"async\" loading=\"lazy\" src=\"http:\/\/drolshammer.net\/img\/ic_square.gif\" alt=\"\" width=\"13\" height=\"11\" border=\"0\" \/><\/td>\n<td class=\"txt\" valign=\"top\" width=\"90%\"><strong>W<span class=\"title\">inter Semester 2005\/06<\/span><\/strong><br \/>\n<span class=\"title\">\u00abLegal <span class=\"txt\">Reasoning<\/span>\u00bb<\/span><br \/>\n<a href=\"https:\/\/drolshammer.net\/german\/?page_id=400\">Mehr<\/a><\/td>\n<\/tr>\n<\/tbody>\n<\/table>\n[\/vc_column_text][vc_separator style=&#8220;shadow&#8220; css=&#8220;.vc_custom_1524933595572{padding-top: 15px !important;padding-bottom: 15px !important;}&#8220;][vc_column_text]\n<table border=\"0\" width=\"100%\" cellspacing=\"2\" cellpadding=\"0\">\n<tbody>\n<tr>\n<td valign=\"top\" width=\"1%\"><img decoding=\"async\" loading=\"lazy\" src=\"http:\/\/drolshammer.net\/img\/ic_square.gif\" alt=\"\" width=\"13\" height=\"11\" border=\"0\" \/><\/td>\n<td class=\"txt\" valign=\"top\" width=\"90%\"><strong><span class=\"title\">Winter Semester 2002\/03<\/span><\/strong><br \/>\n<span class=\"txt\">\u00abAttack on America: The Consequences &#8211; from a Legal Perspective &#8211; the Role of Law, Lawyers and Law Enforcement in Times of Crisis&#8220; &#8211; &#8222;9\/11 ein Jahr danach &#8211; Beobachtungen und Reflexionen\u00bb<\/span><br \/>\n<a href=\"https:\/\/drolshammer.net\/german\/?page_id=402\">Mehr<\/a><\/td>\n<\/tr>\n<\/tbody>\n<\/table>\n[\/vc_column_text][vc_separator style=&#8220;shadow&#8220; css=&#8220;.vc_custom_1524933595572{padding-top: 15px !important;padding-bottom: 15px !important;}&#8220;][vc_column_text]\n<table border=\"0\" width=\"100%\" cellspacing=\"2\" cellpadding=\"0\">\n<tbody>\n<tr>\n<td valign=\"top\" width=\"1%\"><img decoding=\"async\" loading=\"lazy\" src=\"http:\/\/drolshammer.net\/img\/ic_square.gif\" alt=\"\" width=\"13\" height=\"11\" border=\"0\" \/><\/td>\n<td class=\"txt\" valign=\"top\" width=\"90%\"><strong><span class=\"title\">Sommer Semester 2002<\/span><\/strong><br \/>\n<span class=\"txt\">\u00abManaging the Professional Service Firm (PSF)\u00bb<\/span><br \/>\n<a href=\"https:\/\/drolshammer.net\/german\/?page_id=404\">Mehr<\/a><\/td>\n<\/tr>\n<\/tbody>\n<\/table>\n[\/vc_column_text][vc_separator style=&#8220;shadow&#8220; css=&#8220;.vc_custom_1524933595572{padding-top: 15px !important;padding-bottom: 15px !important;}&#8220;][vc_column_text]\n<table border=\"0\" width=\"100%\" cellspacing=\"2\" cellpadding=\"0\">\n<tbody>\n<tr>\n<td valign=\"top\" width=\"1%\"><img decoding=\"async\" loading=\"lazy\" src=\"http:\/\/drolshammer.net\/img\/ic_square.gif\" alt=\"\" width=\"13\" height=\"11\" border=\"0\" \/><\/td>\n<td class=\"txt\" valign=\"top\" width=\"90%\"><strong><span class=\"title\">Winter Semester 2001\/02<\/span><\/strong><br \/>\n<span class=\"txt\">\u00abAttack on America: The Consequences &#8211; from a Legal Perspective &#8211; The Role of Law, Lawyers and Law Enforcement in Times of Crisis\u00bb<\/span><br \/>\n<a href=\"https:\/\/drolshammer.net\/german\/?page_id=406\">Mehr<\/a><\/td>\n<\/tr>\n<\/tbody>\n<\/table>\n[\/vc_column_text][vc_separator style=&#8220;shadow&#8220; css=&#8220;.vc_custom_1524933595572{padding-top: 15px !important;padding-bottom: 15px !important;}&#8220;][vc_column_text]\n<table border=\"0\" width=\"100%\" cellspacing=\"2\" cellpadding=\"0\">\n<tbody>\n<tr>\n<td valign=\"top\" width=\"1%\"><img decoding=\"async\" loading=\"lazy\" src=\"http:\/\/drolshammer.net\/img\/ic_square.gif\" alt=\"\" width=\"13\" height=\"11\" border=\"0\" \/><\/td>\n<td class=\"txt\" valign=\"top\" width=\"90%\"><strong>S<span class=\"title\">ommer Semester 2000<\/span><\/strong><br \/>\n<span class=\"txt\">\u00abDas Zusammenwirken von Recht und \u00d6konomie bei der Sicherstellung der Rechtsverwirklichung von Wirtschaftsrecht\u00bb<\/span><br \/>\n<a href=\"https:\/\/drolshammer.net\/german\/?page_id=408\">Mehr<\/a><\/td>\n<\/tr>\n<\/tbody>\n<\/table>\n[\/vc_column_text][vc_separator style=&#8220;shadow&#8220; css=&#8220;.vc_custom_1524933595572{padding-top: 15px !important;padding-bottom: 15px !important;}&#8220;][\/vc_column][\/vc_row][\/vc_section]\n<\/section>","protected":false},"excerpt":{"rendered":"<p>[vc_section css=&#8220;.vc_custom_1685970709162{margin-bottom: 20px !important;}&#8220;][vc_row][vc_column][vc_column_text] Lehrveranstaltungen [ FS 2008 ] \u00a0 [ SS 2007 ] \u00a0 [ WS 2006\/07 ] [ SS 2006 ] \u00a0 [ WS 2005\/06 ] \u00a0 [ WS 2002\/03 ] [ SS 2002 ] \u00a0 [ WS 2001\/02 ] \u00a0 [ SS 2000 ][\/vc_column_text][vc_separator style=&#8220;shadow&#8220; css=&#8220;.vc_custom_1524933595572{padding-top: 15px !important;padding-bottom: 15px !important;}&#8220;][vc_column_text] Fr\u00fchlingssemester 2009&hellip;<\/p>\n","protected":false},"author":2,"featured_media":0,"parent":0,"menu_order":0,"comment_status":"closed","ping_status":"closed","template":"","meta":[],"acf":[],"_links":{"self":[{"href":"https:\/\/drolshammer.net\/german\/wp-json\/wp\/v2\/pages\/24"}],"collection":[{"href":"https:\/\/drolshammer.net\/german\/wp-json\/wp\/v2\/pages"}],"about":[{"href":"https:\/\/drolshammer.net\/german\/wp-json\/wp\/v2\/types\/page"}],"author":[{"embeddable":true,"href":"https:\/\/drolshammer.net\/german\/wp-json\/wp\/v2\/users\/2"}],"replies":[{"embeddable":true,"href":"https:\/\/drolshammer.net\/german\/wp-json\/wp\/v2\/comments?post=24"}],"version-history":[{"count":18,"href":"https:\/\/drolshammer.net\/german\/wp-json\/wp\/v2\/pages\/24\/revisions"}],"predecessor-version":[{"id":2133,"href":"https:\/\/drolshammer.net\/german\/wp-json\/wp\/v2\/pages\/24\/revisions\/2133"}],"wp:attachment":[{"href":"https:\/\/drolshammer.net\/german\/wp-json\/wp\/v2\/media?parent=24"}],"curies":[{"name":"wp","href":"https:\/\/api.w.org\/{rel}","templated":true}]}}