{"id":314,"date":"2018-05-01T06:27:56","date_gmt":"2018-05-01T06:27:56","guid":{"rendered":"http:\/\/new.drolshammer.net\/german\/?page_id=314"},"modified":"2023-06-06T12:20:35","modified_gmt":"2023-06-06T10:20:35","slug":"general-counsels-club","status":"publish","type":"page","link":"https:\/\/drolshammer.net\/german\/clubs\/general-counsels-club\/","title":{"rendered":"General Counsels Club"},"content":{"rendered":"<section class=\"wpb-content-wrapper\">[vc_section css=&#8220;.vc_custom_1686046688887{margin-bottom: 20px !important;}&#8220;][vc_row][vc_column]<div class=\"vcex-module wpex-alert wpex-alert-info\"><p>Der General Counsel Club ist im Jahre 2015 nach 12 Jahren T\u00e4tigkeit eingestellt worden.<\/p>\n<\/div>[vc_column_text]\n<h2><span class=\"hd\">General Counsels Club<\/span><\/h2>\n<p><a href=\"https:\/\/drolshammer.net\/german\/?page_id=314\"><span class=\"sub\">[ General Counsels Club ]<\/span> <\/a>\u00a0 <a href=\"https:\/\/drolshammer.net\/german\/?page_id=317\"><span class=\"sub\">[ General Counsel Netzwerk ]<\/span><\/a><br \/>\n<a href=\"https:\/\/drolshammer.net\/german\/?page_id=321\"><span class=\"sub\">[ Wissenschaftlicher Leseclub ]<\/span> <\/a>\u00a0 <a href=\"https:\/\/drolshammer.net\/german\/?page_id=324\"><span class=\"sub\">[ Legal Culture Club ]<\/span><\/a><br \/>\n<a href=\"https:\/\/drolshammer.net\/german\/?page_id=326\"><span class=\"sub\">[ Strategy Club ]<\/span><\/a><\/p>\n<p>General Counsels massgeblicher schweizerischer Unternehmen, die international t\u00e4tig sind, treffen sich auf Initiative von Jens Drolshammer im Rahmen einer kommerziellen Dienstleistung institutionalisiert viermal im Jahr im The Salon. Die Benennung erfolgt auf Einladung. Die jeweiligen Begegnungen beginnen um 16.00 Uhr und sind in einen gesch\u00e4ftlichen Teil mit einer Standardtraktandenliste und einen gesellschaftlichen Teil bestehend aus Aperitif und gemeinsamen Nachtessen aufgeteilt. Jedes zweite Mal wird ein externer Gast als zu befragender Spezialist eingeladen, der auch am Nachtessen teilnimmt. Die Standardtraktandenliste lautet:<\/p>\n<p>&nbsp;<\/p>\n<ol>\n<li style=\"list-style-type: none;\">\n<ol>\n<li>Wo stehen wir? (5 min.)<br \/>\n(Umgang mit Terminplanungen, Sequenzierung der Behandlung der Themata, Teilnehmer)<\/li>\n<li>Was hat der Berater aus seinem j\u00fcngsten Erfahrungsbereich als f\u00fcr alle bedeutsam mitzuteilen (je 3 min.).<br \/>\nEs geht um eine vorbereitete Kurzpr\u00e4sentation eines ausgew\u00e4hlten Themas. Es sind Hinweise und allf\u00e4llige Kl\u00e4rungen und nicht Diskussionen dieser Themata.<\/li>\n<li>Schwerpunktthema (90 min.).<\/li>\n<li>Carte Blanche Jens Drolshammer (10 min.).<\/li>\n<li>Was wird jeden in n\u00e4chster Zeit als General Counsel dringlich besch\u00e4ftigen ( je 2 min.)?<br \/>\nEs geht um eine vorbedachte Kommunikation einer den General Counsel in absehbarer Zeit spezifisch bedr\u00e4ngenden Frage (aus Zeitgr\u00fcnden erfolgt hier keine Befragung)<\/li>\n<li>Auswahl der Themata f\u00fcr n\u00e4chste Begegnung. Vorschlag der Einf\u00fchrung einer moderaten Themenplanung (10 min.)<\/li>\n<li>Varia<\/li>\n<\/ol>\n<\/li>\n<\/ol>\n<p><span class=\"smallfont\">Der General Counsel Club bietet einen gesch\u00fctzten Ort f\u00fcr einen Umgang auch mit sehr vertraulichen Fragestellungen. Jede TeilnehmerIn hat gewohnheitsm\u00e4ssig Anspruch darauf, dass die anderen Teilnehmer auf ihre Fragen in kritischen Bereichen aus der Sicht ihrer Unternehmen jeweils Stellung nehmen. Die Gespr\u00e4che sind demzufolge vertraulich, sie werden nicht protokolliert und auch nicht auf Video aufgenommen. Im General Counsel Club versuchen wir Professionalit\u00e4t mit Kameradschaftlichkeit und Kollegialit\u00e4t in einer besonderen Vertrauensatmosph\u00e4re zu verbinden.<\/span><\/p>\n<p><a href=\"https:\/\/drolshammer.net\/german\/?page_id=317\">Der General Counsels Club plant zu gegebener Zeit zusammen mit dem <\/a><a href=\"https:\/\/drolshammer.net\/german\/general-counsel-network\/\">General Counsel Netzwerk<\/a> gewisse Initiativen zur vermehrten Profilierung des Berufs des Unternehmensjuristen zu initiieren und zu begleiten. Zuweilen f\u00fchre ich auf Wunsch auch <a href=\"https:\/\/drolshammer.net\/german\/academic-encounters\/\">zus\u00e4tzliche Anl\u00e4sse<\/a> f\u00fcr den General Counsel Club und das General Counsel Netzwerk durch.[\/vc_column_text][\/vc_column][vc_column][\/vc_column][\/vc_row][\/vc_section]\n<\/section>","protected":false},"excerpt":{"rendered":"<p>[vc_section css=&#8220;.vc_custom_1686046688887{margin-bottom: 20px !important;}&#8220;][vc_row][vc_column][vc_column_text] General Counsels Club [ General Counsels Club ] \u00a0 [ General Counsel Netzwerk ] [ Wissenschaftlicher Leseclub ] \u00a0 [ Legal Culture Club ] [ Strategy Club ] General Counsels massgeblicher schweizerischer Unternehmen, die international t\u00e4tig sind, treffen sich auf Initiative von Jens Drolshammer im Rahmen einer kommerziellen Dienstleistung institutionalisiert viermal&hellip;<\/p>\n","protected":false},"author":2,"featured_media":0,"parent":39,"menu_order":0,"comment_status":"closed","ping_status":"closed","template":"","meta":[],"acf":[],"_links":{"self":[{"href":"https:\/\/drolshammer.net\/german\/wp-json\/wp\/v2\/pages\/314"}],"collection":[{"href":"https:\/\/drolshammer.net\/german\/wp-json\/wp\/v2\/pages"}],"about":[{"href":"https:\/\/drolshammer.net\/german\/wp-json\/wp\/v2\/types\/page"}],"author":[{"embeddable":true,"href":"https:\/\/drolshammer.net\/german\/wp-json\/wp\/v2\/users\/2"}],"replies":[{"embeddable":true,"href":"https:\/\/drolshammer.net\/german\/wp-json\/wp\/v2\/comments?post=314"}],"version-history":[{"count":15,"href":"https:\/\/drolshammer.net\/german\/wp-json\/wp\/v2\/pages\/314\/revisions"}],"predecessor-version":[{"id":2163,"href":"https:\/\/drolshammer.net\/german\/wp-json\/wp\/v2\/pages\/314\/revisions\/2163"}],"up":[{"embeddable":true,"href":"https:\/\/drolshammer.net\/german\/wp-json\/wp\/v2\/pages\/39"}],"wp:attachment":[{"href":"https:\/\/drolshammer.net\/german\/wp-json\/wp\/v2\/media?parent=314"}],"curies":[{"name":"wp","href":"https:\/\/api.w.org\/{rel}","templated":true}]}}