{"id":317,"date":"2018-05-01T06:31:38","date_gmt":"2018-05-01T06:31:38","guid":{"rendered":"http:\/\/new.drolshammer.net\/german\/?page_id=317"},"modified":"2023-06-06T12:22:39","modified_gmt":"2023-06-06T10:22:39","slug":"general-counsel-network","status":"publish","type":"page","link":"https:\/\/drolshammer.net\/german\/clubs\/general-counsel-network\/","title":{"rendered":"General Counsel Netzwerk"},"content":{"rendered":"<section class=\"wpb-content-wrapper\">[vc_section css=&#8220;.vc_custom_1686046905261{margin-bottom: 20px !important;}&#8220;][vc_row 0=&#8220;&#8220;][vc_column 0=&#8220;&#8220;]<div class=\"vcex-module wpex-alert wpex-alert-info\"><p>Die T\u00e4tigkeit des General Counsels Netzwerk ist im Jahre 2015 nach 12 Jahren eingestellt worden..<\/p>\n<\/div>[vc_column_text 0=&#8220;&#8220;]\n<h2><span class=\"hd\">General Counsel Netzwerk &#8211; Schweizerische multinationale Grossunternehmen<\/span><\/h2>\n<p>Gleichzeitig aber andersartig zum <a href=\"https:\/\/drolshammer.net\/german\/general-counsels-club\/\">General Counsels Club<\/a> betreiben wir ein informelleres General Counsel Netzwerk der grossen schweizerischen multinationalen Unternehmen. Wir treffen uns nicht regelm\u00e4ssig sondern bei guter Gelegenheit wie zum Beispiel beim Besuch in der Schweiz von Dr. Beat Hess, Leiter des Rechtsdienstes von Shell International und zum <a href=\"https:\/\/drolshammer.net\/german\/academic-encounters\/\">Gespr\u00e4ch mit Staatssekret\u00e4r Dr. Michael Amb\u00fchl<\/a><a href=\"https:\/\/drolshammer.net\/german\/academic-encounters\/\">.<\/a><\/p>\n<p>Zu dieser Runde geh\u00f6rten Dr. Markus Diethelm (UBS), Dr. Romeo Cerutti (CS), Dr. Yannick Hausmann (Zurich Financial), Dr. Hermann Geiger (Swiss Re), Dr. Thomas Werlen, David Frick (Nestl\u00e9), Dr. Beat Hess ,Shell International B.B.(Alumni), Dr. Bruno Maier, Roche (Alumni) und Dr. Peter Kurer (Alumni).<\/p>\n<p>Im Rahmen eines netzwerkartigen Minimums, das die Wahrscheinlichkeit, dass man sich eben doch zuweilen sieht, nicht gegen Null sinken l\u00e4sst, werden in Zukunft m\u00f6glicherweise neben den spontanen Begegnungen bei guten Gelegenheiten verschiedene f\u00fcr diese Gruppe spezifische Themata besprochen. Dazu geh\u00f6ren etwa Teilnahme an Lehrveranstaltungen im Bereiche Legal Professions, Teilnahme an gemeinsamen Weiterbildungen, gemeinsamer m\u00f6glicher Auftritt in berufsspezifisch relevanten Fragen, gemeinsame Durchf\u00fchrung von Praktika f\u00fcr Studenten w\u00e4hrend und unmittelbar nach dem Studium, m\u00f6gliche Redaktion eines Sammelbandes zu berufsspezifischen Aspekten von Rechtsabteilungen unter besonderer Ber\u00fccksichtigung der Rolle des General Counsels, alles mit dem Ziel einer vermehrten und fokussierten Profilierung des Berufes der Unternemensjuristen.<\/p>\n<p>Es geht in diesem informellen Netzwerk auch darum, neben den jeweils individuell besuchten internationalen Spezialforen f\u00fcr den Erfahrungsaustausch eine Plattform zur Behandlung von Fragen zu bieten, die sich aus der Tatsache ergeben, dass die Unternehmen als mit der Schweiz zu verbunden gelten. In diesem Zusammenhang ist festzustellen, dass mit einer Ausnahme auch die gr\u00f6ssten schweizerischen Unternehmen immer noch schweizerische Genaral Counsel schweizerischer Nationalit\u00e4t haben.<\/p>\n<p><span class=\"smallfont\">Diese Begegnungen finden als Privatanl\u00e4sse im The Salon statt, sie sind wiederum off the record und vertraulich.<\/span>[\/vc_column_text][\/vc_column][\/vc_row][\/vc_section][vc_row][vc_column][\/vc_column][\/vc_row]\n<\/section>","protected":false},"excerpt":{"rendered":"<p>[vc_section css=&#8220;.vc_custom_1686046905261{margin-bottom: 20px !important;}&#8220;][vc_row 0=&#8220;&#8220;][vc_column 0=&#8220;&#8220;][vc_column_text 0=&#8220;&#8220;] General Counsel Netzwerk &#8211; Schweizerische multinationale Grossunternehmen Gleichzeitig aber andersartig zum General Counsels Club betreiben wir ein informelleres General Counsel Netzwerk der grossen schweizerischen multinationalen Unternehmen. Wir treffen uns nicht regelm\u00e4ssig sondern bei guter Gelegenheit wie zum Beispiel beim Besuch in der Schweiz von Dr. Beat Hess, Leiter&hellip;<\/p>\n","protected":false},"author":2,"featured_media":0,"parent":39,"menu_order":0,"comment_status":"closed","ping_status":"closed","template":"","meta":[],"acf":[],"_links":{"self":[{"href":"https:\/\/drolshammer.net\/german\/wp-json\/wp\/v2\/pages\/317"}],"collection":[{"href":"https:\/\/drolshammer.net\/german\/wp-json\/wp\/v2\/pages"}],"about":[{"href":"https:\/\/drolshammer.net\/german\/wp-json\/wp\/v2\/types\/page"}],"author":[{"embeddable":true,"href":"https:\/\/drolshammer.net\/german\/wp-json\/wp\/v2\/users\/2"}],"replies":[{"embeddable":true,"href":"https:\/\/drolshammer.net\/german\/wp-json\/wp\/v2\/comments?post=317"}],"version-history":[{"count":16,"href":"https:\/\/drolshammer.net\/german\/wp-json\/wp\/v2\/pages\/317\/revisions"}],"predecessor-version":[{"id":2165,"href":"https:\/\/drolshammer.net\/german\/wp-json\/wp\/v2\/pages\/317\/revisions\/2165"}],"up":[{"embeddable":true,"href":"https:\/\/drolshammer.net\/german\/wp-json\/wp\/v2\/pages\/39"}],"wp:attachment":[{"href":"https:\/\/drolshammer.net\/german\/wp-json\/wp\/v2\/media?parent=317"}],"curies":[{"name":"wp","href":"https:\/\/api.w.org\/{rel}","templated":true}]}}