{"id":324,"date":"2018-05-01T06:42:30","date_gmt":"2018-05-01T06:42:30","guid":{"rendered":"http:\/\/new.drolshammer.net\/german\/?page_id=324"},"modified":"2023-06-06T12:25:28","modified_gmt":"2023-06-06T10:25:28","slug":"legal-culture-club","status":"publish","type":"page","link":"https:\/\/drolshammer.net\/german\/clubs\/legal-culture-club\/","title":{"rendered":"Legal Culture Club"},"content":{"rendered":"<section class=\"wpb-content-wrapper\">[vc_section css=&#8220;.vc_custom_1686046993296{margin-bottom: 20px !important;}&#8220;][vc_row 0=&#8220;&#8220;][vc_column 0=&#8220;&#8220;]<div class=\"vcex-module wpex-alert wpex-alert-info\"><p>Die T\u00e4tigkeit des Legal Culture Clubs ist 2015 nach 12 Jahren beendet worden. Ab 2010 standen die Initiative der Gr\u00fcndung eines der grossen Projektes der Anthology of Swiss Legal Culture im Zentrum der T\u00e4tigkeiten.<\/p>\n<\/div>[vc_column_text 0=&#8220;&#8220;]\n<h2>Legal Culture Club<\/h2>\n<p><a href=\"https:\/\/drolshammer.net\/german\/?page_id=314\"><span class=\"sub\">[ General Counsels Club ]<\/span> <\/a>\u00a0 <a href=\"https:\/\/drolshammer.net\/german\/?page_id=317\"><span class=\"sub\">[ General Counsel Netzwerk ]<\/span><\/a><br \/>\n<a href=\"https:\/\/drolshammer.net\/german\/?page_id=321\"><span class=\"sub\">[ Wissenschaftlicher Leseclub ]<\/span> <\/a>\u00a0 <a href=\"https:\/\/drolshammer.net\/german\/?page_id=324\"><span class=\"sub\">[ Legal Culture Club ]<\/span><\/a><br \/>\n<a href=\"https:\/\/drolshammer.net\/german\/?page_id=326\"><span class=\"sub\">[ Strategy Club ]<\/span><\/a><\/p>\n<p>Im The Salon betrieben wir auf Initiative von Jens Drolshammer einen Legal Culture Club. Die Teilnehmer waren\u00a0<a href=\"https:\/\/drolshammer.net\/german\/wp-content\/uploads\/2018\/05\/CV_Werro.pdf\" target=\"_blank\" rel=\"noopener\">Prof. Dr. Franz Werro<\/a>\u00a0(Universit\u00e4t Fribourg, Georgetown University Law School),\u00a0<a href=\"https:\/\/www.unifr.ch\/ius\/probst\/lehrstuhl\/mitarbeitende?id=137965&amp;type=all\">Prof. Dr. Thomas Probst<\/a>\u00a0(Universit\u00e4t Fribourg),\u00a0<a href=\"https:\/\/drolshammer.net\/german\/wp-content\/uploads\/2018\/05\/CV_Vogt.pdf\" target=\"_blank\" rel=\"noopener\">Prof. Dr. Hans-Ueli Vogt<\/a>\u00a0(Universit\u00e4t Z\u00fcrich), <a href=\"https:\/\/hls.harvard.edu\/faculty\/directory\/10298\/Gasser\">Prof. Dr. Urs Gasser<\/a> (The Berkman Center for Internet and Society at Harvard Law School),\u00a0<a href=\"https:\/\/drolshammer.net\/german\/wp-content\/uploads\/2018\/05\/CV_Cottier.pdf\" target=\"_blank\" rel=\"noopener\">Prof. Dr. Thomas Cottier<\/a>\u00a0(Universit\u00e4t Bern), <a href=\"https:\/\/www.unifr.ch\/ius\/pichonnaz\/home\">Prof. Dr. Pascal Pichonnaz<\/a> Universit\u00e9 de Fribourg<\/p>\n<p><u>Teilnehmer:<\/u><br \/>\nDie Teilnehmer waren alles Professoren, die eine bestimmte und eine n\u00e4here Affinit\u00e4t zum angloamerikanischen und zum europ\u00e4ischen Recht und zur Rechtskultur der Vereinigten Staaten und der EU und deren Auswirkungen auf die kontinentaleurop\u00e4ische Rechtsordnung, insbesondere die Schweiz, haben. Von den Teilnehmern waren drei institutionalisiert mit Law Schools in den Vereinigten Staaten verbunden. Franz Werro ist Tenured Professor an der\u00a0<a href=\"http:\/\/www.law.georgetown.edu\/\" target=\"_blank\" rel=\"noopener\">Georgetown University Law School<\/a>, Jens Drolshammer ist in der Regel als Visiting Research Professor im fall term an der\u00a0<a href=\"http:\/\/www.law.harvard.edu\/\" target=\"_blank\" rel=\"noopener\">Harvard Law School<\/a>\u00a0t\u00e4tig. Urs Gasser ist der Direktor des\u00a0<a href=\"http:\/\/cyber.law.harvard.edu\/home\/\" target=\"_blank\" rel=\"noopener\">Berkman Centers for Society und Cyberspace<\/a>\u00a0der Harvard University.<\/p>\n<p><u>Ausgangspunkt und Anlass:<\/u><br \/>\nAls Ausgangspunkt und Anlass zu diesem Legal Culture Club waren etwa Fragestellungen wie: Wie halten wir es mit der Frage der Tendenz einer &#8222;Amerikanisierung der schweizerischen Rechtsordnung?&#8220;, Sind wir oder wie sind wir von der amerikanischen Rechtskultur ber\u00fchrt oder betroffen und wie gehen wir damit um? Wir versuchen in diesem Club den Fragen nachzugehen, ob &#8222;Amerikanisches&#8220; und Tendenzen zur Amerikanisierung wirklich zum Horizont, zum Bewusstsein und zur Befindlichkeit, zum Wissen und Verst\u00e4ndnis und zum rechtspolitischen Handlungsraum vor allem der Juristen in der Schweiz geh\u00f6ren, wenn es um die Wirkung und Bedeutung der amerikanischen Rechtskultur und denen Auswirkungen auf die Schweiz geht? Diese Fragen gelten auch f\u00fcr den Umgang mit der EU.<\/p>\n<p>Wir stellen uns auf den Standpunkt, dass dieses Ph\u00e4nomen f\u00fcr die Schweiz bedeutsam, in seiner Wirkungsweise und Tragweite ungen\u00fcgend erkannt und in den konkreten Ausgestaltungen verschiedener Aspekte des schweizerischen Rechtsprozesses und Rechtsbetriebes zu wenig ber\u00fccksichtigt ist. Es fehlt unseres Erachtens eine der Bedeutung des Ph\u00e4nomens entsprechende Breite und Tiefe der Befassung, die vor allem in Anbetracht der von den Vereinigten Staaten induzierten und weitgehend beherrschten Auswirkungen der Informationsgesellschaft auch im Bereiche des Rechts angezeigt ist.<\/p>\n<p>Unseres Erachtens hat die urspr\u00fcnglich auch rechtliche, emotionale und mentalit\u00e4tsm\u00e4ssige Affinit\u00e4t zu den Vereinigten Staaten und zum amerikanischen Recht vor allem seit dem Zweiten Weltkrieg bis zur Jahrhundertwende in der Schweiz gelitten. Dabei ist die schweizerische Rechtsordnung auch hinsichtlich der amerikanischen Rechtskultur &#8211; wenn auch sinkend &#8211; \u00fcberdurchschnittlich &#8222;internationalisiert&#8220; und aufnahmebereit; sie ist aber vom Stand des Verst\u00e4ndnisses und der Beziehungen der beiden Rechtskulturen auch \u00fcberdurchschnittlich betroffen und teilweise abh\u00e4ngig. Es fehlt letztlich auch ein kommunikatives, kompetentes und assertives Verhalten im Netzwerk der Ber\u00fchrten und Betroffenen im Umgang mit den Auswirkungen der amerikanischen Rechtskultur, auch wenn die sich gegenw\u00e4rtig in der Schweiz abzeichnende Wende verbesserte Voraussetzungen daf\u00fcr b\u00f6te<\/p>\n<p><u>Organisation:<\/u><br \/>\nDer Legal Culture Club traf sich dreimal im Jahr, einmal im Chalet von Franz Werro in den Fribourger Bergen. Wir treffen uns um 17.00, arbeiteten nach einer Standardtraktandenliste und f\u00fchren das Gespr\u00e4ch bei einem gemeinsamen Nachtessen fort.<br \/>\nWir versuchen die Diskussion eines relevanten Textes ins Zentrum zu r\u00fccken.<\/p>\n<p>Wir f\u00fchren gelegentlich auf Wunsch und bei guten Gelegenheiten Sonderanl\u00e4sse in einem erweiterten Kreise durch, wie die\u00a0<a href=\"https:\/\/drolshammer.net\/german\/academic-encounters\/\">Gespr\u00e4che mit Professor Mathias Reimann<\/a>, University of Michigan Law School, Prof. Arthur Miller, Harvard Law School und ab 1. September 2007 New York University Law School und Professor John Palfrey, Harvard Law School<br \/>\nAuch diese Begegnungen sind Privatanl\u00e4sse auf Einladung, die Inhalte der Gespr\u00e4che sind off the record und vertraulich.[\/vc_column_text][\/vc_column][\/vc_row][\/vc_section]\n<\/section>","protected":false},"excerpt":{"rendered":"<p>[vc_section css=&#8220;.vc_custom_1686046993296{margin-bottom: 20px !important;}&#8220;][vc_row 0=&#8220;&#8220;][vc_column 0=&#8220;&#8220;][vc_column_text 0=&#8220;&#8220;] Legal Culture Club [ General Counsels Club ] \u00a0 [ General Counsel Netzwerk ] [ Wissenschaftlicher Leseclub ] \u00a0 [ Legal Culture Club ] [ Strategy Club ] Im The Salon betrieben wir auf Initiative von Jens Drolshammer einen Legal Culture Club. Die Teilnehmer waren\u00a0Prof. Dr. Franz Werro\u00a0(Universit\u00e4t&hellip;<\/p>\n","protected":false},"author":2,"featured_media":0,"parent":39,"menu_order":0,"comment_status":"closed","ping_status":"closed","template":"","meta":[],"acf":[],"_links":{"self":[{"href":"https:\/\/drolshammer.net\/german\/wp-json\/wp\/v2\/pages\/324"}],"collection":[{"href":"https:\/\/drolshammer.net\/german\/wp-json\/wp\/v2\/pages"}],"about":[{"href":"https:\/\/drolshammer.net\/german\/wp-json\/wp\/v2\/types\/page"}],"author":[{"embeddable":true,"href":"https:\/\/drolshammer.net\/german\/wp-json\/wp\/v2\/users\/2"}],"replies":[{"embeddable":true,"href":"https:\/\/drolshammer.net\/german\/wp-json\/wp\/v2\/comments?post=324"}],"version-history":[{"count":13,"href":"https:\/\/drolshammer.net\/german\/wp-json\/wp\/v2\/pages\/324\/revisions"}],"predecessor-version":[{"id":2168,"href":"https:\/\/drolshammer.net\/german\/wp-json\/wp\/v2\/pages\/324\/revisions\/2168"}],"up":[{"embeddable":true,"href":"https:\/\/drolshammer.net\/german\/wp-json\/wp\/v2\/pages\/39"}],"wp:attachment":[{"href":"https:\/\/drolshammer.net\/german\/wp-json\/wp\/v2\/media?parent=324"}],"curies":[{"name":"wp","href":"https:\/\/api.w.org\/{rel}","templated":true}]}}