{"id":326,"date":"2018-05-01T06:46:42","date_gmt":"2018-05-01T06:46:42","guid":{"rendered":"http:\/\/new.drolshammer.net\/german\/?page_id=326"},"modified":"2023-06-06T12:29:46","modified_gmt":"2023-06-06T10:29:46","slug":"strategy-club","status":"publish","type":"page","link":"https:\/\/drolshammer.net\/german\/clubs\/strategy-club\/","title":{"rendered":"Strategy Club"},"content":{"rendered":"<section class=\"wpb-content-wrapper\">[vc_section css=&#8220;.vc_custom_1686047369741{margin-bottom: 20px !important;}&#8220;][vc_row][vc_column][vc_column_text]\n<h1 style=\"text-align: center;\"><\/h1>\n<p>Im Strategy Club diskutieren ehemalige und aktuelle Exponenten der schweizerischen und internationalen Sicherheitspolitik in strategischen Funktionen, die zusammengearbeitet haben und befreundet sind, aktuelle strategische Fragen der Schweiz in der Globalisierung. Die aktuellen Mitglieder umfassen <a href=\"https:\/\/www.winterthur-glossar.ch\/app\/default\/pub\/fw.action\/wine.article?ce_id=19&amp;ce_name=Person\">Peter Arbenz<\/a>, <a href=\"https:\/\/de.wikipedia.org\/wiki\/Christian_Blickenstorfer\">Dr. Christian Blickenstorfer<\/a>, <a href=\"https:\/\/de.wikipedia.org\/wiki\/Martin_Dahinden\">Dr.Martin Dahinden<\/a>, <a href=\"https:\/\/de.wikipedia.org\/wiki\/Thomas_Held\">Dr. Thomas Held<\/a>, <a href=\"https:\/\/de.wikipedia.org\/wiki\/Bruno_Lezzi\">Dr. Bruno Lezzi<\/a>, <a href=\"https:\/\/de.wikipedia.org\/wiki\/Arthur_Liener\">Dr. Arthur Liener<\/a>, <a href=\"https:\/\/de.wikipedia.org\/wiki\/Ren%C3%A9_Rhinow\">Prof. Dr. Ren\u00e9 Rhinow<\/a>, <a href=\"https:\/\/de.wikipedia.org\/wiki\/Kurt_R._Spillmann\">Prof. Dr. Kurt Spillmann<\/a>, <a href=\"http:\/\/www.whoswho.de\/bio\/anton-thalmann.html\">Dr. Anton Thalmann<\/a> und <a href=\"https:\/\/de.wikipedia.org\/wiki\/Heinz_Wanner\">Prof. Dr. Heinz Wanner<\/a>.<\/p>\n<p><span class=\"smallfont\">Auch diese Begegnungen sind private Anl\u00e4sse nur f\u00fcr geladene G\u00e4ste. Die Inhalte der Diskussionen sind nicht ver\u00f6ffentlicht und vertraulich.<\/span>[\/vc_column_text][\/vc_column][\/vc_row][\/vc_section]\n<\/section>","protected":false},"excerpt":{"rendered":"<p>[vc_section css=&#8220;.vc_custom_1686047369741{margin-bottom: 20px !important;}&#8220;][vc_row][vc_column][vc_column_text] Im Strategy Club diskutieren ehemalige und aktuelle Exponenten der schweizerischen und internationalen Sicherheitspolitik in strategischen Funktionen, die zusammengearbeitet haben und befreundet sind, aktuelle strategische Fragen der Schweiz in der Globalisierung. Die aktuellen Mitglieder umfassen Peter Arbenz, Dr. Christian Blickenstorfer, Dr.Martin Dahinden, Dr. Thomas Held, Dr. Bruno Lezzi, Dr. Arthur Liener, Prof.&hellip;<\/p>\n","protected":false},"author":2,"featured_media":0,"parent":39,"menu_order":0,"comment_status":"closed","ping_status":"closed","template":"","meta":[],"acf":[],"_links":{"self":[{"href":"https:\/\/drolshammer.net\/german\/wp-json\/wp\/v2\/pages\/326"}],"collection":[{"href":"https:\/\/drolshammer.net\/german\/wp-json\/wp\/v2\/pages"}],"about":[{"href":"https:\/\/drolshammer.net\/german\/wp-json\/wp\/v2\/types\/page"}],"author":[{"embeddable":true,"href":"https:\/\/drolshammer.net\/german\/wp-json\/wp\/v2\/users\/2"}],"replies":[{"embeddable":true,"href":"https:\/\/drolshammer.net\/german\/wp-json\/wp\/v2\/comments?post=326"}],"version-history":[{"count":11,"href":"https:\/\/drolshammer.net\/german\/wp-json\/wp\/v2\/pages\/326\/revisions"}],"predecessor-version":[{"id":2171,"href":"https:\/\/drolshammer.net\/german\/wp-json\/wp\/v2\/pages\/326\/revisions\/2171"}],"up":[{"embeddable":true,"href":"https:\/\/drolshammer.net\/german\/wp-json\/wp\/v2\/pages\/39"}],"wp:attachment":[{"href":"https:\/\/drolshammer.net\/german\/wp-json\/wp\/v2\/media?parent=326"}],"curies":[{"name":"wp","href":"https:\/\/api.w.org\/{rel}","templated":true}]}}