{"id":336,"date":"2018-05-01T07:01:23","date_gmt":"2018-05-01T07:01:23","guid":{"rendered":"http:\/\/new.drolshammer.net\/german\/?page_id=336"},"modified":"2023-06-06T12:31:48","modified_gmt":"2023-06-06T10:31:48","slug":"kulturelle-begegnungen","status":"publish","type":"page","link":"https:\/\/drolshammer.net\/german\/kulturelle-begegnungen\/","title":{"rendered":"Kulturelle Begegnungen"},"content":{"rendered":"<section class=\"wpb-content-wrapper\">[vc_section][vc_row][vc_column][vc_column_text]\n<h1 style=\"text-align: center;\"><\/h1>\n<p><a href=\"https:\/\/drolshammer.net\/german\/?page_id=332\"><span class=\"sub\">[ Ausbildungsanl\u00e4sse ]<\/span><\/a> \u00a0<a href=\"https:\/\/drolshammer.net\/german\/?page_id=334\"><span class=\"sub\">[ Akademische Begegnungen ]<\/span><\/a><br \/>\n<a href=\"https:\/\/drolshammer.net\/german\/?page_id=336\"><span class=\"sub\">[ Kulturelle Begegnungen ]<\/span><\/a><\/p>\n<p>Bei guten Gelegenheiten laden wir bekannte und befreundete Kulturschaffende und K\u00fcnstler zu einem Hausanlass im den The Salon ein. Der Bereich des Musizierens und des Sammelns zeitgen\u00f6ssischer Kunst geh\u00f6rt in den privaten Bereich. Er wird in dieser Darstellung zu Informationszwecken lediglich kursorisch erw\u00e4hnt. Auch diese Anl\u00e4sse kommen aufgrund vorbestehender Beziehungen bei sich bietenden Opportunit\u00e4ten spontan zustande. In den vergangenen Jahren haben unter anderem die folgenden kulturellen Begegnungen statt gefunden.<\/p>\n<ol>\n<li><strong>Jean Odermatt &#8211; Fondazione La Claustra<\/strong>, 31. M\u00e4rz 2000Am Gespr\u00e4chsabend weihte Jean Odermatt, K\u00fcnstler und Soziologe, in die Geheimnisse der von ihm gegr\u00fcndeten Stiftung Fondazione La Claustra ein. <a href=\"http:\/\/www.claustra.ch\/\" target=\"_blank\" rel=\"noopener\">La Claustra<\/a> ist eine auf dem Gotthard in den unterirdischen Anlagen des ehemaligen Reduits transformierte k\u00fcnstlerische und wissenschaftliche St\u00e4tte in der Gestalt eines modernen Klosters. Jean Odermatt erhielt f\u00fcr dieses Projekt den Europ\u00e4ischen Kultur-Projekt-Preis anl\u00e4sslich der europ\u00e4ischen Kulturpreisverleihungen vom 16. Dezember 2000 in Basel.<\/li>\n<li><strong>Lesung der Schriftsteller Peter K. Wehrli und Peter Rosei<\/strong>, 29. Juni 2000Die beiden Schriftsteller, die miteinander seit Jahren befreundet sind, stellten einander gegenseitig vor und lasen aus neuen und unver\u00f6ffentlichten Manuskripten.<\/li>\n<li><strong>Hauskonzert von Maya Homburger und Barry Guy<\/strong>, 21. August 2004Eric Homburger &#8211; mein juristischer und anwaltlicher Mentor und Vater der Violonistin Maya Homburger &#8211; und ich hatten uns entschlossen, die Tradition gemeinsam organisierter Konzerte wieder aufzunehmen. <a href=\"https:\/\/drolshammer.net\/german\/wp-content\/uploads\/2018\/05\/CV_MH_BGuy.pdf\" target=\"_blank\" rel=\"noopener\">Maya Homburger<\/a> (Barockvioline) und ihr Ehemann <a href=\"https:\/\/drolshammer.net\/german\/wp-content\/uploads\/2018\/05\/CV_MH_BGuy.pdf\" target=\"_blank\" rel=\"noopener\">Barry Guy<\/a> (Bass) spielten Barockmusik, Eigenkompositionen und Improvisationen.<\/li>\n<li><span class=\"smallfont\"><span class=\"smallfont\"><strong>Gespr\u00e4ch \u00fcber Georges Bloch<\/strong>, 25. August 2005<\/span><\/span>Georges Bloch &#8211; Erbauer und Voreigent\u00fcmer des Hauses an der Susenbergstrasse 157 &#8211; war ein erfolgreicher j\u00fcdischer Textilkaufmann in Z\u00fcrich. Er war eine pr\u00e4gende Pers\u00f6nlichkeit der j\u00fcdischen Gemeinde. Er widmete sich w\u00e4hrend des Krieges der Betreuung j\u00fcdischer Kinder in der Schweiz und in der Nachkriegszeit engagierte er sich im Bau von Kinderd\u00f6rfern in Israel, in denen auch arabische Kinder aufgenommen werden mussten. Bekannt war Georges Bloch durch sein &#8222;Hobby&#8220;. Er hatte eine vollst\u00e4ndige Sammlung der graphischen Arbeiten von Pablo Picasso aufgebaut, diese in B\u00fcchern beschrieben und kommentiert, anschliessend der \u00f6ffentlichkeit zug\u00e4nglich gemacht und teilweise auch verschenkt. Er war ein pers\u00f6nlicher Freund von Pablo Picasso.Im Hausanlass sprachen verschiedene G\u00e4ste, die Georges Bloch pers\u00f6nlich gekannt haben, \u00fcber gemeinsame Erinnerungen und seine Bedeutung in der j\u00fcdischen Gemeinde und als Kunstsammler.<\/li>\n<li><strong>Gespr\u00e4ch mit dem K\u00fcnstler Hamish Fulton und<\/strong> Slide Show \u00fcber \u201ewalks\u201c und den sieben Partien, die sich an einer neuartigen Finanzierung seines \u201eWalks\u201c auf den Mt. Everest beteiligten, 7. Februar 2008.<\/li>\n<li><strong>Hauskonzert von Maya Homburger (Barockvioline) und Barry Guy (Contra-Bass)<\/strong>, Donnerstag, 5. Juni 2008<\/li>\n<\/ol>\n<p>Diese Anl\u00e4sse sind nach 2012 bewusst reduziert worden.[\/vc_column_text][\/vc_column][\/vc_row][\/vc_section]\n<\/section>","protected":false},"excerpt":{"rendered":"<p>[vc_section][vc_row][vc_column][vc_column_text] [ Ausbildungsanl\u00e4sse ] \u00a0[ Akademische Begegnungen ] [ Kulturelle Begegnungen ] Bei guten Gelegenheiten laden wir bekannte und befreundete Kulturschaffende und K\u00fcnstler zu einem Hausanlass im den The Salon ein. Der Bereich des Musizierens und des Sammelns zeitgen\u00f6ssischer Kunst geh\u00f6rt in den privaten Bereich. Er wird in dieser Darstellung zu Informationszwecken lediglich kursorisch erw\u00e4hnt.&hellip;<\/p>\n","protected":false},"author":2,"featured_media":0,"parent":0,"menu_order":0,"comment_status":"closed","ping_status":"closed","template":"","meta":[],"acf":[],"_links":{"self":[{"href":"https:\/\/drolshammer.net\/german\/wp-json\/wp\/v2\/pages\/336"}],"collection":[{"href":"https:\/\/drolshammer.net\/german\/wp-json\/wp\/v2\/pages"}],"about":[{"href":"https:\/\/drolshammer.net\/german\/wp-json\/wp\/v2\/types\/page"}],"author":[{"embeddable":true,"href":"https:\/\/drolshammer.net\/german\/wp-json\/wp\/v2\/users\/2"}],"replies":[{"embeddable":true,"href":"https:\/\/drolshammer.net\/german\/wp-json\/wp\/v2\/comments?post=336"}],"version-history":[{"count":13,"href":"https:\/\/drolshammer.net\/german\/wp-json\/wp\/v2\/pages\/336\/revisions"}],"predecessor-version":[{"id":2173,"href":"https:\/\/drolshammer.net\/german\/wp-json\/wp\/v2\/pages\/336\/revisions\/2173"}],"wp:attachment":[{"href":"https:\/\/drolshammer.net\/german\/wp-json\/wp\/v2\/media?parent=336"}],"curies":[{"name":"wp","href":"https:\/\/api.w.org\/{rel}","templated":true}]}}