{"id":339,"date":"2018-05-01T07:14:14","date_gmt":"2018-05-01T07:14:14","guid":{"rendered":"http:\/\/new.drolshammer.net\/german\/?page_id=339"},"modified":"2023-06-05T15:22:10","modified_gmt":"2023-06-05T13:22:10","slug":"work-experience","status":"publish","type":"page","link":"https:\/\/drolshammer.net\/german\/work-experience\/","title":{"rendered":"Work Experience"},"content":{"rendered":"<section class=\"wpb-content-wrapper\">[vc_section css=&#8220;.vc_custom_1685971271795{margin-bottom: 20px !important;}&#8220;][vc_row][vc_column][vc_column_text]\n<h1 style=\"text-align: center;\">Work Experience<\/h1>\n<h2 style=\"text-align: center;\">Jens Drolshammer<\/h2>\n<h3 style=\"text-align: center;\">Prof. Dr. iur., MCL, Rechtsanwalt<\/h3>\n[\/vc_column_text][vc_single_image image=&#8220;1790&#8243; css=&#8220;.vc_custom_1543519303905{margin-top: 30px !important;}&#8220;][\/vc_column][\/vc_row][vc_row 0=&#8220;&#8220;][vc_column 0=&#8220;&#8220;][vc_column_text 0=&#8220;&#8220;]<span class=\"sub\"><a href=\"https:\/\/drolshammer.net\/german\/?page_id=339\">[ Beruflicher Hintergrund ]<\/a><a href=\"https:\/\/drolshammer.net\/german\/?page_id=341\"> \u00a0 <\/a><a href=\"https:\/\/drolshammer.net\/german\/?page_id=341\">[ Aus- und Weiterbildung ]<\/a><\/span><\/p>\n<h3><span class=\"title\">1975 &#8211; 2002: Homburger Rechtsanw\u00e4lte<\/span><\/h3>\n<h3><span class=\"title\">1980 &#8211; 2002: Partner, Gr\u00fcndungsmitglied<\/span><\/h3>\n<h3><span class=\"title\">1975 &#8211; 1980: Mitarbeiter<\/span><\/h3>\n<p>Massgebliche Beitr\u00e4ge zur Entwicklung der Struktur, der Strategie und der Klientenbasis der Anwaltskanzlei, einer f\u00fchrenden Commercial Law Firm in der Schweiz; &#8222;Leading Lawyer&#8220; in &#8222;Antitrust&#8220;, in &#8222;Swiss-EU Relationship&#8220; und in &#8222;Corporate Governance&#8220;.<\/p>\n<h3><span class=\"title\">1981 &#8211; 2009: Universit\u00e4t St. Gallen<\/span><\/h3>\n<p>Dozent an der Universit\u00e4t St. Gallen, haupts\u00e4chlich in den Bereichen &#8222;American Legal Culture&#8220;, Rechtsvergleichung und der Planung und Strukturierung von wirtschaftlichen Transaktionen; verschiedene interdisziplin\u00e4re Doktorandenseminare \u00fcber komplexe Transaktionen. Lehrt gegenw\u00e4rtig auf der Masterstufe im Masterprogramm f\u00fcr Law and Economics.<\/p>\n<p>Seit April 1995 bis Dezember 2009 Titularprofessor der Universit\u00e4t St. Gallen f\u00fcr Anglo-amerikanisches Recht und Rechtsgesch\u00e4ftsplanung und -gestaltung. <a href=\"https:\/\/drolshammer.net\/german\/ss-2007\/\">Sommersemester 2007 <\/a>Lehrauftrag an der Universit\u00e4t Z\u00fcrich.<\/p>\n<p>Kommissionspr\u00e4sident (bis Januar 2003), Mitbegr\u00fcnder und Dozent Nachdiplomstudium &#8222;Executive Master of European and International Business Law, M.B.L.-HSG&#8220; und Dozent im Master of International Management Doktorandenprogramm.<\/p>\n<p>Mitglied des gesch\u00e4ftsleitenden Ausschusses des Instituts f\u00fcr Europ\u00e4isches und Internationales Wirtschaftsrecht der Universit\u00e4t St. Gallen, Senior Fellow am Institut f\u00fcr Management der Universit\u00e4t St. Gallen. (bis Sommer 2010)<\/p>\n<h3><span class=\"title\">1972 &#8211; 1974<\/span><\/h3>\n<p>Neben dem Schreiben der Dissertation verschiedene Stellen, als Auditor am Bezirksgericht Z\u00fcrich, als wissenschaftlicher Mitarbeiter von Prof. Dr. E. Homburger, \u00dcbersetzer und Mitarbeiter von Homburger Rechtsanw\u00e4lte.[\/vc_column_text][\/vc_column][\/vc_row][\/vc_section]\n<\/section>","protected":false},"excerpt":{"rendered":"<p>[vc_section css=&#8220;.vc_custom_1685971271795{margin-bottom: 20px !important;}&#8220;][vc_row][vc_column][vc_column_text] Work Experience Jens Drolshammer Prof. Dr. iur., MCL, Rechtsanwalt [\/vc_column_text][vc_single_image image=&#8220;1790&#8243; css=&#8220;.vc_custom_1543519303905{margin-top: 30px !important;}&#8220;][\/vc_column][\/vc_row][vc_row 0=&#8220;&#8220;][vc_column 0=&#8220;&#8220;][vc_column_text 0=&#8220;&#8220;][ Beruflicher Hintergrund ] \u00a0 [ Aus- und Weiterbildung ] 1975 &#8211; 2002: Homburger Rechtsanw\u00e4lte 1980 &#8211; 2002: Partner, Gr\u00fcndungsmitglied 1975 &#8211; 1980: Mitarbeiter Massgebliche Beitr\u00e4ge zur Entwicklung der Struktur, der Strategie und der Klientenbasis&hellip;<\/p>\n","protected":false},"author":2,"featured_media":0,"parent":0,"menu_order":0,"comment_status":"closed","ping_status":"closed","template":"","meta":[],"acf":[],"_links":{"self":[{"href":"https:\/\/drolshammer.net\/german\/wp-json\/wp\/v2\/pages\/339"}],"collection":[{"href":"https:\/\/drolshammer.net\/german\/wp-json\/wp\/v2\/pages"}],"about":[{"href":"https:\/\/drolshammer.net\/german\/wp-json\/wp\/v2\/types\/page"}],"author":[{"embeddable":true,"href":"https:\/\/drolshammer.net\/german\/wp-json\/wp\/v2\/users\/2"}],"replies":[{"embeddable":true,"href":"https:\/\/drolshammer.net\/german\/wp-json\/wp\/v2\/comments?post=339"}],"version-history":[{"count":20,"href":"https:\/\/drolshammer.net\/german\/wp-json\/wp\/v2\/pages\/339\/revisions"}],"predecessor-version":[{"id":2140,"href":"https:\/\/drolshammer.net\/german\/wp-json\/wp\/v2\/pages\/339\/revisions\/2140"}],"wp:attachment":[{"href":"https:\/\/drolshammer.net\/german\/wp-json\/wp\/v2\/media?parent=339"}],"curies":[{"name":"wp","href":"https:\/\/api.w.org\/{rel}","templated":true}]}}