{"id":34,"date":"2018-04-28T04:10:38","date_gmt":"2018-04-28T04:10:38","guid":{"rendered":"http:\/\/new.drolshammer.net\/german\/?page_id=34"},"modified":"2018-10-21T20:43:56","modified_gmt":"2018-10-21T20:43:56","slug":"the-network","status":"publish","type":"page","link":"https:\/\/drolshammer.net\/german\/the-network\/","title":{"rendered":"Netzwerke"},"content":{"rendered":"<section class=\"wpb-content-wrapper\">[vc_section css=&#8220;.vc_custom_1525148890132{margin-bottom: 20px !important;background-color: #c9c9a5 !important;}&#8220;][vc_row][vc_column][vc_column_text]\n<h2><span class=\"hd\">Netzwerke<\/span><\/h2>\n<p><span class=\"lead\">Der Anspruch auf eine interdisziplin\u00e4re, internationale und integrative T\u00e4tigkeit in den verschiedenen Interessenbereichen setzt ein gesellschaftliches, soziales, kulturelles und technologisches Netzwerk voraus. <\/span><\/p>\n<p>Das Netzwerk entspricht neueren theoretischen Vorstellungen \u00fcber Organisationsformen der interdisziplin\u00e4ren und internationalen Zusammenarbeit: Es vereinfacht den fokussierten Aufbau neuer T\u00e4tigkeiten, \u00fcberbr\u00fcckt geographische Distanzen und verdichtet massgeschneiderte menschliche und berufliche Beziehungen.<\/p>\n<p>Der &#8222;Knoten&#8220; des Netzwerks ist die auch unternehmerische Einzelperson ohne institutionalisierte Organisation. Das Netzwerk ist ein Teil der pers\u00f6nlichen und beruflichen Existenz. Es basiert auf vielen und vielseitigen Begegnungen und Freundschaften im beruflichen und privaten Leben. In der Sprache der Universit\u00e4t St. Gallen ist es eine &#8222;strategische Erfolgsposition&#8220;.<\/p>\n<p>Zu meinem Netzwerk geh\u00f6ren alle wesentlichen Begegnungen der verschiedenen beruflichen T\u00e4tigkeiten im akademischen und im Beratungsbereich. Die wesentlichen Bestandteile sind Wissenschaft, Law Firms, Experts und Consultants. <a href=\"https:\/\/drolshammer.net\/german\/the-salon\/\">&#8222;The Salon&#8220;<\/a> soll diese Menschen zu einer virtuellen Gemeinschaft zusammenfassen.<\/p>\n<p>Es ist ein lebendiger Organismus, der sich laufend ver\u00e4ndert und sich den Gegebenheiten und Entwicklungen anpasst. Ein Netzwerk errichtet keine Einbahnstrassen. Es geht darum, den Zugang, die Mobilisierbarkeit, den geistigen und beruflichen Austausch in einfacher und wirksamer Art und Weise zu erm\u00f6glichen und die Zusammenarbeit zu erleichtern.<\/p>\n<p>Das Netzwerk ist ausschliesslich auf eine ausgewogene Gegenseitigkeit angelegt und beruht auf gegenseitigem Vertrauen. Mit \u201eFilz\u201c hat das Netzwerk nichts gemein. Im Mittelpunkt stehen im wesentlichen pers\u00f6nlich bekannte Professionals. Das Netzwerk entwickelt sich in Sonderformen in wissenschaftlichen Projekten, in Lehrveranstaltungen als self-learning organization und bei der interpersonalen und interdisziplin\u00e4ren Ad-hoc-Zusammenarbeit in der Beratungst\u00e4tigkeit.<\/p>\n<p>Das Netzwerk schafft als Interaktionsstruktur nur die Voraussetzungen zur Schaffung von Inhalten, zur Kontinuit\u00e4t und Best\u00e4ndigkeit. Das Netzwerk substituiert auch im Zeitalter der Virtualit\u00e4t die pers\u00f6nlichen Begegnungen nicht. \u2013 auch nicht die Realit\u00e4t einer Arbeitslandschaft mit Bibliotheken, Arbeitspl\u00e4tzen und Sitzungszimmern an der Susenbergstrasse in mehreren R\u00e4umen.<\/p>\n<p>Das Netzwerk manifestiert sich planm\u00e4ssig und institutionalisiert am Begegnungsort &#8222;<a href=\"https:\/\/drolshammer.net\/german\/the-salon\/\">The Salon<\/a>&#8220; an der Susenbergstrasse in Clubs wie einem &#8222;<a href=\"https:\/\/drolshammer.net\/german\/general-counsels-club\/\">General Counsels Club<\/a>&#8222;, einem &#8222;<a href=\"https:\/\/drolshammer.net\/german\/general-counsel-network\/\">General Counsels Network<\/a>&#8222;, einem &#8222;<a href=\"https:\/\/drolshammer.net\/german\/legal-culture-club\/\">Legal Culture Club<\/a>&#8222;, einem <a href=\"https:\/\/drolshammer.net\/german\/strategy-club\/\">Strategy Club<\/a> und einem &#8222;<a href=\"https:\/\/drolshammer.net\/german\/academic-reading-club\/\">wissenschaftlichen Leseclub<\/a>&#8220; und an <a href=\"https:\/\/drolshammer.net\/german\/academic-encounters\/\">akademischen<\/a>, <a href=\"https:\/\/drolshammer.net\/german\/training-encounters\/\">didaktischen<\/a> und <a href=\"https:\/\/drolshammer.net\/german\/cultural-encounters\/\">kulturellen<\/a> Anl\u00e4ssen. Alle Begegnungen erfolgen auf Einladung. Sie sind off the record. Sie verbinden professionelles und privates in ausgewogener Weise. Sie finden in einer Arbeitsumgebung der anderen Art statt.<\/p>\n<p><a href=\"https:\/\/drolshammer.net\/german\/wp-content\/uploads\/2018\/05\/der_vernetzte_anwalt.doc\" target=\"_blank\" rel=\"noopener\">&#8222;Der vernetzte Anwalt&#8220;<\/a>[\/vc_column_text][\/vc_column][\/vc_row][\/vc_section]\n<\/section>","protected":false},"excerpt":{"rendered":"<p>[vc_section css=&#8220;.vc_custom_1525148890132{margin-bottom: 20px !important;background-color: #c9c9a5 !important;}&#8220;][vc_row][vc_column][vc_column_text] Netzwerke Der Anspruch auf eine interdisziplin\u00e4re, internationale und integrative T\u00e4tigkeit in den verschiedenen Interessenbereichen setzt ein gesellschaftliches, soziales, kulturelles und technologisches Netzwerk voraus. Das Netzwerk entspricht neueren theoretischen Vorstellungen \u00fcber Organisationsformen der interdisziplin\u00e4ren und internationalen Zusammenarbeit: Es vereinfacht den fokussierten Aufbau neuer T\u00e4tigkeiten, \u00fcberbr\u00fcckt geographische Distanzen und verdichtet massgeschneiderte&hellip;<\/p>\n","protected":false},"author":2,"featured_media":0,"parent":0,"menu_order":0,"comment_status":"closed","ping_status":"closed","template":"","meta":[],"acf":[],"_links":{"self":[{"href":"https:\/\/drolshammer.net\/german\/wp-json\/wp\/v2\/pages\/34"}],"collection":[{"href":"https:\/\/drolshammer.net\/german\/wp-json\/wp\/v2\/pages"}],"about":[{"href":"https:\/\/drolshammer.net\/german\/wp-json\/wp\/v2\/types\/page"}],"author":[{"embeddable":true,"href":"https:\/\/drolshammer.net\/german\/wp-json\/wp\/v2\/users\/2"}],"replies":[{"embeddable":true,"href":"https:\/\/drolshammer.net\/german\/wp-json\/wp\/v2\/comments?post=34"}],"version-history":[{"count":11,"href":"https:\/\/drolshammer.net\/german\/wp-json\/wp\/v2\/pages\/34\/revisions"}],"predecessor-version":[{"id":1366,"href":"https:\/\/drolshammer.net\/german\/wp-json\/wp\/v2\/pages\/34\/revisions\/1366"}],"wp:attachment":[{"href":"https:\/\/drolshammer.net\/german\/wp-json\/wp\/v2\/media?parent=34"}],"curies":[{"name":"wp","href":"https:\/\/api.w.org\/{rel}","templated":true}]}}