{"id":341,"date":"2018-05-01T07:18:22","date_gmt":"2018-05-01T07:18:22","guid":{"rendered":"http:\/\/new.drolshammer.net\/german\/?page_id=341"},"modified":"2023-06-05T15:24:24","modified_gmt":"2023-06-05T13:24:24","slug":"education-and-professional-training","status":"publish","type":"page","link":"https:\/\/drolshammer.net\/german\/education-and-professional-training\/","title":{"rendered":"Education &#038; Professional Training"},"content":{"rendered":"<section class=\"wpb-content-wrapper\">[vc_section css=&#8220;.vc_custom_1685971421055{margin-bottom: 20px !important;}&#8220;][vc_row 0=&#8220;&#8220;][vc_column 0=&#8220;&#8220;][vc_column_text 0=&#8220;&#8220;]\n<h2 style=\"text-align: center;\">Jens Drolshammer<\/h2>\n<h3 style=\"text-align: center;\">Prof. Dr. iur., MCL, Rechtsanwalt<\/h3>\n[\/vc_column_text][vc_single_image image=&#8220;1793&#8243;][\/vc_column][\/vc_row][vc_row 0=&#8220;&#8220;][vc_column 0=&#8220;&#8220;][vc_column_text 0=&#8220;&#8220;]<span class=\"subact\"><a href=\"https:\/\/drolshammer.net\/german\/?page_id=339\">[ Beruflicher Hintergrund ]<\/a> \u00a0 <a href=\"https:\/\/drolshammer.net\/german\/?page_id=341\">[ Aus- und Weiterbildung ]<\/a><\/span><\/p>\n<h3><span class=\"title\">2014 \u2013 Heute: Berkman Klein Center<\/span><\/h3>\n<p>Faculty Associate am Berkman Klein Center for Internet &amp; Society, Harvard University<\/p>\n<h3><span class=\"title\">2011 \u2013 Heute: Anthology of Swiss Legal Culture<\/span><\/h3>\n<p>Co-Founder und co-Editor in chief, Anthology of Swiss Legal Culture<\/p>\n<h3><span class=\"title\">1999, 2003 \u2013 2008: Homburger Rechtsanw\u00e4lte<\/span><\/h3>\n<p>Visiting Research Professor und Senior Fellow am European Center for Law Research, Harvard Law School, und am Center for Business and Government der John F. Kennedy School of Government, Harvard University<\/p>\n<p>St\u00e4ndiger Visiting Scholar und Fellow am European Center for Law Research, Harvard Law School, und am Center for Business and Government der John F. Kennedy School of Government, Harvard University.<\/p>\n<p>St\u00e4ndiger Senior Research Fellow am Institut f\u00fcr Management, Universit\u00e4t St. Gallen, am World Trade Institute, Universit\u00e4t Bern und am Lehrstuhl f\u00fcr sicherheitspolitische Studien am Center for International Studies, Eidgen\u00f6ssische Technische Hochschule, Z\u00fcrich<\/p>\n<h3><strong><span class=\"title\">1999<\/span><\/strong><\/h3>\n<p>Visiting Scholar und Senior Fellow am European Center for Law Research, Harvard Law School<\/p>\n<h3><strong><span class=\"title\">1972 &#8211; 1974<\/span><\/strong><\/h3>\n<p>Dissertation, Universit\u00e4t Z\u00fcrich (summa cum laude)<\/p>\n<h3><span class=\"title\"><strong>1970 &#8211; 1972<\/strong><\/span><\/h3>\n<p>Graduate Fellow University of Michigan Law School (MCL), und Visiting Scholar Harvard Law School<\/p>\n<h3><span class=\"title\"><strong>1969 &#8211; 1970<\/strong><\/span><\/h3>\n<p>Ann\u00e9e d&#8217;Etudes Sup\u00e9rieures, Universit\u00e4t Genf Graduate Courses am Graduate Institute for International Affairs (HEI), Universit\u00e4t Genf und an der Akademie f\u00fcr internatonales Recht, Den Haag<\/p>\n<h3><span class=\"title\"><strong>1964 &#8211; 1968<\/strong><\/span><\/h3>\n<p>Studium der Rechte, Universit\u00e4t Z\u00fcrich, Licenziat (magna cum laude)<\/p>\n<h3><span class=\"title\"><strong>1961 &#8211; 1962<\/strong><\/span><\/h3>\n<p>Harding High School, Oklahoma City (American Field Service)<\/p>\n<h3><strong><span class=\"title\">1957 &#8211; 1964<\/span><\/strong><\/h3>\n<p>Gymnasium, Solothurn[\/vc_column_text][\/vc_column][\/vc_row][\/vc_section]\n<\/section>","protected":false},"excerpt":{"rendered":"<p>[vc_section css=&#8220;.vc_custom_1685971421055{margin-bottom: 20px !important;}&#8220;][vc_row 0=&#8220;&#8220;][vc_column 0=&#8220;&#8220;][vc_column_text 0=&#8220;&#8220;] Jens Drolshammer Prof. Dr. iur., MCL, Rechtsanwalt [\/vc_column_text][vc_single_image image=&#8220;1793&#8243;][\/vc_column][\/vc_row][vc_row 0=&#8220;&#8220;][vc_column 0=&#8220;&#8220;][vc_column_text 0=&#8220;&#8220;][ Beruflicher Hintergrund ] \u00a0 [ Aus- und Weiterbildung ] 2014 \u2013 Heute: Berkman Klein Center Faculty Associate am Berkman Klein Center for Internet &amp; Society, Harvard University 2011 \u2013 Heute: Anthology of Swiss Legal Culture Co-Founder&hellip;<\/p>\n","protected":false},"author":2,"featured_media":0,"parent":0,"menu_order":0,"comment_status":"closed","ping_status":"closed","template":"","meta":[],"acf":[],"_links":{"self":[{"href":"https:\/\/drolshammer.net\/german\/wp-json\/wp\/v2\/pages\/341"}],"collection":[{"href":"https:\/\/drolshammer.net\/german\/wp-json\/wp\/v2\/pages"}],"about":[{"href":"https:\/\/drolshammer.net\/german\/wp-json\/wp\/v2\/types\/page"}],"author":[{"embeddable":true,"href":"https:\/\/drolshammer.net\/german\/wp-json\/wp\/v2\/users\/2"}],"replies":[{"embeddable":true,"href":"https:\/\/drolshammer.net\/german\/wp-json\/wp\/v2\/comments?post=341"}],"version-history":[{"count":14,"href":"https:\/\/drolshammer.net\/german\/wp-json\/wp\/v2\/pages\/341\/revisions"}],"predecessor-version":[{"id":2141,"href":"https:\/\/drolshammer.net\/german\/wp-json\/wp\/v2\/pages\/341\/revisions\/2141"}],"wp:attachment":[{"href":"https:\/\/drolshammer.net\/german\/wp-json\/wp\/v2\/media?parent=341"}],"curies":[{"name":"wp","href":"https:\/\/api.w.org\/{rel}","templated":true}]}}