{"id":387,"date":"2018-05-01T14:53:03","date_gmt":"2018-05-01T14:53:03","guid":{"rendered":"http:\/\/new.drolshammer.net\/german\/?page_id=387"},"modified":"2018-09-04T17:57:24","modified_gmt":"2018-09-04T17:57:24","slug":"chapters-in-books","status":"publish","type":"page","link":"https:\/\/drolshammer.net\/german\/chapters-in-books\/","title":{"rendered":"Chapters in Books"},"content":{"rendered":"<section class=\"wpb-content-wrapper\">[vc_section css=&#8220;.vc_custom_1525186379792{margin-bottom: 20px !important;background-color: #c9c9a5 !important;}&#8220;][vc_row][vc_column][vc_column_text]\n<h2><span class=\"hd\">Kapitel in B\u00fcchern<\/span><\/h2>\n<p><span class=\"subact\">[ <a class=\"subact\" href=\"https:\/\/drolshammer.net\/german\/?page_id=486\">Books<\/a> ]<\/span> \u00a0 <span class=\"sub\">[ <a class=\"sub\" href=\"https:\/\/drolshammer.net\/german\/?page_id=387\">Chapters<\/a> ]<\/span> \u00a0 <span class=\"sub\">[ <a class=\"sub\" href=\"https:\/\/drolshammer.net\/german\/?page_id=488\">Articles<\/a> ]<\/span> \u00a0 <span class=\"sub\">[ <a class=\"sub\" href=\"https:\/\/drolshammer.net\/german\/?page_id=490\">Reviews &amp; Reports<\/a> ]<\/span><br \/>\n<span class=\"sub\">[ <a class=\"sub\" href=\"https:\/\/drolshammer.net\/german\/?page_id=493\">Newspaper Articles<\/a> ]<\/span><\/p>\n<table border=\"0\" width=\"100%\" cellspacing=\"2\" cellpadding=\"0\">\n<tbody>\n<tr>\n<td colspan=\"2\" bgcolor=\"#999999\"><img decoding=\"async\" loading=\"lazy\" src=\"http:\/\/drolshammer.net\/img\/t.gif\" width=\"1\" height=\"1\" border=\"0\" \/><\/td>\n<\/tr>\n<tr>\n<td valign=\"top\" width=\"1%\"><img decoding=\"async\" loading=\"lazy\" src=\"http:\/\/drolshammer.net\/img\/ic_square.gif\" alt=\"\" width=\"13\" height=\"11\" border=\"0\" \/><\/td>\n<td class=\"txt\" valign=\"top\" width=\"90%\"><span class=\"title\"><strong>Zur Situationalit\u00e4t der Unternehmensjuristen als International Lawyer im Spannungsfeld von Globalisierung und Anglo-Amerikanisierung von Recht und Rechtsberufen, In-house counsel in internationalen Unternehmen, Sylvie Hambloch-Gesinn, Beat Hess, Andreas L. Meier, Reto Schiltknecht, Christian Wind (Hrsg.)<\/strong> <\/span><\/td>\n<\/tr>\n<tr>\n<td colspan=\"2\" bgcolor=\"#999999\"><img decoding=\"async\" loading=\"lazy\" src=\"http:\/\/drolshammer.net\/img\/t.gif\" width=\"1\" height=\"1\" border=\"0\" \/><\/td>\n<\/tr>\n<tr>\n<td valign=\"top\" width=\"1%\"><img decoding=\"async\" loading=\"lazy\" src=\"http:\/\/drolshammer.net\/img\/ic_square.gif\" alt=\"\" width=\"13\" height=\"11\" border=\"0\" \/><\/td>\n<td class=\"txt\" valign=\"top\" width=\"90%\"><strong><span class=\"title\">\u00abAttack on America\u00bb: The Consequences &#8211; from a Legal Perspective &#8211; the Role of Law, Lawyers and Law Enforcement (Special event immediately after event)<\/span><\/strong><br \/>\nin: A Timely Turn to the Laywer? Globalisierung und die Anglo-Amerikanisierung von Recht und Rechtsberufen &#8211; Essays, Z\u00fcrich\/St. Gallen, 2009, p. 661-676.<\/td>\n<\/tr>\n<tr>\n<td colspan=\"2\" bgcolor=\"#999999\"><img decoding=\"async\" loading=\"lazy\" src=\"http:\/\/drolshammer.net\/img\/t.gif\" width=\"1\" height=\"1\" border=\"0\" \/><\/td>\n<\/tr>\n<tr>\n<td valign=\"top\" width=\"1%\"><img decoding=\"async\" loading=\"lazy\" src=\"http:\/\/drolshammer.net\/img\/ic_square.gif\" alt=\"\" width=\"13\" height=\"11\" border=\"0\" \/><\/td>\n<td class=\"txt\" valign=\"top\" width=\"90%\"><strong><span class=\"title\">The Path to the Turn to the Lawyer(s)? &#8211; Amerikanische Konzepte und Ideen f\u00fcr einen Blue Print &#8222;to take it global&#8220;<\/span><\/strong><br \/>\nin: A Timely Turn to the Laywer? Globalisierung und die Anglo-Amerikanisierung von Recht und Rechtsberufen &#8211; Essays, Z\u00fcrich\/St.Gallen, 2009, p. 863-1134.<\/td>\n<\/tr>\n<tr>\n<td colspan=\"2\" bgcolor=\"#999999\"><img decoding=\"async\" loading=\"lazy\" src=\"http:\/\/drolshammer.net\/img\/t.gif\" width=\"1\" height=\"1\" border=\"0\" \/><\/td>\n<\/tr>\n<tr>\n<td valign=\"top\" width=\"1%\"><img decoding=\"async\" loading=\"lazy\" src=\"http:\/\/drolshammer.net\/img\/ic_square.gif\" alt=\"\" width=\"13\" height=\"11\" border=\"0\" \/><\/td>\n<td class=\"txt\" valign=\"top\" width=\"90%\"><strong><span class=\"title\">Risk and Response &#8211; Zur Notwendigkeit eines strategischen Umgangs mit Catastrophic Risks in Grenzbereichen technologischer und wissenschaftlicher Entwicklungen<\/span><\/strong><br \/>\nin: Festschrift fu\u00fcr Jacques Santer = Hommage a&#8216; Jacques Santer (Frank Engel et al.), Luxembourg, 2007.<\/td>\n<\/tr>\n<tr>\n<td colspan=\"2\" bgcolor=\"#999999\"><img decoding=\"async\" loading=\"lazy\" src=\"http:\/\/drolshammer.net\/img\/t.gif\" width=\"1\" height=\"1\" border=\"0\" \/><\/td>\n<\/tr>\n<tr>\n<td valign=\"top\" width=\"1%\"><img decoding=\"async\" loading=\"lazy\" src=\"http:\/\/drolshammer.net\/img\/ic_square.gif\" alt=\"\" width=\"13\" height=\"11\" border=\"0\" \/><\/td>\n<td class=\"txt\" valign=\"top\" width=\"90%\"><strong><span class=\"title\">Recht, Rechtsberufe und Rechtsreputation als Faktoren der internationalen Wettbewerbsf\u00e4higkeit &#8211; das &#8222;Legal Black Hole&#8220; der zugrunde liegenden Rechtskonzeption<\/span><\/strong><br \/>\nin: Rechtliche Rahmenbedingungen des Wirtschaftsstandortes Schweiz : Festschrift 25 Jahre juristische Abschl\u00fcsse an der Universit\u00e4t St. Gallen (HSG), Z\u00fcrich, 2007.<\/td>\n<\/tr>\n<tr>\n<td colspan=\"2\" bgcolor=\"#999999\"><img decoding=\"async\" loading=\"lazy\" src=\"http:\/\/drolshammer.net\/img\/t.gif\" width=\"1\" height=\"1\" border=\"0\" \/><\/td>\n<\/tr>\n<tr>\n<td valign=\"top\" width=\"1%\"><img decoding=\"async\" loading=\"lazy\" src=\"http:\/\/drolshammer.net\/img\/ic_square.gif\" alt=\"\" width=\"13\" height=\"11\" border=\"0\" \/><\/td>\n<td class=\"txt\" valign=\"top\" width=\"90%\"><span class=\"title\"><strong>A College of International Lawyers in a Networked Society? The Need for Conceptualization of the &#8222;New International Lawyer&#8220; from a Global Perspective<\/strong> <\/span><br \/>\nin: Reflections on the International Practice of Law, Liber Amicorum for the 35th Anniversary of B\u00e4r &amp; Karrer, Helbling &amp; Lichtenhahn, Basel, 2004, p.69 &#8211; 92.<\/td>\n<\/tr>\n<tr>\n<td colspan=\"2\" bgcolor=\"#999999\"><img decoding=\"async\" loading=\"lazy\" src=\"http:\/\/drolshammer.net\/img\/t.gif\" width=\"1\" height=\"1\" border=\"0\" \/><\/td>\n<\/tr>\n<tr>\n<td valign=\"top\" width=\"1%\"><img decoding=\"async\" loading=\"lazy\" src=\"http:\/\/drolshammer.net\/img\/ic_square.gif\" alt=\"\" width=\"13\" height=\"11\" border=\"0\" \/><\/td>\n<td class=\"txt\" valign=\"top\" width=\"90%\"><strong><span class=\"title\">Verlangt die Globalisierung eine Neuausrichtung der Forschung? &#8211; Beispiele von Forschungsfeldern im Bereich Recht und Management aus der Sicht eines International Lawyers,<\/span><\/strong><br \/>\nin: Meilensteine des Managements, Basel, Genf, M\u00fcnchen, 2003.<\/td>\n<\/tr>\n<tr>\n<td colspan=\"2\" bgcolor=\"#999999\"><img decoding=\"async\" loading=\"lazy\" src=\"http:\/\/drolshammer.net\/img\/t.gif\" width=\"1\" height=\"1\" border=\"0\" \/><\/td>\n<\/tr>\n<tr>\n<td valign=\"top\" width=\"1%\"><img decoding=\"async\" loading=\"lazy\" src=\"http:\/\/drolshammer.net\/img\/ic_square.gif\" alt=\"\" width=\"13\" height=\"11\" border=\"0\" \/><\/td>\n<td class=\"txt\" valign=\"top\" width=\"90%\">With M\u00fcller-Stewens G\u00fcnter.<strong> <span class=\"title\">&#8211; Managing the International Law Firm: Nuisance or Necessity?<\/span><\/strong><br \/>\nin: The Future of the Legal Profession, (with Pfeifer Michael ed.), in: European Journal of Law Reform, Vol. 2 Issue 4, 2000 and in: The Internationalization of the Practice of Law, Kluwer International, 2001.<\/td>\n<\/tr>\n<tr>\n<td colspan=\"2\" bgcolor=\"#999999\"><img decoding=\"async\" loading=\"lazy\" src=\"http:\/\/drolshammer.net\/img\/t.gif\" width=\"1\" height=\"1\" border=\"0\" \/><\/td>\n<\/tr>\n<tr>\n<td valign=\"top\" width=\"1%\"><img decoding=\"async\" loading=\"lazy\" src=\"http:\/\/drolshammer.net\/img\/ic_square.gif\" alt=\"\" width=\"13\" height=\"11\" border=\"0\" \/><\/td>\n<td class=\"txt\" valign=\"top\" width=\"90%\"><strong><span class=\"title\">The Future Legal Structure of International Law Firms- Is the Experience of the Big Five in Structuring Auditing and Consulting Organizations relevant?,<\/span><\/strong><br \/>\nin: The Future of the Legal Profession, (with Pfeifer Michael ed.), European Journal of Law Reform, Vol. 2 Issue 4, 2000 and in: The Internationalization of the Practice of Law, Kluwer International, 2001.<\/td>\n<\/tr>\n<tr>\n<td colspan=\"2\" bgcolor=\"#999999\"><img decoding=\"async\" loading=\"lazy\" src=\"http:\/\/drolshammer.net\/img\/t.gif\" width=\"1\" height=\"1\" border=\"0\" \/><\/td>\n<\/tr>\n<tr>\n<td valign=\"top\" width=\"1%\"><img decoding=\"async\" loading=\"lazy\" src=\"http:\/\/drolshammer.net\/img\/ic_square.gif\" alt=\"\" width=\"13\" height=\"11\" border=\"0\" \/><\/td>\n<td class=\"txt\" valign=\"top\" width=\"90%\">With Murray Peter <span class=\"title\">&#8211; <strong>The Education and Training of a New International Lawyer,<\/strong><\/span><br \/>\nin: The Future of the Legal Profession, (with Pfeifer Michael ed.), European Journal of Law Reform, Vol. 2 Issue 4, 2000 and in: The Internationalization of the Practice of Law, Kluwer International, 2001.<\/td>\n<\/tr>\n<tr>\n<td colspan=\"2\" bgcolor=\"#999999\"><img decoding=\"async\" loading=\"lazy\" src=\"http:\/\/drolshammer.net\/img\/t.gif\" width=\"1\" height=\"1\" border=\"0\" \/><\/td>\n<\/tr>\n<tr>\n<td valign=\"top\" width=\"1%\"><img decoding=\"async\" loading=\"lazy\" src=\"http:\/\/drolshammer.net\/img\/ic_square.gif\" alt=\"\" width=\"13\" height=\"11\" border=\"0\" \/><\/td>\n<td class=\"txt\" valign=\"top\" width=\"90%\">With Rentsch, Rudolf <span class=\"title\">&#8211; <strong>Stand des Schweizer Wettbewerbsrechts im Jahr 2001,<\/strong><\/span><br \/>\nin: Recht der Internationalen Wirtschaft, 12\/2001, p. 912-922.<\/td>\n<\/tr>\n<tr>\n<td colspan=\"2\" bgcolor=\"#999999\"><img decoding=\"async\" loading=\"lazy\" src=\"http:\/\/drolshammer.net\/img\/t.gif\" width=\"1\" height=\"1\" border=\"0\" \/><\/td>\n<\/tr>\n<tr>\n<td valign=\"top\" width=\"1%\"><img decoding=\"async\" loading=\"lazy\" src=\"http:\/\/drolshammer.net\/img\/ic_square.gif\" alt=\"\" width=\"13\" height=\"11\" border=\"0\" \/><\/td>\n<td class=\"txt\" valign=\"top\" width=\"90%\"><strong><span class=\"title\">&#8222;Amerika gibt es nicht&#8220; &#8211; Tendenzen einer Amerikanisierung der Rechtsordnung, Rechtsberufe und Rechtsausbildungen in der Schweiz &#8211; eine Agenda f\u00fcr eine Umgangstrategie,<\/span><\/strong><br \/>\nin: Festgabe der Juristischen Abteilung der Universit\u00e4t St. Gallen zum Schweizerischen Juristentag 2000, p. 367-396; reprinted in DAJV Newsletter 3\/2002 (Zeitschrift der Deutsch-Amerikanischen Juristen-Vereinigung e.V.), p. 69-78.<\/td>\n<\/tr>\n<tr>\n<td colspan=\"2\" bgcolor=\"#999999\"><img decoding=\"async\" loading=\"lazy\" src=\"http:\/\/drolshammer.net\/img\/t.gif\" width=\"1\" height=\"1\" border=\"0\" \/><\/td>\n<\/tr>\n<tr>\n<td valign=\"top\" width=\"1%\"><img decoding=\"async\" loading=\"lazy\" src=\"http:\/\/drolshammer.net\/img\/ic_square.gif\" alt=\"\" width=\"13\" height=\"11\" border=\"0\" \/><\/td>\n<td class=\"txt\" valign=\"top\" width=\"90%\"><strong><span class=\"title\">Competition Law in Switzerland,<\/span><\/strong><br \/>\nin: Competition Law in the EU, its Member States and Switzerland, (F.O.W. Vogelaar, J. Stuyck, B.L.P. van Reeken, ed.), Series Law of Business and Finance, Vol. 2-I, University of Njimegen 2000, p. 561-633.<\/td>\n<\/tr>\n<tr>\n<td colspan=\"2\" bgcolor=\"#999999\"><img decoding=\"async\" loading=\"lazy\" src=\"http:\/\/drolshammer.net\/img\/t.gif\" width=\"1\" height=\"1\" border=\"0\" \/><\/td>\n<\/tr>\n<tr>\n<td valign=\"top\" width=\"1%\"><img decoding=\"async\" loading=\"lazy\" src=\"http:\/\/drolshammer.net\/img\/ic_square.gif\" alt=\"\" width=\"13\" height=\"11\" border=\"0\" \/><\/td>\n<td class=\"txt\" valign=\"top\" width=\"90%\"><strong><span class=\"title\">Der Stand des Schweizerischen Kartellrechts im Jahr 1999: Die Sicht der Unternehmen &#8211; ein Pl\u00e4doyer f\u00fcr eine kooperative und internationalistische Kartellrechts-Community und Kartellrechtskultur in der Schweiz,<\/span><\/strong><br \/>\nin: Neueste Entwicklungen im europ\u00e4ischen und internationalen Kartellrecht, Sechstes St. Galler Internationales Kartellrechtsforum 1999 (Carl Baudenbacher ed.), Basel, Geneva, Munich 2000, p. 187-270.<\/td>\n<\/tr>\n<\/tbody>\n<\/table>\n<table border=\"0\" width=\"100%\" cellspacing=\"2\" cellpadding=\"0\">\n<tbody>\n<tr>\n<td colspan=\"2\" bgcolor=\"#999999\"><img decoding=\"async\" loading=\"lazy\" src=\"http:\/\/drolshammer.net\/img\/t.gif\" width=\"1\" height=\"1\" border=\"0\" \/><\/td>\n<\/tr>\n<tr>\n<td valign=\"top\" width=\"1%\"><img decoding=\"async\" loading=\"lazy\" src=\"http:\/\/drolshammer.net\/img\/ic_square.gif\" alt=\"\" width=\"13\" height=\"11\" border=\"0\" \/><\/td>\n<td class=\"txt\" valign=\"top\" width=\"90%\">With M\u00fcller-Stewens G\u00fcnter\/Kriegmeier Jochen. <span class=\"title\">&#8211; <strong>Branchenmerkmale und Gestaltungsfelder des Managements,<\/strong><\/span><br \/>\nin Professional Service Firms, (M\u00fcller-Stewens G.\/Drolshammer J.\/Kriegmeier J., ed.), Frankfurt 1999, p. 11-153.<\/td>\n<\/tr>\n<tr>\n<td colspan=\"2\" bgcolor=\"#999999\"><img decoding=\"async\" loading=\"lazy\" src=\"http:\/\/drolshammer.net\/img\/t.gif\" width=\"1\" height=\"1\" border=\"0\" \/><\/td>\n<\/tr>\n<tr>\n<td valign=\"top\" width=\"1%\"><img decoding=\"async\" loading=\"lazy\" src=\"http:\/\/drolshammer.net\/img\/ic_square.gif\" alt=\"\" width=\"13\" height=\"11\" border=\"0\" \/><\/td>\n<td class=\"txt\" valign=\"top\" width=\"90%\">With Pfeifer, Michael. <span class=\"title\"> &#8211; <strong>Der Beitritt zur Europ\u00e4ischen Union als Herausforderung f\u00fcr die schweizerische &#8222;International Practice of Law&#8220;? &#8211; Lagebeurteilung und Thesen<\/strong>,<\/span><br \/>\nin: Der Beitritt der Schweiz zur Europ\u00e4ischen Union, Brennpunkte und Auswirkungen (Th. Cottier\/A.R. Kopse, ed.), Zurich, 1998, p. 887 bis 924.<\/td>\n<\/tr>\n<tr>\n<td colspan=\"2\" bgcolor=\"#999999\"><img decoding=\"async\" loading=\"lazy\" src=\"http:\/\/drolshammer.net\/img\/t.gif\" width=\"1\" height=\"1\" border=\"0\" \/><\/td>\n<\/tr>\n<tr>\n<td valign=\"top\" width=\"1%\"><img decoding=\"async\" loading=\"lazy\" src=\"http:\/\/drolshammer.net\/img\/ic_square.gif\" alt=\"\" width=\"13\" height=\"11\" border=\"0\" \/><\/td>\n<td class=\"txt\" valign=\"top\" width=\"90%\"><span class=\"title\"><strong>Ein didaktisches Experiment an der Universit\u00e4t St. Gallen und ein Pl\u00e4doyer f\u00fcr eine transaktionale Lehrmethode im modernen Wirtschaftsrecht<\/strong>,<\/span><br \/>\nin: Solothurner Festgabe zum Schweizerischen Juristentag 1998, Solothurn 1998, p. 391-411.<\/td>\n<\/tr>\n<tr>\n<td colspan=\"2\" bgcolor=\"#999999\"><img decoding=\"async\" loading=\"lazy\" src=\"http:\/\/drolshammer.net\/img\/t.gif\" width=\"1\" height=\"1\" border=\"0\" \/><\/td>\n<\/tr>\n<tr>\n<td valign=\"top\" width=\"1%\"><img decoding=\"async\" loading=\"lazy\" src=\"http:\/\/drolshammer.net\/img\/ic_square.gif\" alt=\"\" width=\"13\" height=\"11\" border=\"0\" \/><\/td>\n<td class=\"txt\" valign=\"top\" width=\"90%\"><strong><span class=\"title\">Der Rechtsanwalt als Hochschullehrer?<\/span><\/strong><br \/>\nin: Schweizerisches Anwaltsrecht, Festschrift Schweizerischer Anwaltsverband, 1998, Bern, 1998, p. 531-545.<\/td>\n<\/tr>\n<tr>\n<td colspan=\"2\" bgcolor=\"#999999\"><img decoding=\"async\" loading=\"lazy\" src=\"http:\/\/drolshammer.net\/img\/t.gif\" width=\"1\" height=\"1\" border=\"0\" \/><\/td>\n<\/tr>\n<tr>\n<td valign=\"top\" width=\"1%\"><img decoding=\"async\" loading=\"lazy\" src=\"http:\/\/drolshammer.net\/img\/ic_square.gif\" alt=\"\" width=\"13\" height=\"11\" border=\"0\" \/><\/td>\n<td class=\"txt\" valign=\"top\" width=\"90%\">With Ducrey Patrik. <span class=\"title\"> &#8211;<strong> Art. 9-11, Unternehmenszusammenschl\u00fcsse,<\/strong><\/span><br \/>\nin: Kommentar zum schweizerischen Kartellgesetz (Homburger\/Schmidhauser\/Hoffet\/Ducrey, ed.). Zurich 1996.<\/td>\n<\/tr>\n<tr>\n<td colspan=\"2\" bgcolor=\"#999999\"><img decoding=\"async\" loading=\"lazy\" src=\"http:\/\/drolshammer.net\/img\/t.gif\" width=\"1\" height=\"1\" border=\"0\" \/><\/td>\n<\/tr>\n<tr>\n<td valign=\"top\" width=\"1%\"><img decoding=\"async\" loading=\"lazy\" src=\"http:\/\/drolshammer.net\/img\/ic_square.gif\" alt=\"\" width=\"13\" height=\"11\" border=\"0\" \/><\/td>\n<td class=\"txt\" valign=\"top\" width=\"90%\">With Dasser Felix. <span class=\"title\"> &#8211; <strong>Kommentar zu Art. 136-137 IPRG<\/strong>,<\/span><br \/>\nin: Kommentar zum schweizerischen Privatrecht &#8211; IPR (Honsell\/Vogt\/Schnyder, ed.) Basel 1996, p. 1003-1030.<\/td>\n<\/tr>\n<tr>\n<td colspan=\"2\" bgcolor=\"#999999\"><img decoding=\"async\" loading=\"lazy\" src=\"http:\/\/drolshammer.net\/img\/t.gif\" width=\"1\" height=\"1\" border=\"0\" \/><\/td>\n<\/tr>\n<tr>\n<td valign=\"top\" width=\"1%\"><img decoding=\"async\" loading=\"lazy\" src=\"http:\/\/drolshammer.net\/img\/ic_square.gif\" alt=\"\" width=\"13\" height=\"11\" border=\"0\" \/><\/td>\n<td class=\"txt\" valign=\"top\" width=\"90%\"><strong><span class=\"title\">Die Zusammenschlusskontrolle im EWR-Vertrag aus schweizerischer Sicht,<\/span><\/strong><br \/>\nin: Festschrift f\u00fcr Alfred-Carl Gaedertz zum 70. Geburtstag, Munich 1992, p. 111-140.<\/td>\n<\/tr>\n<\/tbody>\n<\/table>\n[\/vc_column_text][\/vc_column][\/vc_row][\/vc_section]\n<\/section>","protected":false},"excerpt":{"rendered":"<p>[vc_section css=&#8220;.vc_custom_1525186379792{margin-bottom: 20px !important;background-color: #c9c9a5 !important;}&#8220;][vc_row][vc_column][vc_column_text] Kapitel in B\u00fcchern [ Books ] \u00a0 [ Chapters ] \u00a0 [ Articles ] \u00a0 [ Reviews &amp; Reports ] [ Newspaper Articles ] Zur Situationalit\u00e4t der Unternehmensjuristen als International Lawyer im Spannungsfeld von Globalisierung und Anglo-Amerikanisierung von Recht und Rechtsberufen, In-house counsel in internationalen Unternehmen, Sylvie Hambloch-Gesinn, Beat&hellip;<\/p>\n","protected":false},"author":2,"featured_media":0,"parent":0,"menu_order":0,"comment_status":"closed","ping_status":"closed","template":"","meta":[],"acf":[],"_links":{"self":[{"href":"https:\/\/drolshammer.net\/german\/wp-json\/wp\/v2\/pages\/387"}],"collection":[{"href":"https:\/\/drolshammer.net\/german\/wp-json\/wp\/v2\/pages"}],"about":[{"href":"https:\/\/drolshammer.net\/german\/wp-json\/wp\/v2\/types\/page"}],"author":[{"embeddable":true,"href":"https:\/\/drolshammer.net\/german\/wp-json\/wp\/v2\/users\/2"}],"replies":[{"embeddable":true,"href":"https:\/\/drolshammer.net\/german\/wp-json\/wp\/v2\/comments?post=387"}],"version-history":[{"count":6,"href":"https:\/\/drolshammer.net\/german\/wp-json\/wp\/v2\/pages\/387\/revisions"}],"predecessor-version":[{"id":1291,"href":"https:\/\/drolshammer.net\/german\/wp-json\/wp\/v2\/pages\/387\/revisions\/1291"}],"wp:attachment":[{"href":"https:\/\/drolshammer.net\/german\/wp-json\/wp\/v2\/media?parent=387"}],"curies":[{"name":"wp","href":"https:\/\/api.w.org\/{rel}","templated":true}]}}