{"id":390,"date":"2018-05-01T17:07:19","date_gmt":"2018-05-01T17:07:19","guid":{"rendered":"http:\/\/new.drolshammer.net\/german\/?page_id=390"},"modified":"2018-09-04T17:45:10","modified_gmt":"2018-09-04T17:45:10","slug":"fs-2008","status":"publish","type":"page","link":"https:\/\/drolshammer.net\/german\/fs-2008\/","title":{"rendered":"FS-2008"},"content":{"rendered":"<section class=\"wpb-content-wrapper\">[vc_section css=&#8220;.vc_custom_1525194477074{margin-bottom: 20px !important;background-color: #c9c9a5 !important;}&#8220;][vc_row][vc_column][vc_column_text]\n<h2><span class=\"hd\">&#8222;The Canon of American Legal Thought&#8220;- Amerikanische Rechtskultur aus europ\u00e4ischer Perspektive<\/span><\/h2>\n<p><span class=\"sub\"><a href=\"https:\/\/drolshammer.net\/german\/?page_id=390\">[ FS 2008 ] <\/a>\u00a0 [ <a class=\"sub\" href=\"https:\/\/drolshammer.net\/german\/?page_id=393\">SS 2007<\/a> ] \u00a0 [ <a class=\"sub\" href=\"https:\/\/drolshammer.net\/german\/?page_id=396\">WS 2006\/07<\/a> ]\n[ <a class=\"sub\" href=\"https:\/\/drolshammer.net\/german\/?page_id=398\">SS 2006<\/a> ] \u00a0 [ <a class=\"sub\" href=\"https:\/\/drolshammer.net\/german\/?page_id=400\">WS 2005\/06<\/a> ] \u00a0 [ <a class=\"sub\" href=\"https:\/\/drolshammer.net\/german\/?page_id=402\">WS 2002\/03<\/a> ]\n[ <a class=\"sub\" href=\"https:\/\/drolshammer.net\/german\/?page_id=404\">SS 2002<\/a> ] \u00a0 [ <a class=\"sub\" href=\"https:\/\/drolshammer.net\/german\/?page_id=406\">WS 2001\/02<\/a> ] \u00a0 [ <a class=\"subact\" href=\"https:\/\/drolshammer.net\/german\/?page_id=408\">SS 2000<\/a> ]<\/span><\/p>\n<p>Zielgruppe dieser im Fr\u00fchjahrssemester 2008 an der Universit\u00e4t St. Gallen durchgef\u00fchrten Lehrveranstaltung sind Studenten der Master-Stufe, die rechtliche Texte in englischer Sprache ohne grosse M\u00fche lesen k\u00f6nnen. Der Inhalt besteht aus einer repr\u00e4sentativen Auswahl von Schl\u00fcsseltexten, die zum Canon of American Legal Thought geh\u00f6ren und besonderen Einf\u00fchrungen der einzelnen Texte der Herausgeber. Es geht um sehr wichtige Texte des American Legal Thought, von denen vorausgesetzt wird, dass jeder legal scholar dieselben einmal gelesen hat, wobei i.d.R. nicht wie im Buch die Volltexte sondern nur Ausz\u00fcge der Titel zug\u00e4nglich sind.<\/p>\n<p>F\u00fcr die KommilitonInnen geht es um eine Auseinandersetzung sowohl mit der Form, als auch mit dem Stoff, so wie sie an einer amerikanischen Law School gelehrt wird, einschliesslich einer intensiven Lekt\u00fcre von Texten in englischer Rechtssprache und der entsprechenden Vorbereitung der classes.<\/p>\n<p>Es geht um das Arbeiten auf einer Meta-Ebene der Rechtsmethode anhand von Schl\u00fcsseltexten, die, wie die Herausgeber schreiben, deshalb bedeutend sind, weil &#8222;many of the tools of legal structures that lawyers, and policy makers use every day and take for granted, are originated in these texts as a dramatic intellectual innovation&#8220;.<\/p>\n<p>In diesem Sinne geht es auch um eine Relevierung der Geschichts- und Politik-Abh\u00e4ngigkeit der Evolution amerikanischen rechtlichen Denkens und amerikanischer Rechtspolitik; die Lehrveranstaltung bezweckt, dass die KommilitonInnen innerhalb des amerikanischen Rechtsdenkens eine starke intellektuelle theoretische Kultur entdecken und verstehen lernen.<\/p>\n<p>Interdisziplin\u00e4r geht es darum, dass die Perspektiven wie political theory, sociology, psychology and vor allem economics, so wie diese in bestimmten Texten einbezogen und dargestellt sind, in ihr eigenes Rechtsverst\u00e4ndnis der Vereinigten Staaten eingehen und einen Beitrag zu ihrem Verst\u00e4ndnis leisten, &#8222;how law works from the inside&#8220;.<\/p>\n<p>Aus europ\u00e4ischer Perspektive geht es, vor dem Hintergrund der Ausbildung der KommilitonInnen auf der Bachelor-Stufe und der Master-Stufe an der Universit\u00e4t St. Gallen darum, im Hinblick auf einen rechtsvergleichenden Zugang, die grunds\u00e4tzlichen Unterschiede im &#8222;American Legal Thought&#8220;, so wie sie im Buch dargestellt sind, mindestens im Sinne eines issue spotting, zu erkennen.<\/p>\n<p>Der Kurs repliziert inhaltlich und methodisch eine Lehrveranstaltung mit Tradition der Harvard Law School, die regelm\u00e4ssig durch die beiden Herausgeber als Professoren durchgef\u00fchrt wird.<\/p>\n<p>Am Anfang und am Schluss sind mit den Herausgebern Professor David Kennedy und Professor William Fischer III in einer Videokonferenz eine Befragung durch den Dozenten zum Konzept der history of legal thought geplant; dies hat sich in der Lehrveranstaltung vor 2 Jahren Professor Alan M. Dershowitz zu dessen Buch &#8222;America on Trial &#8211; Inside the Legal Battle that transformed our Nation&#8220; bew\u00e4hrt.<\/p>\n<p>Im Zentrum stehen die systematische Lekt\u00fcre und die vorbereitete Diskussion in den Stunden der 20 im Buch enthaltenen Schl\u00fcsseltexte, mit kurzen Einf\u00fchrungen und Bemerkungen des Dozenten (ca. 850 Seiten oder allenfalls Entscheidung in der ersten Lehrveranstaltung durch den Dozenten nach transparenten Kriterien reduziert).<\/p>\n<p>Dazu lesen wir parallel fakultative Lekt\u00fcre ein kurzes Buche von Peter Hay und das zur Einf\u00fchrung in das amerikanische Rechtssystem und das amerikanische Rechtsdenken, als Leitplanke zum besseren Verst\u00e4ndnis des amerikanischen Rechts.<\/p>\n<p>M\u00f6glicherweise wird im Rahmen einer Rollenverteilung ein gemeinsames \u00fcbersichtsdokument \u00fcber die essentialia der gelesenen Texte erstellt; dies hat sich vor zwei Jahren in der Lehrveranstaltung zum Buch von Alan M. Dershowitz &#8222;America on Trial &#8211; Inside the Legal Battle that transformed our Nation&#8220; bew\u00e4hrt und als Grundlage der Pr\u00fcfung als n\u00fctzlich erwiesen.<\/p>\n<p>Ein Hauptzweck ist das Erleben einer Durchf\u00fchrung einer Lehrveranstaltung nach didaktischer Methode und Pr\u00fcfungskultur einer American Law School.<\/p>\n<p>&nbsp;[\/vc_column_text][\/vc_column][\/vc_row][\/vc_section]\n<\/section>","protected":false},"excerpt":{"rendered":"<p>[vc_section css=&#8220;.vc_custom_1525194477074{margin-bottom: 20px !important;background-color: #c9c9a5 !important;}&#8220;][vc_row][vc_column][vc_column_text] &#8222;The Canon of American Legal Thought&#8220;- Amerikanische Rechtskultur aus europ\u00e4ischer Perspektive [ FS 2008 ] \u00a0 [ SS 2007 ] \u00a0 [ WS 2006\/07 ] [ SS 2006 ] \u00a0 [ WS 2005\/06 ] \u00a0 [ WS 2002\/03 ] [ SS 2002 ] \u00a0 [ WS 2001\/02 ] \u00a0&hellip;<\/p>\n","protected":false},"author":2,"featured_media":0,"parent":0,"menu_order":0,"comment_status":"closed","ping_status":"closed","template":"","meta":[],"acf":[],"_links":{"self":[{"href":"https:\/\/drolshammer.net\/german\/wp-json\/wp\/v2\/pages\/390"}],"collection":[{"href":"https:\/\/drolshammer.net\/german\/wp-json\/wp\/v2\/pages"}],"about":[{"href":"https:\/\/drolshammer.net\/german\/wp-json\/wp\/v2\/types\/page"}],"author":[{"embeddable":true,"href":"https:\/\/drolshammer.net\/german\/wp-json\/wp\/v2\/users\/2"}],"replies":[{"embeddable":true,"href":"https:\/\/drolshammer.net\/german\/wp-json\/wp\/v2\/comments?post=390"}],"version-history":[{"count":7,"href":"https:\/\/drolshammer.net\/german\/wp-json\/wp\/v2\/pages\/390\/revisions"}],"predecessor-version":[{"id":1281,"href":"https:\/\/drolshammer.net\/german\/wp-json\/wp\/v2\/pages\/390\/revisions\/1281"}],"wp:attachment":[{"href":"https:\/\/drolshammer.net\/german\/wp-json\/wp\/v2\/media?parent=390"}],"curies":[{"name":"wp","href":"https:\/\/api.w.org\/{rel}","templated":true}]}}