{"id":393,"date":"2018-05-01T17:09:33","date_gmt":"2018-05-01T17:09:33","guid":{"rendered":"http:\/\/new.drolshammer.net\/german\/?page_id=393"},"modified":"2018-09-04T17:44:32","modified_gmt":"2018-09-04T17:44:32","slug":"ss-2007","status":"publish","type":"page","link":"https:\/\/drolshammer.net\/german\/ss-2007\/","title":{"rendered":"SS-2007"},"content":{"rendered":"<section class=\"wpb-content-wrapper\">[vc_section css=&#8220;.vc_custom_1525194612842{margin-bottom: 20px !important;background-color: #c9c9a5 !important;}&#8220;][vc_row][vc_column][vc_column_text]\n<h2><span class=\"hd\">Interuniversit\u00e4res Seminar der Universit\u00e4ten St. Gallen und Z\u00fcrich<\/span><\/h2>\n<p><span class=\"sub\"><a href=\"https:\/\/drolshammer.net\/german\/?page_id=390\">[ FS 2008 ] <\/a>\u00a0 [ <a class=\"sub\" href=\"https:\/\/drolshammer.net\/german\/?page_id=393\">SS 2007<\/a> ] \u00a0 [ <a class=\"sub\" href=\"https:\/\/drolshammer.net\/german\/?page_id=396\">WS 2006\/07<\/a> ]\n[ <a class=\"sub\" href=\"https:\/\/drolshammer.net\/german\/?page_id=398\">SS 2006<\/a> ] \u00a0 [ <a class=\"sub\" href=\"https:\/\/drolshammer.net\/german\/?page_id=400\">WS 2005\/06<\/a> ] \u00a0 [ <a class=\"sub\" href=\"https:\/\/drolshammer.net\/german\/?page_id=402\">WS 2002\/03<\/a> ]\n[ <a class=\"sub\" href=\"https:\/\/drolshammer.net\/german\/?page_id=404\">SS 2002<\/a> ] \u00a0 [ <a class=\"sub\" href=\"https:\/\/drolshammer.net\/german\/?page_id=406\">WS 2001\/02<\/a> ] \u00a0 [ <a class=\"subact\" href=\"https:\/\/drolshammer.net\/german\/?page_id=408\">SS 2000<\/a> ]<\/span><\/p>\n<p><span class=\"lead\">Amerikanische Rechtskultur aus europ\u00e4ischer Sicht &#8211; Umgang mit der Rechtskultur der USA durch Leiter von Rechtsabteilungen multinationaler Unternehmen, durch international t\u00e4tige Rechtsanw\u00e4lte, durch schweizerische Verwaltungs- und Regulierungsbeh\u00f6rden sowie durch Gerichte in der Schweiz und in Europa <\/span><\/p>\n<p>Prof. Dr. Jens Drolshammer f\u00fchrte im Sommersemester 2007 mit den Kollegen Prof. Dr. Anton Schnyder und Prof. Dr. Hans-Ueli Vogt von der Universit\u00e4t Z\u00fcrich ein interuniversit\u00e4res Seminar der Universit\u00e4ten Z\u00fcrich und St. Gallen mit oben genanntem Titel durch. Das Seminar sollte den Studierenden aufzeigen, wie sich die Ber\u00fchrung mit dem amerikanischen Recht und der amerikanischen Rechtskultur in den Berufen der Unternehmensjuristen, der Rechtsanw\u00e4lte, des in der Regulierung oder Verwaltung t\u00e4tigen Juristen sowie des Richters in der Schweiz konkret auswirkt, welche Priorit\u00e4t der Umgang mit dieser Rechtskultur in diesen Bereichen hat und wie diese Berufe mit dem amerikanischen Recht und der Rechtskultur in der Wirklichkeit umgehen. Ansichten und Diskussionsstoff sollen den Studierenden vor allem in Form von Berichten hochrangiger Exponenten der vier Berufskategorien vermittelt werden. Diese Berichte von der Berufsfront waren Ausgangspunkt thematisch konzentrierter, vertiefter Diskussionen im Themenbereich des Seminars.<\/p>\n<p>Das Seminar sollte den Studierenden zudem auch einen problembezogenen Einblick in die Rechtspraxis vermitteln und dadurch eine Erg\u00e4nzung du den an den Universit\u00e4ten in der Regel vor allem dogmatisch ausgerichteten Veranstaltungen bieten. Die Studierenden erwarben zudem aufgrund der vorg\u00e4ngigen Lekt\u00fcre eines umfangreichen Readers spezifisches Wissen zum Seminarthema, ebenso aufgrund einer nach dem Seminar zu verfassenden Seminararbeit.<\/p>\n<p>Die Veranstaltung ist wie folgt aufgebaut.<\/p>\n<p>An der <em>Er\u00f6ffungsveranstaltung<\/em> hielten die Professoren Dr. Andreas Wenger (ETH Z\u00fcrich) und Prof. Dr. Rolf St\u00fcrner (Universit\u00e4t Freiburg) Grundsatzreferate \u00fcber den Zustand der transatlantischen Beziehungen und der Bedeutung der Vereinigten Staaten f\u00fcr Europa und die Schweiz aus aussen- und geopolitischer und aus juristischer Sicht.<\/p>\n<p><em>Hauptveranstaltung I<\/em> &#8222;Amerikanische Rechtskultur aus der Sicht von Leitern von Rechtsabteilungen multinationaler Unternehmen in der Schweiz&#8220; bestritten Dr. Peter Kurer (UBS AG) mit einem Referat, Dr. Markus Diethelm (Swiss Re), Dr. Bruno Meier (Roche), Dr. Thomas Werlen (Novartis), Dr. Reto Schiltknecht (Schindler) und Dr. Andreas Meier (Institut Straumann) mit Statements.<\/p>\n<p><em>Hauptveranstaltung II<\/em> &#8222;Amerikanische Rechtskultur aus der Sicht von international t\u00e4tigen Rechtsanw\u00e4lten in der Schweiz&#8220;, Dr. Andreas von Planta (Lenz &amp; Staehelin), Dr. Peter Isler (Niederer Kraft &amp; Frey), Dr. Nedim Peter Vogt (B\u00e4r &amp; Karrer), PD Dr. Nathalie Voser (Schellenberg Wittmer) und Dr. Peter Widmer (Homburger).<\/p>\n<p><em>Hauptveranstaltung III<\/em> &#8222;Amerikanische Rechtskultur aus der Sicht von Verwaltungs- und Regulierungsbeh\u00f6rden in der Schweiz&#8220; bestritten Prof. Dr. Heinrich Koller (vormals Direktor des Bundesamtes f\u00fcr Justiz) mit einem Referat, Dr. Rudolf Wyss (Leiter der Abteilung Internationale Rechtshilfe, Bundesamt f\u00fcr Justiz), Dieter Cavalleri (stv. Chef der Sektion V\u00f6lkerrecht, Direktion f\u00fcr V\u00f6lkerrecht), F\u00fcrsprecher Michel-Andr\u00e9 Fels (stv. Bundesanwalt), Dr. Urs Zulauf (Chef der Abteilung Recht, Eidgen\u00f6ssische Bankenkommission) und Dr. Hanspeter Tsch\u00e4ni (Leiter Ressort Internationales Wirtschaftsrecht, seco) mit Statements.<\/p>\n<p><em>Hauptveranstaltung IV<\/em> &#8222;Amerikanische Rechtskultur aus der Sicht von schweizerischen und europ\u00e4ischen Gerichten&#8220; bestritten mit Referaten Dr. Heinz Aemisegger (Richter am schweizerischen Bundesgericht), Prof. Dr. Dr. h.c. Luzius Wildhaber (Pr\u00e4sident des Europ\u00e4ischen Gerichtshofes f\u00fcr Menschenrechte), Judge Aindrias O&#8217;Caoimh (Richter am Europ\u00e4ischen Gerichtshof) und Prof. Dr. Carl Otto Lenz (ehemaliger Generalanwalt am Europ\u00e4ischen Gerichtshof) mit Referaten.<\/p>\n<p>In allen Hauptveranstaltungen \u00e4usserten sich die Experten ausschliesslich zu der konkreten Betroffenheit und zum konkreten Umgang in ihrer Funktion mit amerikanischem Recht und amerikanischer Rechtskultur.<\/p>\n<p>In allen Hauptveranstaltungen erfolgten die Befragungen durch vorbereitete Fragen von in Gruppen organisierten Studenten. Die teilnehmenden Assistenten waren f\u00fcr die Protokollierung verantwortlich.<\/p>\n<p>In der Schlussveranstaltung trugen die Studentengruppen eine Synthese vor und zogen ihr eigenes Fazit aus der Lehrveranstaltung in vorbereiteten Pr\u00e4sentationen.<\/p>\n<p>\u00fcber die Lehrveranstaltung entsteht m\u00f6glicherweise eine Publikation der verantwortlichen Professoren.<\/p>\n<p>Die Lehrveranstaltung w\u00e4re ohne finanzielle Unterst\u00fctzung von Geldgebern nicht m\u00f6glich gewesen. Dazu geh\u00f6ren Allianz Suisse, Homburger Rechtsanw\u00e4lte, Niederer Kraft &amp; Frey, Roche, Schellenberg Wittmer, Institut Straumann AG, Swiss Re, UBS AG und Dr. Nedim Peter Vogt (B\u00e4r &amp; Karrer).<\/p>\n<p>&nbsp;[\/vc_column_text][\/vc_column][\/vc_row][\/vc_section]\n<\/section>","protected":false},"excerpt":{"rendered":"<p>[vc_section css=&#8220;.vc_custom_1525194612842{margin-bottom: 20px !important;background-color: #c9c9a5 !important;}&#8220;][vc_row][vc_column][vc_column_text] Interuniversit\u00e4res Seminar der Universit\u00e4ten St. Gallen und Z\u00fcrich [ FS 2008 ] \u00a0 [ SS 2007 ] \u00a0 [ WS 2006\/07 ] [ SS 2006 ] \u00a0 [ WS 2005\/06 ] \u00a0 [ WS 2002\/03 ] [ SS 2002 ] \u00a0 [ WS 2001\/02 ] \u00a0 [ SS 2000&hellip;<\/p>\n","protected":false},"author":2,"featured_media":0,"parent":0,"menu_order":0,"comment_status":"closed","ping_status":"closed","template":"","meta":[],"acf":[],"_links":{"self":[{"href":"https:\/\/drolshammer.net\/german\/wp-json\/wp\/v2\/pages\/393"}],"collection":[{"href":"https:\/\/drolshammer.net\/german\/wp-json\/wp\/v2\/pages"}],"about":[{"href":"https:\/\/drolshammer.net\/german\/wp-json\/wp\/v2\/types\/page"}],"author":[{"embeddable":true,"href":"https:\/\/drolshammer.net\/german\/wp-json\/wp\/v2\/users\/2"}],"replies":[{"embeddable":true,"href":"https:\/\/drolshammer.net\/german\/wp-json\/wp\/v2\/comments?post=393"}],"version-history":[{"count":7,"href":"https:\/\/drolshammer.net\/german\/wp-json\/wp\/v2\/pages\/393\/revisions"}],"predecessor-version":[{"id":1279,"href":"https:\/\/drolshammer.net\/german\/wp-json\/wp\/v2\/pages\/393\/revisions\/1279"}],"wp:attachment":[{"href":"https:\/\/drolshammer.net\/german\/wp-json\/wp\/v2\/media?parent=393"}],"curies":[{"name":"wp","href":"https:\/\/api.w.org\/{rel}","templated":true}]}}