{"id":398,"date":"2018-05-01T17:14:53","date_gmt":"2018-05-01T17:14:53","guid":{"rendered":"http:\/\/new.drolshammer.net\/german\/?page_id=398"},"modified":"2018-09-04T17:48:48","modified_gmt":"2018-09-04T17:48:48","slug":"ss-2006","status":"publish","type":"page","link":"https:\/\/drolshammer.net\/german\/ss-2006\/","title":{"rendered":"SS-2006"},"content":{"rendered":"<section class=\"wpb-content-wrapper\">[vc_section css=&#8220;.vc_custom_1525194885584{margin-bottom: 20px !important;background-color: #c9c9a5 !important;}&#8220;][vc_row 0=&#8220;&#8220;][vc_column 0=&#8220;&#8220;][vc_column_text 0=&#8220;&#8220;]\n<h2><span class=\"hd\">Amerikanische Rechtskultur aus europ\u00e4ischer Sicht<\/span><\/h2>\n<p><span class=\"sub\"><a href=\"https:\/\/drolshammer.net\/german\/?page_id=390\">[ FS 2008 ] <\/a>\u00a0 [ <a class=\"sub\" href=\"https:\/\/drolshammer.net\/german\/?page_id=393\">SS 2007<\/a> ] \u00a0 [ <a class=\"sub\" href=\"https:\/\/drolshammer.net\/german\/?page_id=396\">WS 2006\/07<\/a> ]\n[ <a class=\"sub\" href=\"https:\/\/drolshammer.net\/german\/?page_id=398\">SS 2006<\/a> ] \u00a0 [ <a class=\"sub\" href=\"https:\/\/drolshammer.net\/german\/?page_id=400\">WS 2005\/06<\/a> ] \u00a0 [ <a class=\"sub\" href=\"https:\/\/drolshammer.net\/german\/?page_id=402\">WS 2002\/03<\/a> ]\n[ <a class=\"sub\" href=\"https:\/\/drolshammer.net\/german\/?page_id=404\">SS 2002<\/a> ] \u00a0 [ <a class=\"sub\" href=\"https:\/\/drolshammer.net\/german\/?page_id=406\">WS 2001\/02<\/a> ] \u00a0 [ <a class=\"subact\" href=\"https:\/\/drolshammer.net\/german\/?page_id=408\">SS 2000<\/a> ]<\/span><\/p>\n<p><span class=\"lead\">Ein Umgang durch die Geschichte des amerikanischen Rechts anhand des Buches von Prof. Alan M. Dershowitz, America on Trial, Inside the legal battles that transformed our nation &#8211; Sommersemester 2006 <\/span><\/p>\n<p>Es handelt sich um ein Kolloquium f\u00fcr Fortgeschrittene im Kontextstudium, in dem die Absolventen der Master Programme sowohl der Betriebswirtschaftslehre, der Volkswirtschaftslehre und der Rechtslehre der Universit\u00e4t St. Gallen teilnehmen d\u00fcrfen und das mit drei Credits bewertet wird.<\/p>\n<p>Ein wichtiger Anlass zur Lehrveranstaltung ist die Tatsache, dass wir in der Schweiz in der Regel keine der Bedeutung des amerikanischen Rechts in der Globalisierung entsprechenden vertieften Kenntnisse der Wirkungsweise und der Bedeutung dieser Rechtskultur haben. Wir kennen insbesondere die komplexen Wirkungsweisen dieser Rechtskultur zu wenig und haben in der Schweiz auch nur unterentwickelte Instrumente und Institutionen f\u00fcr diesen Umgang. Wir haben in der Folge eine ungen\u00fcgende Denk- und Handlungsautonomie in der Erarbeitung, der Artikulation und der Kommunikation einer eigenen &#8211; schweizerischen bzw. europ\u00e4ischen &#8211; Perspektive im Umgang mit der amerikanischen Rechtskultur. Dies hat sich auf dem Hintergrund der zunehmenden Hegemonisierung in den j\u00fcngsten Jahren versch\u00e4rft. Es gilt zum Ersten also mehr \u00fcber dieses Recht und diese Rechtskultur zu wissen.<\/p>\n<p>Auf diesem Hintergrund will die Lehrveranstaltung als Motivationsveranstaltung die amerikanische Rechtskultur anhand eines typischen Ph\u00e4nomens &#8211; des Strafrechts &#8211; darstellen. Sie will zu einer komparatistischen Sichtweise anregen, die die Analyse der Wirkungen und Optionen m\u00f6glicher Umg\u00e4nge mit der amerikanischen Rechtskultur erleichtert. Die Lehrveranstaltung ist auf die Interdisziplinarit\u00e4t der TeilnehmerInnen ausgerichtet. Sie geht von einem erweiterten Kulturbegriff aus. Sie hat einen Aktualit\u00e4tsbezug derweise, dass es um die Frage des Umganges mit der heutigen amerikanischen Rechtskultur in der Gegenwart geht. Eine bessere Kenntnis der Bedeutung dieser Rechtskultur ist heute auch f\u00fcr Absolventen der betriebswirtschaftlichen und der volkswirtschaftlichen Abteilung berufsrelevant.<\/p>\n<p>Wir w\u00e4hlen als Turnger\u00e4t f\u00fcr diese &#8222;Reise&#8220; das inspirierende Buch von Prof. Alan M. Dershowitz &#8222;America on Trial, Inside the legal battles that transformed our nation&#8220; aus. <a href=\"http:\/\/drolshammer.net\/de\/downloads\/CV_Dershowitz.pdf\" target=\"_blank\" rel=\"noopener\">Alan Dershowitz<\/a> ist einer der bedeutendsten Strafrechtslehrer, Strafrechtsverteidiger und Rechtsdenker in den Vereinigten Staaten und ein weit \u00fcber die Vereinigten Staaten hinaus bekannter j\u00fcdischer Intellektueller und Schriftsteller. Er lehrt an der Harvard Law School.<\/p>\n<p>In diesem Buch gelingt es ihm, wichtige Wesensz\u00fcge des amerikanischen Rechts entlang der Zeitachse der Geschichte der Vereinigten Staaten anhand einer ausgew\u00e4hlten Vielzahl von Gerichtsf\u00e4llen darzustellen. Die Falldarstellungen werden jeweils in der Zeitgeschichte situiert, kurz zusammengefasst und von Alan Dershowitz gew\u00fcrdigt. Sie sind chronologisch dargestellt und f\u00fchren von der Gr\u00fcndung der Vereinigten Staaten bis in die Gegenwart.<\/p>\n<p>Didaktisch geht es in der Lehrveranstaltung um eine vorbereitete und strukturierte Class Room Discussion \u00fcber die im Buch von Alan Dershowitz dargestellten F\u00e4lle. Es wird dabei in englischer Sprache ein 600-seitiges Buch gelesen. Die Class Room Discussion geschieht teilweise in vorweg verteilten Rollen, um eine anschauliche und lebendige Erh\u00f6hung der Reflexions- und kulturellen Kompetenz der Studenten auf der Masterstufe zu erreichen. Den roten Faden bildet die Geschichte der Vereinigten Staaten, Schaufenster bilden lebens- und kulturnahe und in der \u00f6ffentlichkeit kontrovers diskutierte wichtigste Gerichtsf\u00e4lle.<\/p>\n<p>Die Studenten schreiben in verteilten Rollen eine Zusammenfassung des gesamten Buches nach vorgegebenem Raster.<\/p>\n<p>Prof. Alan Dershowitz wird durch den Dozenten in einer Videokonferenz zum Buch systematisch befragt.<\/p>\n<p>Der Dozent organisiert die Studenten in einer elektronischen Virtual Community und steuert den Lehr- und Lernprozess zentral.<\/p>\n<p>Als K\u00fcr werden gleichzeitig mit fakultativer Teilnahme zwei prominent verfilmte F\u00e4lle, die im Buch von Alan Dershowitz dargestellt sind, im Seminarraum des Dozenten in Z\u00fcrich gezeigt. Visioniert wurden &#8222;The Nuremberg-Trial&#8220;, mit Dr. Dr. h.c. Peter Studer, fr\u00fcherer Chefredaktor des Tages Anzeigers und des Schweizer Fernsehens DRS als Gast und &#8222;To Kill a Mocking Bird&#8220;, mit Firmregisseur Fredi Murer als Gast<\/p>\n<p>&nbsp;[\/vc_column_text][\/vc_column][\/vc_row][\/vc_section]\n<\/section>","protected":false},"excerpt":{"rendered":"<p>[vc_section css=&#8220;.vc_custom_1525194885584{margin-bottom: 20px !important;background-color: #c9c9a5 !important;}&#8220;][vc_row 0=&#8220;&#8220;][vc_column 0=&#8220;&#8220;][vc_column_text 0=&#8220;&#8220;] Amerikanische Rechtskultur aus europ\u00e4ischer Sicht [ FS 2008 ] \u00a0 [ SS 2007 ] \u00a0 [ WS 2006\/07 ] [ SS 2006 ] \u00a0 [ WS 2005\/06 ] \u00a0 [ WS 2002\/03 ] [ SS 2002 ] \u00a0 [ WS 2001\/02 ] \u00a0 [ SS 2000&hellip;<\/p>\n","protected":false},"author":2,"featured_media":0,"parent":0,"menu_order":0,"comment_status":"closed","ping_status":"closed","template":"","meta":[],"acf":[],"_links":{"self":[{"href":"https:\/\/drolshammer.net\/german\/wp-json\/wp\/v2\/pages\/398"}],"collection":[{"href":"https:\/\/drolshammer.net\/german\/wp-json\/wp\/v2\/pages"}],"about":[{"href":"https:\/\/drolshammer.net\/german\/wp-json\/wp\/v2\/types\/page"}],"author":[{"embeddable":true,"href":"https:\/\/drolshammer.net\/german\/wp-json\/wp\/v2\/users\/2"}],"replies":[{"embeddable":true,"href":"https:\/\/drolshammer.net\/german\/wp-json\/wp\/v2\/comments?post=398"}],"version-history":[{"count":4,"href":"https:\/\/drolshammer.net\/german\/wp-json\/wp\/v2\/pages\/398\/revisions"}],"predecessor-version":[{"id":1284,"href":"https:\/\/drolshammer.net\/german\/wp-json\/wp\/v2\/pages\/398\/revisions\/1284"}],"wp:attachment":[{"href":"https:\/\/drolshammer.net\/german\/wp-json\/wp\/v2\/media?parent=398"}],"curies":[{"name":"wp","href":"https:\/\/api.w.org\/{rel}","templated":true}]}}