{"id":400,"date":"2018-05-01T17:17:36","date_gmt":"2018-05-01T17:17:36","guid":{"rendered":"http:\/\/new.drolshammer.net\/german\/?page_id=400"},"modified":"2018-09-04T17:49:36","modified_gmt":"2018-09-04T17:49:36","slug":"ws-2005-6","status":"publish","type":"page","link":"https:\/\/drolshammer.net\/german\/ws-2005-6\/","title":{"rendered":"WS-2005\/6"},"content":{"rendered":"<section class=\"wpb-content-wrapper\">[vc_section css=&#8220;.vc_custom_1525195052944{margin-bottom: 20px !important;background-color: #c9c9a5 !important;}&#8220;][vc_row 0=&#8220;&#8220;][vc_column 0=&#8220;&#8220;][vc_column_text 0=&#8220;&#8220;]\n<h2><span class=\"hd\">Legal Reasoning Wintersemester 2005 \/ 2006<\/span><\/h2>\n<p><span class=\"sub\"><a href=\"https:\/\/drolshammer.net\/german\/?page_id=390\">[ FS 2008 ] <\/a>\u00a0 [ <a class=\"sub\" href=\"https:\/\/drolshammer.net\/german\/?page_id=393\">SS 2007<\/a> ] \u00a0 [ <a class=\"sub\" href=\"https:\/\/drolshammer.net\/german\/?page_id=396\">WS 2006\/07<\/a> ]\n[ <a class=\"sub\" href=\"https:\/\/drolshammer.net\/german\/?page_id=398\">SS 2006<\/a> ] \u00a0 [ <a class=\"sub\" href=\"https:\/\/drolshammer.net\/german\/?page_id=400\">WS 2005\/06<\/a> ] \u00a0 [ <a class=\"sub\" href=\"https:\/\/drolshammer.net\/german\/?page_id=402\">WS 2002\/03<\/a> ]\n[ <a class=\"sub\" href=\"https:\/\/drolshammer.net\/german\/?page_id=404\">SS 2002<\/a> ] \u00a0 [ <a class=\"sub\" href=\"https:\/\/drolshammer.net\/german\/?page_id=406\">WS 2001\/02<\/a> ] \u00a0 [ <a class=\"subact\" href=\"https:\/\/drolshammer.net\/german\/?page_id=408\">SS 2000<\/a> ]<\/span><\/p>\n<p>Es geht um eine im Wintersemester 2005 \/ 2006 f\u00fcr die Studenten im ersten Jahr der Masterstufe des Masters of Law and Economics durchgef\u00fchrte Pflichtveranstaltung. Prof. Drolshammer war hauptverantwortlicher Dozent. Infolge der Abwesenheit im fall term als Visiting Research Professor an der Harvard Law School wurde die Lehrveranstaltung in einen Grundlagenteil, der in der ersten Semesterh\u00e4lfte von Herrn Prof. Ivo Schwander und Frau Dr. Patricia Egli gehalten wurde und in einen Vertiefungsteil, den Prof. Drolshammer in der zweiter Semesterh\u00e4lfte mit ausgew\u00e4hlten Gastprofessoren bestritt, aufgeteilt.<\/p>\n<p>Im Zentrum der Lehrveranstaltung stand die Methodenlehre, die traditionellerweise in der Schweiz zivilistisch gepr\u00e4gt wird. Die Kontaktveranstaltungen erfolgten auf der Grundlage eines umfassenden Readers, aufgrund dessen im Selbststudium die Grundlagen der juristischen Methodenlehre erarbeitet wurden.<\/p>\n<p>Im <em>Grundlagenteil<\/em> in der ersten Semesterh\u00e4lfte ging es um Anwendung der im Selbststudium erarbeiteten Grundlage der Methodenlehre und um eine Vertiefung ausgew\u00e4hlter Fragen des Privatrechts und des \u00f6ffentlichen Rechts anhand von F\u00e4llen, Gerichtsurteilen und Literaturausz\u00fcgen.<\/p>\n<p>Im von Prof. Drolshammer betreuten <em>Vertiefungsteil<\/em> ging es neu und zus\u00e4tzlich um die Etablierung eines differenzierten und erweiterten Methodenverst\u00e4ndnisses mit Bezug auf Funktion, Entstehen, Ver\u00e4nderungen und Stellenwert der Methodenlehre in verschiedenen Bereichen des Rechts. Es ging darum, dass angesichts der heute selbst in einem nationalrechtlichen Kontext untersch\u00e4tzten Bedeutung der Methodenlehre gleichzeitig und gleichgewichtig rechtsgebiets-, rechtskultur- und rechtsstufenspezifische erweiterte Fragestellungen einbezogen und den Studierenden bewusst gemacht wurden. Die Methodenlehre hat zum Beispiel in verschiedenen Rechtskulturen, in verschiedenen Rechtsgebieten, in verschiedenen Stadien der Entwicklung eines Rechtsgebiets, in verschiedenen Stadien der Rechtsverwirklichung in verschiedenen Rechtsgebieten und in verschiedenen geschichtlichen und politischen Umst\u00e4nden eine bereichspezifische und teilweise auch andere Funktion. In diesem Zusammenhang ging es in der Lehrveranstaltung auch um ein internationalsierungsad\u00e4quates Verst\u00e4ndnis der Rolle der Methodenlehre im Entstehen, im Anwenden und im Durchsetzen von Recht im Wandel.<\/p>\n<p>Dieses erweiterte Methodenverst\u00e4ndnis wurde durch die Gastprofessoren Prof. Arthur Miller, Harvard Law School, Prof. Dr. Marc Amstutz, Universit\u00e4t Fribourg, Prof. Dr. h.c. Daniel Th\u00fcrer, Universit\u00e4t Z\u00fcrich, Prof. Dr. Ernst Kramer, Universit\u00e4t Basel und Prof. Dr. h.c. Bernd R\u00fcthers, ehemals Universit\u00e4t Konstanz, bereichs- und kulturspezifisch erl\u00e4utert. Die angeleitete Diskussion in diesen Gastvortr\u00e4gen erfolgte auf der Grundlage der von den G\u00e4sten selbst zur Vorbereitung gew\u00e4hlten Texte, die in den Reader Eingang fanden.<\/p>\n<p>Es bestand die M\u00f6glichkeit, jeweils fakultative Nachtessen mit den Gastprofessoren im kleinen Kreise durchzuf\u00fchren.<\/p>\n<p>&nbsp;[\/vc_column_text][\/vc_column][\/vc_row][\/vc_section]\n<\/section>","protected":false},"excerpt":{"rendered":"<p>[vc_section css=&#8220;.vc_custom_1525195052944{margin-bottom: 20px !important;background-color: #c9c9a5 !important;}&#8220;][vc_row 0=&#8220;&#8220;][vc_column 0=&#8220;&#8220;][vc_column_text 0=&#8220;&#8220;] Legal Reasoning Wintersemester 2005 \/ 2006 [ FS 2008 ] \u00a0 [ SS 2007 ] \u00a0 [ WS 2006\/07 ] [ SS 2006 ] \u00a0 [ WS 2005\/06 ] \u00a0 [ WS 2002\/03 ] [ SS 2002 ] \u00a0 [ WS 2001\/02 ] \u00a0 [ SS&hellip;<\/p>\n","protected":false},"author":2,"featured_media":0,"parent":0,"menu_order":0,"comment_status":"closed","ping_status":"closed","template":"","meta":[],"acf":[],"_links":{"self":[{"href":"https:\/\/drolshammer.net\/german\/wp-json\/wp\/v2\/pages\/400"}],"collection":[{"href":"https:\/\/drolshammer.net\/german\/wp-json\/wp\/v2\/pages"}],"about":[{"href":"https:\/\/drolshammer.net\/german\/wp-json\/wp\/v2\/types\/page"}],"author":[{"embeddable":true,"href":"https:\/\/drolshammer.net\/german\/wp-json\/wp\/v2\/users\/2"}],"replies":[{"embeddable":true,"href":"https:\/\/drolshammer.net\/german\/wp-json\/wp\/v2\/comments?post=400"}],"version-history":[{"count":4,"href":"https:\/\/drolshammer.net\/german\/wp-json\/wp\/v2\/pages\/400\/revisions"}],"predecessor-version":[{"id":1285,"href":"https:\/\/drolshammer.net\/german\/wp-json\/wp\/v2\/pages\/400\/revisions\/1285"}],"wp:attachment":[{"href":"https:\/\/drolshammer.net\/german\/wp-json\/wp\/v2\/media?parent=400"}],"curies":[{"name":"wp","href":"https:\/\/api.w.org\/{rel}","templated":true}]}}