{"id":486,"date":"2018-05-02T03:30:21","date_gmt":"2018-05-02T03:30:21","guid":{"rendered":"http:\/\/new.drolshammer.net\/german\/?page_id=486"},"modified":"2018-09-04T17:57:01","modified_gmt":"2018-09-04T17:57:01","slug":"books","status":"publish","type":"page","link":"https:\/\/drolshammer.net\/german\/books\/","title":{"rendered":"Books"},"content":{"rendered":"<section class=\"wpb-content-wrapper\">[vc_section css=&#8220;.vc_custom_1525231814472{margin-bottom: 20px !important;background-color: #c9c9a5 !important;}&#8220;][vc_row 0=&#8220;&#8220;][vc_column 0=&#8220;&#8220;][vc_column_text 0=&#8220;&#8220;]\n<h2><span class=\"hd\">Publications<\/span><\/h2>\n<p><span class=\"subact\">[ <a class=\"subact\" href=\"https:\/\/drolshammer.net\/german\/?page_id=486\">Books<\/a> ]<\/span> \u00a0 <span class=\"sub\">[ <a class=\"sub\" href=\"https:\/\/drolshammer.net\/german\/?page_id=387\">Chapters<\/a> ]<\/span> \u00a0 <span class=\"sub\">[ <a class=\"sub\" href=\"https:\/\/drolshammer.net\/german\/?page_id=488\">Articles<\/a> ]<\/span> \u00a0 <span class=\"sub\">[ <a class=\"sub\" href=\"https:\/\/drolshammer.net\/german\/?page_id=490\">Reviews &amp; Reports<\/a> ]<\/span><br \/>\n<span class=\"sub\">[ <a class=\"sub\" href=\"https:\/\/drolshammer.net\/german\/?page_id=493\">Newspaper Articles<\/a> ]<\/span><\/p>\n<table border=\"0\" width=\"100%\" cellspacing=\"2\" cellpadding=\"0\">\n<tbody>\n<tr>\n<td colspan=\"2\" bgcolor=\"#999999\"><img decoding=\"async\" loading=\"lazy\" src=\"http:\/\/drolshammer.net\/img\/t.gif\" width=\"1\" height=\"1\" border=\"0\" \/><\/td>\n<\/tr>\n<tr>\n<td valign=\"top\" width=\"1%\"><img decoding=\"async\" loading=\"lazy\" src=\"http:\/\/drolshammer.net\/img\/ic_square.gif\" alt=\"\" width=\"13\" height=\"11\" border=\"0\" \/><\/td>\n<td class=\"txt\" valign=\"top\" width=\"90%\"><strong><span class=\"title\">A Timely Turn to the Laywer?<\/span><\/strong><br \/>\nGlobalisierung und die Anglo-Amerikanisierung von Recht und Rechtsberufen \u2013 Essays, Z\u00fcrich\/St. Gallen, 2009.<\/td>\n<\/tr>\n<tr>\n<td colspan=\"2\" bgcolor=\"#999999\"><img decoding=\"async\" loading=\"lazy\" src=\"http:\/\/drolshammer.net\/img\/t.gif\" width=\"1\" height=\"1\" border=\"0\" \/><\/td>\n<\/tr>\n<tr>\n<td valign=\"top\" width=\"1%\"><img decoding=\"async\" loading=\"lazy\" src=\"http:\/\/drolshammer.net\/img\/ic_square.gif\" alt=\"\" width=\"13\" height=\"11\" border=\"0\" \/><\/td>\n<td class=\"txt\" valign=\"top\" width=\"90%\"><strong><span class=\"title\">English as the Language of Law<\/span><\/strong><br \/>\nAn Essay on the Lingua Franca of a Shrinking World, with Nedim Peter Vogt, in Transatlantica \u2013 Culture, Language and Law in a Transatlantic Context, Drolshammer Jens and Vogt Nedim Peter, ed, Verlag Helbling &amp; Lichtenhahn, 2003<\/td>\n<\/tr>\n<tr>\n<td colspan=\"2\" bgcolor=\"#999999\"><img decoding=\"async\" loading=\"lazy\" src=\"http:\/\/drolshammer.net\/img\/t.gif\" width=\"1\" height=\"1\" border=\"0\" \/><\/td>\n<\/tr>\n<tr>\n<td valign=\"top\" width=\"1%\"><img decoding=\"async\" loading=\"lazy\" src=\"http:\/\/drolshammer.net\/img\/ic_square.gif\" alt=\"\" width=\"13\" height=\"11\" border=\"0\" \/><\/td>\n<td class=\"txt\" valign=\"top\" width=\"90%\"><strong><span class=\"title\">European Air Law and Policy, thirteenth annual conference, Zurich, 9. November 2001.<\/span><\/strong><br \/>\nEdited by P.D. Dagtoglou, J. Drolshammer, D. Reichenbach and P.N Ehlers. The Hague, London, New York, 2003<\/td>\n<\/tr>\n<tr>\n<td colspan=\"2\" bgcolor=\"#999999\"><img decoding=\"async\" loading=\"lazy\" src=\"http:\/\/drolshammer.net\/img\/t.gif\" width=\"1\" height=\"1\" border=\"0\" \/><\/td>\n<\/tr>\n<tr>\n<td valign=\"top\" width=\"1%\"><img decoding=\"async\" loading=\"lazy\" src=\"http:\/\/drolshammer.net\/img\/ic_square.gif\" alt=\"\" width=\"13\" height=\"11\" border=\"0\" \/><\/td>\n<td class=\"txt\" valign=\"top\" width=\"90%\"><strong><span class=\"title\">Swiss Law Bibliography, English Language Materials on Swiss Law<\/span><\/strong><br \/>\n(with Vogt, Nedim Peter, Ed. and various co-authors), in Access to Swiss Law, Vogt Nedim Peter and Drolshammer Jens, ed; Vol. 1, Helbling &amp; Lichtenhahn, 2005.<\/td>\n<\/tr>\n<tr>\n<td colspan=\"2\" bgcolor=\"#999999\"><img decoding=\"async\" loading=\"lazy\" src=\"http:\/\/drolshammer.net\/img\/t.gif\" width=\"1\" height=\"1\" border=\"0\" \/><\/td>\n<\/tr>\n<tr>\n<td valign=\"top\" width=\"1%\"><img decoding=\"async\" loading=\"lazy\" src=\"http:\/\/drolshammer.net\/img\/ic_square.gif\" alt=\"\" width=\"13\" height=\"11\" border=\"0\" \/><\/td>\n<td class=\"txt\" valign=\"top\" width=\"90%\"><strong><span class=\"title\">The Effects of Globalization on Legal Education \u2013 an Agenda from a European Perspective for the Interdisciplinary Training of a New International Commercial Lawyer,<\/span><\/strong><br \/>\nin Transatlantica \u2013 Culture, Language and Law in a Transatlantic Context, Drolshammer Jens and Vogt Nedim Peter, ed., Vol. 2, Schulthess 2003.<\/td>\n<\/tr>\n<tr>\n<td colspan=\"2\" bgcolor=\"#999999\"><img decoding=\"async\" loading=\"lazy\" src=\"http:\/\/drolshammer.net\/img\/t.gif\" width=\"1\" height=\"1\" border=\"0\" \/><\/td>\n<\/tr>\n<tr>\n<td valign=\"top\" width=\"1%\"><img decoding=\"async\" loading=\"lazy\" src=\"http:\/\/drolshammer.net\/img\/ic_square.gif\" alt=\"\" width=\"13\" height=\"11\" border=\"0\" \/><\/td>\n<td class=\"txt\" valign=\"top\" width=\"90%\"><strong><span class=\"title\">Conflict Prevention: The Untapped Potential of the Business Sector<\/span><\/strong><br \/>\nWenger Andreas and M\u00f6ckli Daniel, Boulder, Colorado, 2002, as generator and member of the Advisory Board.<\/td>\n<\/tr>\n<tr>\n<td colspan=\"2\" bgcolor=\"#999999\"><img decoding=\"async\" loading=\"lazy\" src=\"http:\/\/drolshammer.net\/img\/t.gif\" width=\"1\" height=\"1\" border=\"0\" \/><\/td>\n<\/tr>\n<tr>\n<td valign=\"top\" width=\"1%\"><img decoding=\"async\" loading=\"lazy\" src=\"http:\/\/drolshammer.net\/img\/ic_square.gif\" alt=\"\" width=\"13\" height=\"11\" border=\"0\" \/><\/td>\n<td class=\"txt\" valign=\"top\" width=\"90%\"><strong><span class=\"title\">Internationalisierung der Rechtsausbildung und Forschung \u2013 eine Agenda f\u00fcr die interdisziplin\u00e4r ausgerichtete Ausbildung zum in Wirtschaft und Management t\u00e4tigen International Lawyer<\/span><\/strong><br \/>\nin: Beiheft zur Zeitschrift f\u00fcr Schweizerisches Recht, Basel\/Genf\/M\u00fcnchen 2000; translated into English, The Effects of Globalization on Legal Education, 2002 (Flyer).<\/td>\n<\/tr>\n<tr>\n<td colspan=\"2\" bgcolor=\"#999999\"><img decoding=\"async\" loading=\"lazy\" src=\"http:\/\/drolshammer.net\/img\/t.gif\" width=\"1\" height=\"1\" border=\"0\" \/><\/td>\n<\/tr>\n<tr>\n<td valign=\"top\" width=\"1%\"><img decoding=\"async\" loading=\"lazy\" src=\"http:\/\/drolshammer.net\/img\/ic_square.gif\" alt=\"\" width=\"13\" height=\"11\" border=\"0\" \/><\/td>\n<td class=\"txt\" valign=\"top\" width=\"90%\"><strong><span class=\"title\">The Internationalization of the Practice of Law<\/span><\/strong><br \/>\n(with Pfeifer Michael, Eds. and authors), Kluwer Law International, 2001.<\/td>\n<\/tr>\n<tr>\n<td colspan=\"2\" bgcolor=\"#999999\"><img decoding=\"async\" loading=\"lazy\" src=\"http:\/\/drolshammer.net\/img\/t.gif\" width=\"1\" height=\"1\" border=\"0\" \/><\/td>\n<\/tr>\n<tr>\n<td valign=\"top\" width=\"1%\"><img decoding=\"async\" loading=\"lazy\" src=\"http:\/\/drolshammer.net\/img\/ic_square.gif\" alt=\"\" width=\"13\" height=\"11\" border=\"0\" \/><\/td>\n<td class=\"txt\" valign=\"top\" width=\"90%\"><strong><span class=\"title\">The Future of the Legal Profession<\/span><\/strong><br \/>\n(with Pfeifer Michael, Eds. and authors), European Journal of Law Reform, Vol. 2 Issue 4, 2000.<\/td>\n<\/tr>\n<tr>\n<td colspan=\"2\" bgcolor=\"#999999\"><img decoding=\"async\" loading=\"lazy\" src=\"http:\/\/drolshammer.net\/img\/t.gif\" width=\"1\" height=\"1\" border=\"0\" \/><\/td>\n<\/tr>\n<tr>\n<td valign=\"top\" width=\"1%\"><img decoding=\"async\" loading=\"lazy\" src=\"http:\/\/drolshammer.net\/img\/ic_square.gif\" alt=\"\" width=\"13\" height=\"11\" border=\"0\" \/><\/td>\n<td class=\"txt\" valign=\"top\" width=\"90%\"><strong><span class=\"title\">Professional Service Firms<\/span><\/strong><br \/>\n(with M\u00fcller-Stewens G\u00fcnter \/ Kriegmeier Jochen, ed. and authors), Frankfurt 1999.<\/td>\n<\/tr>\n<tr>\n<td colspan=\"2\" bgcolor=\"#999999\"><img decoding=\"async\" loading=\"lazy\" src=\"http:\/\/drolshammer.net\/img\/t.gif\" width=\"1\" height=\"1\" border=\"0\" \/><\/td>\n<\/tr>\n<tr>\n<td valign=\"top\" width=\"1%\"><img decoding=\"async\" loading=\"lazy\" src=\"http:\/\/drolshammer.net\/img\/ic_square.gif\" alt=\"\" width=\"13\" height=\"11\" border=\"0\" \/><\/td>\n<td class=\"txt\" valign=\"top\" width=\"90%\"><strong><span class=\"title\">Wettbewerbsrecht \u2013 Competition Law \u2013 Droit de la concurrence; Vom alten zum neuen Recht, \u00dcbersicht, Bibliographie<\/span><\/strong><br \/>\nGerichtsentscheide, Arbeiten der Kartellkommission, Materialien, Gesetzestexte; Bern 1997.<\/td>\n<\/tr>\n<tr>\n<td colspan=\"2\" bgcolor=\"#999999\"><img decoding=\"async\" loading=\"lazy\" src=\"http:\/\/drolshammer.net\/img\/t.gif\" width=\"1\" height=\"1\" border=\"0\" \/><\/td>\n<\/tr>\n<tr>\n<td valign=\"top\" width=\"1%\"><img decoding=\"async\" loading=\"lazy\" src=\"http:\/\/drolshammer.net\/img\/ic_square.gif\" alt=\"\" width=\"13\" height=\"11\" border=\"0\" \/><\/td>\n<td class=\"txt\" valign=\"top\" width=\"90%\"><strong><span class=\"title\">Schweizerisches Kartell- und Monopolrecht,<\/span><\/strong><br \/>\nBern 1987, Follow up (with Homburger Eric).<\/td>\n<\/tr>\n<tr>\n<td colspan=\"2\" bgcolor=\"#999999\"><img decoding=\"async\" loading=\"lazy\" src=\"http:\/\/drolshammer.net\/img\/t.gif\" width=\"1\" height=\"1\" border=\"0\" \/><\/td>\n<\/tr>\n<tr>\n<td valign=\"top\" width=\"1%\"><img decoding=\"async\" loading=\"lazy\" src=\"http:\/\/drolshammer.net\/img\/ic_square.gif\" alt=\"\" width=\"13\" height=\"11\" border=\"0\" \/><\/td>\n<td class=\"txt\" valign=\"top\" width=\"90%\"><strong><span class=\"title\">Schweizerisches Kartell- und Monopolrecht: Bibliographie, Gerichtsentscheide, Arbeiten der Kartellkommission, Materialien,<\/span><\/strong><br \/>\nBern 1981, (with Homburger Eric).<\/td>\n<\/tr>\n<tr>\n<td colspan=\"2\" bgcolor=\"#999999\"><img decoding=\"async\" loading=\"lazy\" src=\"http:\/\/drolshammer.net\/img\/t.gif\" width=\"1\" height=\"1\" border=\"0\" \/><\/td>\n<\/tr>\n<tr>\n<td valign=\"top\" width=\"1%\"><img decoding=\"async\" loading=\"lazy\" src=\"http:\/\/drolshammer.net\/img\/ic_square.gif\" alt=\"\" width=\"13\" height=\"11\" border=\"0\" \/><\/td>\n<td class=\"txt\" valign=\"top\" width=\"90%\"><strong><span class=\"title\">Marktm\u00e4chtige Unternehmen im Kartellgesetz. Zur Anordnung der \u201csinngem\u00e4ssen Anwendbarkeit\u201d der f\u00fcr \u201cKartelle\u201d geltenden privatrechtlichen Bestimmungen auf \u201ckartell\u00e4hnliche Organisationen\u201d<\/span><\/strong><br \/>\nS.J.D. Thesis, Z\u00fcrich 1975.<\/td>\n<\/tr>\n<\/tbody>\n<\/table>\n<p>&nbsp;[\/vc_column_text][\/vc_column][\/vc_row][\/vc_section]\n<\/section>","protected":false},"excerpt":{"rendered":"<p>[vc_section css=&#8220;.vc_custom_1525231814472{margin-bottom: 20px !important;background-color: #c9c9a5 !important;}&#8220;][vc_row 0=&#8220;&#8220;][vc_column 0=&#8220;&#8220;][vc_column_text 0=&#8220;&#8220;] Publications [ Books ] \u00a0 [ Chapters ] \u00a0 [ Articles ] \u00a0 [ Reviews &amp; Reports ] [ Newspaper Articles ] A Timely Turn to the Laywer? Globalisierung und die Anglo-Amerikanisierung von Recht und Rechtsberufen \u2013 Essays, Z\u00fcrich\/St. Gallen, 2009. English as the Language of&hellip;<\/p>\n","protected":false},"author":2,"featured_media":0,"parent":0,"menu_order":0,"comment_status":"closed","ping_status":"closed","template":"","meta":[],"acf":[],"_links":{"self":[{"href":"https:\/\/drolshammer.net\/german\/wp-json\/wp\/v2\/pages\/486"}],"collection":[{"href":"https:\/\/drolshammer.net\/german\/wp-json\/wp\/v2\/pages"}],"about":[{"href":"https:\/\/drolshammer.net\/german\/wp-json\/wp\/v2\/types\/page"}],"author":[{"embeddable":true,"href":"https:\/\/drolshammer.net\/german\/wp-json\/wp\/v2\/users\/2"}],"replies":[{"embeddable":true,"href":"https:\/\/drolshammer.net\/german\/wp-json\/wp\/v2\/comments?post=486"}],"version-history":[{"count":5,"href":"https:\/\/drolshammer.net\/german\/wp-json\/wp\/v2\/pages\/486\/revisions"}],"predecessor-version":[{"id":1290,"href":"https:\/\/drolshammer.net\/german\/wp-json\/wp\/v2\/pages\/486\/revisions\/1290"}],"wp:attachment":[{"href":"https:\/\/drolshammer.net\/german\/wp-json\/wp\/v2\/media?parent=486"}],"curies":[{"name":"wp","href":"https:\/\/api.w.org\/{rel}","templated":true}]}}