{"id":488,"date":"2018-05-02T03:31:45","date_gmt":"2018-05-02T03:31:45","guid":{"rendered":"http:\/\/new.drolshammer.net\/german\/?page_id=488"},"modified":"2018-09-04T17:57:53","modified_gmt":"2018-09-04T17:57:53","slug":"articles","status":"publish","type":"page","link":"https:\/\/drolshammer.net\/german\/articles\/","title":{"rendered":"Articles"},"content":{"rendered":"<section class=\"wpb-content-wrapper\">[vc_section css=&#8220;.vc_custom_1525231902540{margin-bottom: 20px !important;background-color: #c9c9a5 !important;}&#8220;][vc_row][vc_column][vc_column_text]\n<h2><span class=\"hd\">Artikel<\/span><\/h2>\n<p><span class=\"subact\">[ <a class=\"subact\" href=\"https:\/\/drolshammer.net\/german\/?page_id=486\">Books<\/a> ]<\/span> \u00a0 <span class=\"sub\">[ <a class=\"sub\" href=\"https:\/\/drolshammer.net\/german\/?page_id=387\">Chapters<\/a> ]<\/span> \u00a0 <span class=\"sub\">[ <a class=\"sub\" href=\"https:\/\/drolshammer.net\/german\/?page_id=488\">Articles<\/a> ]<\/span> \u00a0 <span class=\"sub\">[ <a class=\"sub\" href=\"https:\/\/drolshammer.net\/german\/?page_id=490\">Reviews &amp; Reports<\/a> ]<\/span><br \/>\n<span class=\"sub\">[ <a class=\"sub\" href=\"https:\/\/drolshammer.net\/german\/?page_id=493\">Newspaper Articles<\/a> ]<\/span><\/p>\n<table border=\"0\" width=\"100%\" cellspacing=\"2\" cellpadding=\"0\">\n<tbody>\n<tr>\n<td colspan=\"2\" bgcolor=\"#999999\"><img decoding=\"async\" loading=\"lazy\" src=\"http:\/\/drolshammer.net\/img\/t.gif\" width=\"1\" height=\"1\" border=\"0\" \/><\/td>\n<\/tr>\n<tr>\n<td valign=\"top\"><img decoding=\"async\" loading=\"lazy\" src=\"http:\/\/drolshammer.net\/img\/ic_square.gif\" alt=\"\" width=\"13\" height=\"11\" border=\"0\" \/><\/td>\n<td class=\"txt\" valign=\"top\"><strong><span class=\"title\"> The Global Groove of the Harvard Yard \u2013 &#8222;Globalisierung und die Anglo-Amerikanisierung von Recht und Rechtsberufen&#8220; \u2013 &#8222;Spiel mir das Lied vom Pan&#8220; &#8211; Ein postmodernes Telegramm \u00fcber eine Abschiedsvorlesung<\/span><\/strong> in: DAJV Newsletter 2010\/1, S 31-35<\/td>\n<\/tr>\n<tr>\n<td colspan=\"2\" bgcolor=\"#999999\"><img decoding=\"async\" loading=\"lazy\" src=\"http:\/\/drolshammer.net\/img\/t.gif\" width=\"1\" height=\"1\" border=\"0\" \/><\/td>\n<\/tr>\n<tr>\n<td valign=\"top\"><img decoding=\"async\" loading=\"lazy\" src=\"http:\/\/drolshammer.net\/img\/ic_square.gif\" alt=\"\" width=\"13\" height=\"11\" border=\"0\" \/><\/td>\n<td class=\"txt\" valign=\"top\"><strong><span class=\"title\"> The Global Groove of the Harvard Yard \u2013 Pers\u00f6nliches zur Person in der &#8222;Globalisierung und die Anglo-Amerikanisierung von Recht und Rechtsberufen&#8220;<\/span><\/strong> in: Zeitschrift f\u00fcr Schweizerisches Recht Band 128 (2009) I, Heft 4<\/td>\n<\/tr>\n<tr>\n<td colspan=\"2\" bgcolor=\"#999999\"><img decoding=\"async\" loading=\"lazy\" src=\"http:\/\/drolshammer.net\/img\/t.gif\" width=\"1\" height=\"1\" border=\"0\" \/><\/td>\n<\/tr>\n<tr>\n<td valign=\"top\"><img decoding=\"async\" loading=\"lazy\" src=\"http:\/\/drolshammer.net\/img\/ic_square.gif\" alt=\"\" width=\"13\" height=\"11\" border=\"0\" \/><\/td>\n<td class=\"txt\" valign=\"top\"><span class=\"title\"><strong>\u00abFrom the Horse&#8217;s Mouth\u00bb &#8211; Rechtsberufe am Wind der Amerikanisierung: Betroffenheit und Umgang mit der amerikanischen Rechtskultur durch Leiter von Rechtsabteilungen schweizerischer multinationaler Unternehmen, durch international t\u00e4tige Rechtsanw\u00e4lte, Verwaltungs- und Regulierungsbeh\u00f6rden sowie durch Gerichte in der Schweiz und in Europa, 2007\/2008, in: A Timely Turn to the Laywer? Globalisierung und die Anglo-Amerikanisierung von Recht und Rechtsberufen \u2013 Essays<\/strong> in: A Timely Turn to the Laywer? Globalisierung und die Anglo-Amerikanisierung von Recht und Rechtsberufen &#8211; Essays, Z\u00fcrich\/St. Gallen, 2009, p. 157-298.<\/span><br \/>\nin: Schweizerische Juristenzeitung Nr. 9, 2007, p. 223-227.<\/td>\n<\/tr>\n<tr>\n<td colspan=\"2\" bgcolor=\"#999999\"><img decoding=\"async\" loading=\"lazy\" src=\"http:\/\/drolshammer.net\/img\/t.gif\" width=\"1\" height=\"1\" border=\"0\" \/><\/td>\n<\/tr>\n<tr>\n<td valign=\"top\"><img decoding=\"async\" loading=\"lazy\" src=\"http:\/\/drolshammer.net\/img\/ic_square.gif\" alt=\"\" width=\"13\" height=\"11\" border=\"0\" \/><\/td>\n<td class=\"txt\" valign=\"top\"><strong><span class=\"title\">Entwicklungen im Wettbewerbs- und Kartellrecht,<\/span><\/strong><br \/>\nin: Schweizerische Juristenzeitung Nr. 9, 2007, p. 223-227.<\/td>\n<\/tr>\n<tr>\n<td colspan=\"2\" bgcolor=\"#999999\"><img decoding=\"async\" loading=\"lazy\" src=\"http:\/\/drolshammer.net\/img\/t.gif\" width=\"1\" height=\"1\" border=\"0\" \/><\/td>\n<\/tr>\n<tr>\n<td valign=\"top\"><img decoding=\"async\" loading=\"lazy\" src=\"http:\/\/drolshammer.net\/img\/ic_square.gif\" alt=\"\" width=\"13\" height=\"11\" border=\"0\" \/><\/td>\n<td class=\"txt\" valign=\"top\"><strong><span class=\"title\">Nedim Peter Vogt \/ Jens Drolshammer, English as the Language of Law and the 2005 Swiss Law Bibliography,<\/span><\/strong><br \/>\nin: LeGes- Gesetzgebung und Evaluation 2007\/2, S.229-S.237.<\/td>\n<\/tr>\n<tr>\n<td colspan=\"2\" bgcolor=\"#999999\"><img decoding=\"async\" loading=\"lazy\" src=\"http:\/\/drolshammer.net\/img\/t.gif\" width=\"1\" height=\"1\" border=\"0\" \/><\/td>\n<\/tr>\n<tr>\n<td valign=\"top\"><img decoding=\"async\" loading=\"lazy\" src=\"http:\/\/drolshammer.net\/img\/ic_square.gif\" alt=\"\" width=\"13\" height=\"11\" border=\"0\" \/><\/td>\n<td class=\"txt\" valign=\"top\"><strong><span class=\"title\">Entwicklungen im Wettbewerbs- und Kartellrecht,<\/span><\/strong><br \/>\nin: Schweizerische Juristen-Zeitung Nr. 9, 2006, p. 204-207.<\/td>\n<\/tr>\n<tr>\n<td colspan=\"2\" bgcolor=\"#999999\"><img decoding=\"async\" loading=\"lazy\" src=\"http:\/\/drolshammer.net\/img\/t.gif\" width=\"1\" height=\"1\" border=\"0\" \/><\/td>\n<\/tr>\n<tr>\n<td valign=\"top\"><img decoding=\"async\" loading=\"lazy\" src=\"http:\/\/drolshammer.net\/img\/ic_square.gif\" alt=\"\" width=\"13\" height=\"11\" border=\"0\" \/><\/td>\n<td class=\"txt\" valign=\"top\"><strong><span class=\"title\">Entwicklungen im Wettbewerbs- und Kartellrecht,<\/span><\/strong><br \/>\nin: Schweizerische Juristenzeitung Nr. 9, 2005, p. 218-222.<\/td>\n<\/tr>\n<tr>\n<td colspan=\"2\" bgcolor=\"#999999\"><img decoding=\"async\" loading=\"lazy\" src=\"http:\/\/drolshammer.net\/img\/t.gif\" width=\"1\" height=\"1\" border=\"0\" \/><\/td>\n<\/tr>\n<tr>\n<td valign=\"top\" width=\"1%\"><img decoding=\"async\" loading=\"lazy\" src=\"http:\/\/drolshammer.net\/img\/ic_square.gif\" alt=\"\" width=\"13\" height=\"11\" border=\"0\" \/><\/td>\n<td class=\"txt\" valign=\"top\" width=\"90%\"><strong><span class=\"title\">Jens Drolshammer, Die Situationalit\u00e4t &#8222;des vernetzten Anwalts&#8220; &#8211; zu Wandel und Wandeltauglichkeit in der International Practice of Law &#8211;<\/span><\/strong><br \/>\nDie vernetzte Wirtschaft, Netzwerke als Rechtsproblem, Symposien zum schweizerischen Recht, Z\u00fcrich 2004, S. 199-225<\/td>\n<\/tr>\n<tr>\n<td colspan=\"2\" bgcolor=\"#999999\"><img decoding=\"async\" loading=\"lazy\" src=\"http:\/\/drolshammer.net\/img\/t.gif\" width=\"1\" height=\"1\" border=\"0\" \/><\/td>\n<\/tr>\n<tr>\n<td valign=\"top\" width=\"1%\"><img decoding=\"async\" loading=\"lazy\" src=\"http:\/\/drolshammer.net\/img\/ic_square.gif\" alt=\"\" width=\"13\" height=\"11\" border=\"0\" \/><\/td>\n<td class=\"txt\" valign=\"top\" width=\"90%\"><strong><span class=\"title\">Entwicklungen im Wettbewerbs- und Kartellrecht,<\/span><\/strong><br \/>\nin: Schweizerische Juristenzeitung Nr. 10, 2003, p. 255-260.<\/td>\n<\/tr>\n<tr>\n<td colspan=\"2\" bgcolor=\"#999999\"><img decoding=\"async\" loading=\"lazy\" src=\"http:\/\/drolshammer.net\/img\/t.gif\" width=\"1\" height=\"1\" border=\"0\" \/><\/td>\n<\/tr>\n<tr>\n<td valign=\"top\" width=\"1%\"><img decoding=\"async\" loading=\"lazy\" src=\"http:\/\/drolshammer.net\/img\/ic_square.gif\" alt=\"\" width=\"13\" height=\"11\" border=\"0\" \/><\/td>\n<td class=\"txt\" valign=\"top\" width=\"90%\"><strong><span class=\"title\">Entwicklungen im Wettbewerbs- und Kartellrecht,<\/span><\/strong><br \/>\nin: Schweizerische Juristen-Zeitung Nr. 11, 2002, p. 275-279.<\/td>\n<\/tr>\n<tr>\n<td colspan=\"2\" bgcolor=\"#999999\"><img decoding=\"async\" loading=\"lazy\" src=\"http:\/\/drolshammer.net\/img\/t.gif\" width=\"1\" height=\"1\" border=\"0\" \/><\/td>\n<\/tr>\n<tr>\n<td valign=\"top\" width=\"1%\"><img decoding=\"async\" loading=\"lazy\" src=\"http:\/\/drolshammer.net\/img\/ic_square.gif\" alt=\"\" width=\"13\" height=\"11\" border=\"0\" \/><\/td>\n<td class=\"txt\" valign=\"top\" width=\"90%\"><strong>With Rentsch, Rudolf. <span class=\"title\"> &#8211; Stand des Schweizer Wettbewerbsrechts im Jahr 2001,<\/span><\/strong><br \/>\nin: Recht der Internationalen Wirtschaft, 12\/2001, p. 912-922.<\/td>\n<\/tr>\n<tr>\n<td colspan=\"2\" bgcolor=\"#999999\"><img decoding=\"async\" loading=\"lazy\" src=\"http:\/\/drolshammer.net\/img\/t.gif\" width=\"1\" height=\"1\" border=\"0\" \/><\/td>\n<\/tr>\n<tr>\n<td valign=\"top\" width=\"1%\"><img decoding=\"async\" loading=\"lazy\" src=\"http:\/\/drolshammer.net\/img\/ic_square.gif\" alt=\"\" width=\"13\" height=\"11\" border=\"0\" \/><\/td>\n<td class=\"txt\" valign=\"top\" width=\"90%\"><strong><span class=\"title\">Entwicklungen im Wettbewerbs- und Kartellrecht,<\/span><\/strong><br \/>\nin: Schweizerische Juristen-Zeitung Nr. 10, 2001, p. 225-229.<\/td>\n<\/tr>\n<tr>\n<td colspan=\"2\" bgcolor=\"#999999\"><img decoding=\"async\" loading=\"lazy\" src=\"http:\/\/drolshammer.net\/img\/t.gif\" width=\"1\" height=\"1\" border=\"0\" \/><\/td>\n<\/tr>\n<tr>\n<td valign=\"top\" width=\"1%\"><img decoding=\"async\" loading=\"lazy\" src=\"http:\/\/drolshammer.net\/img\/ic_square.gif\" alt=\"\" width=\"13\" height=\"11\" border=\"0\" \/><\/td>\n<td class=\"txt\" valign=\"top\" width=\"90%\"><strong><span class=\"title\">The International Practice of Law &#8211; the Swiss Experience,<\/span><\/strong><br \/>\nin: The Tulane European &amp; Civil Law Forum, Volume 14, 1999, with Pfeifer Michael.<\/td>\n<\/tr>\n<tr>\n<td colspan=\"2\" bgcolor=\"#999999\"><img decoding=\"async\" loading=\"lazy\" src=\"http:\/\/drolshammer.net\/img\/t.gif\" width=\"1\" height=\"1\" border=\"0\" \/><\/td>\n<\/tr>\n<tr>\n<td valign=\"top\" width=\"1%\"><img decoding=\"async\" loading=\"lazy\" src=\"http:\/\/drolshammer.net\/img\/ic_square.gif\" alt=\"\" width=\"13\" height=\"11\" border=\"0\" \/><\/td>\n<td class=\"txt\" valign=\"top\" width=\"90%\"><strong><span class=\"title\">Entwicklungen im Wettbewerbs- und Kartellrecht,<\/span><\/strong><br \/>\nin: Schweizerische Juristen-Zeitung Nr. 9, 2000, p. 219-222.<\/td>\n<\/tr>\n<tr>\n<td colspan=\"2\" bgcolor=\"#999999\"><img decoding=\"async\" loading=\"lazy\" src=\"http:\/\/drolshammer.net\/img\/t.gif\" width=\"1\" height=\"1\" border=\"0\" \/><\/td>\n<\/tr>\n<tr>\n<td valign=\"top\" width=\"1%\"><img decoding=\"async\" loading=\"lazy\" src=\"http:\/\/drolshammer.net\/img\/ic_square.gif\" alt=\"\" width=\"13\" height=\"11\" border=\"0\" \/><\/td>\n<td class=\"txt\" valign=\"top\" width=\"90%\"><strong><span class=\"title\">Internationales Recht aus amerikanischer Sicht &#8211; Dissonanzen in der transatlantischen Kommunikation &#8211; die USA auf dem Wege zur rechtlichen Grossmacht?<\/span><\/strong><br \/>\nin: Anwaltsrevue 11-12\/1999, p. 9-12.<\/td>\n<\/tr>\n<tr>\n<td colspan=\"2\" bgcolor=\"#999999\"><img decoding=\"async\" loading=\"lazy\" src=\"http:\/\/drolshammer.net\/img\/t.gif\" width=\"1\" height=\"1\" border=\"0\" \/><\/td>\n<\/tr>\n<tr>\n<td valign=\"top\" width=\"1%\"><img decoding=\"async\" loading=\"lazy\" src=\"http:\/\/drolshammer.net\/img\/ic_square.gif\" alt=\"\" width=\"13\" height=\"11\" border=\"0\" \/><\/td>\n<td class=\"txt\" valign=\"top\" width=\"90%\"><strong>With Vagts Detlev \/ Murray Peter. <span class=\"title\">&#8211; Mit Prozessieren den Holocaust bew\u00e4ltigen? Die Rolle des Zivilrechts und Zivilprozesses beim Versuch der Wiedergutmachung internationaler Katastrophen,<\/span><\/strong><br \/>\nin: Zeitschrift f\u00fcr Schweizerisches Recht Vol. 118, 1999, p. 511-528.<\/td>\n<\/tr>\n<tr>\n<td colspan=\"2\" bgcolor=\"#999999\"><img decoding=\"async\" loading=\"lazy\" src=\"http:\/\/drolshammer.net\/img\/t.gif\" width=\"1\" height=\"1\" border=\"0\" \/><\/td>\n<\/tr>\n<tr>\n<td valign=\"top\" width=\"1%\"><img decoding=\"async\" loading=\"lazy\" src=\"http:\/\/drolshammer.net\/img\/ic_square.gif\" alt=\"\" width=\"13\" height=\"11\" border=\"0\" \/><\/td>\n<td class=\"txt\" valign=\"top\" width=\"90%\"><strong><span class=\"title\">93. Jahrestagung der American Society of International Law (March 24.-27 1999, Washington D.C.) &#8222;On Violence, Money, Power and Culture: Reviewing the Internationalist Legacy&#8220; &#8211; ein Tag nach Pinochet und Kosovo &#8211; Bericht, Beobachtungen und Fragen zum Stand der Internationalit\u00e4t der amerikanischen Befassung mit internationalem Recht,<\/span><\/strong><br \/>\nin: Aktuelle Juristische Praxis, August 1999, p. 1030-1036.<\/td>\n<\/tr>\n<tr>\n<td colspan=\"2\" bgcolor=\"#999999\"><img decoding=\"async\" loading=\"lazy\" src=\"http:\/\/drolshammer.net\/img\/t.gif\" width=\"1\" height=\"1\" border=\"0\" \/><\/td>\n<\/tr>\n<tr>\n<td valign=\"top\" width=\"1%\"><img decoding=\"async\" loading=\"lazy\" src=\"http:\/\/drolshammer.net\/img\/ic_square.gif\" alt=\"\" width=\"13\" height=\"11\" border=\"0\" \/><\/td>\n<td class=\"txt\" valign=\"top\" width=\"90%\"><strong><span class=\"title\">Entwicklungen im Wettbewerbs- und Kartellrecht,<\/span><\/strong><br \/>\nin: Schweizerische Juristen-Zeitung Nr. 9, 1999, p. 190-197.<\/td>\n<\/tr>\n<tr>\n<td colspan=\"2\" bgcolor=\"#999999\"><img decoding=\"async\" loading=\"lazy\" src=\"http:\/\/drolshammer.net\/img\/t.gif\" width=\"1\" height=\"1\" border=\"0\" \/><\/td>\n<\/tr>\n<tr>\n<td valign=\"top\" width=\"1%\"><img decoding=\"async\" loading=\"lazy\" src=\"http:\/\/drolshammer.net\/img\/ic_square.gif\" alt=\"\" width=\"13\" height=\"11\" border=\"0\" \/><\/td>\n<td class=\"txt\" valign=\"top\" width=\"90%\"><strong><span class=\"title\">Entwicklungen im Wettbewerbs- und Kartellrecht,<\/span><\/strong><br \/>\nin: Schweizerische Juristen-Zeitung Nr. 10, 1998, p. 232-236.<\/td>\n<\/tr>\n<tr>\n<td colspan=\"2\" bgcolor=\"#999999\"><img decoding=\"async\" loading=\"lazy\" src=\"http:\/\/drolshammer.net\/img\/t.gif\" width=\"1\" height=\"1\" border=\"0\" \/><\/td>\n<\/tr>\n<tr>\n<td valign=\"top\" width=\"1%\"><img decoding=\"async\" loading=\"lazy\" src=\"http:\/\/drolshammer.net\/img\/ic_square.gif\" alt=\"\" width=\"13\" height=\"11\" border=\"0\" \/><\/td>\n<td class=\"txt\" valign=\"top\" width=\"90%\"><strong><span class=\"title\">Entwicklungen im Wettbewerbs- und Kartellrecht,<\/span><\/strong><br \/>\nin: Schweizerische Juristen-Zeitung Nr. 9, 1997, p. 176-179.<\/td>\n<\/tr>\n<tr>\n<td colspan=\"2\" bgcolor=\"#999999\"><img decoding=\"async\" loading=\"lazy\" src=\"http:\/\/drolshammer.net\/img\/t.gif\" width=\"1\" height=\"1\" border=\"0\" \/><\/td>\n<\/tr>\n<tr>\n<td valign=\"top\" width=\"1%\"><img decoding=\"async\" loading=\"lazy\" src=\"http:\/\/drolshammer.net\/img\/ic_square.gif\" alt=\"\" width=\"13\" height=\"11\" border=\"0\" \/><\/td>\n<td class=\"txt\" valign=\"top\" width=\"90%\">With Ducrey Patrik. <span class=\"title\">&#8211; <strong>Kontrolle von Unternehmenszusammenschl\u00fcssen im revidierten schweizerischen Kartellgesetz,<\/strong><\/span><br \/>\nin: Wirtschaft und Wettbewerb Nr. 1\/1997, p.14-29, p. 41-48.<\/td>\n<\/tr>\n<tr>\n<td colspan=\"2\" bgcolor=\"#999999\"><img decoding=\"async\" loading=\"lazy\" src=\"http:\/\/drolshammer.net\/img\/t.gif\" width=\"1\" height=\"1\" border=\"0\" \/><\/td>\n<\/tr>\n<tr>\n<td valign=\"top\" width=\"1%\"><img decoding=\"async\" loading=\"lazy\" src=\"http:\/\/drolshammer.net\/img\/ic_square.gif\" alt=\"\" width=\"13\" height=\"11\" border=\"0\" \/><\/td>\n<td class=\"txt\" valign=\"top\" width=\"90%\">With Ducrey Patrik. <span class=\"title\">&#8211; <strong>Entwicklungen im Wettbewerbs- und Kartellrecht,<\/strong><\/span><br \/>\nin: Schweizerische Juristen-Zeitung Nr. 9, 1996, p.163-168.<\/td>\n<\/tr>\n<tr>\n<td colspan=\"2\" bgcolor=\"#999999\"><img decoding=\"async\" loading=\"lazy\" src=\"http:\/\/drolshammer.net\/img\/t.gif\" width=\"1\" height=\"1\" border=\"0\" \/><\/td>\n<\/tr>\n<tr>\n<td valign=\"top\" width=\"1%\"><img decoding=\"async\" loading=\"lazy\" src=\"http:\/\/drolshammer.net\/img\/ic_square.gif\" alt=\"\" width=\"13\" height=\"11\" border=\"0\" \/><\/td>\n<td class=\"txt\" valign=\"top\" width=\"90%\">With Ducrey Patrik. <span class=\"title\">&#8211; <strong>Aspekte des Geltungsbereiches des Preis\u00fcberwachungsgesetzes (P\u00fcG),<\/strong><\/span><br \/>\nin: Schweizerische Zeitschrift f\u00fcr Wirtschaftsrecht, Nr. 4 1995, p. 181-184.<\/td>\n<\/tr>\n<tr>\n<td colspan=\"2\" bgcolor=\"#999999\"><img decoding=\"async\" loading=\"lazy\" src=\"http:\/\/drolshammer.net\/img\/t.gif\" width=\"1\" height=\"1\" border=\"0\" \/><\/td>\n<\/tr>\n<tr>\n<td valign=\"top\" width=\"1%\"><img decoding=\"async\" loading=\"lazy\" src=\"http:\/\/drolshammer.net\/img\/ic_square.gif\" alt=\"\" width=\"13\" height=\"11\" border=\"0\" \/><\/td>\n<td class=\"txt\" valign=\"top\" width=\"90%\">With Ducrey Patrik <span class=\"title\">&#8211;<strong> Entwicklungen im Wettbewerbs- und Kartellrecht,<\/strong><\/span><br \/>\nin: Schweizerische Juristen-Zeitung Nr. 11, 1995, p. 210-218.<\/td>\n<\/tr>\n<tr>\n<td colspan=\"2\" bgcolor=\"#999999\"><img decoding=\"async\" loading=\"lazy\" src=\"http:\/\/drolshammer.net\/img\/t.gif\" width=\"1\" height=\"1\" border=\"0\" \/><\/td>\n<\/tr>\n<tr>\n<td valign=\"top\" width=\"1%\"><img decoding=\"async\" loading=\"lazy\" src=\"http:\/\/drolshammer.net\/img\/ic_square.gif\" alt=\"\" width=\"13\" height=\"11\" border=\"0\" \/><\/td>\n<td class=\"txt\" valign=\"top\" width=\"90%\">With Walter Regula. <span class=\"title\">&#8211; <strong>Die Schweiz und die Gestaltung ihrer Beziehungen zur EG nach dem 6.12.1992,<\/strong><\/span><br \/>\nin: Europ\u00e4ische Zeitschrift f\u00fcr Wirtschaftsrecht, Munich and Frankfurt, 1994, p. 549-556.<\/td>\n<\/tr>\n<tr>\n<td colspan=\"2\" bgcolor=\"#999999\"><img decoding=\"async\" loading=\"lazy\" src=\"http:\/\/drolshammer.net\/img\/t.gif\" width=\"1\" height=\"1\" border=\"0\" \/><\/td>\n<\/tr>\n<tr>\n<td valign=\"top\" width=\"1%\"><img decoding=\"async\" loading=\"lazy\" src=\"http:\/\/drolshammer.net\/img\/ic_square.gif\" alt=\"\" width=\"13\" height=\"11\" border=\"0\" \/><\/td>\n<td class=\"txt\" valign=\"top\" width=\"90%\"><strong><span class=\"title\">On the relevance of competition Laws (EC, US) in international arbitration &#8211; Remarks from a Swiss perspective,<\/span><\/strong><br \/>\nin: ASA Special Series No. 6, March 1994.<\/td>\n<\/tr>\n<tr>\n<td colspan=\"2\" bgcolor=\"#999999\"><img decoding=\"async\" loading=\"lazy\" src=\"http:\/\/drolshammer.net\/img\/t.gif\" width=\"1\" height=\"1\" border=\"0\" \/><\/td>\n<\/tr>\n<tr>\n<td valign=\"top\" width=\"1%\"><img decoding=\"async\" loading=\"lazy\" src=\"http:\/\/drolshammer.net\/img\/ic_square.gif\" alt=\"\" width=\"13\" height=\"11\" border=\"0\" \/><\/td>\n<td class=\"txt\" valign=\"top\" width=\"90%\"><strong><span class=\"title\">Der Einfluss der Entwicklungen des EG-Rechts und der Beziehungen Schweiz\/EG auf die praktische T\u00e4tigkeit von Schweizer Juristen,<\/span><\/strong><br \/>\nin: Aktuelle Probleme des EG-Rechts nach dem EWR-Nein (Weber\/Th\u00fcrer\/Z\u00e4ch, ed.), p. 11-32, Zurich 1993.<\/td>\n<\/tr>\n<tr>\n<td colspan=\"2\" bgcolor=\"#999999\"><img decoding=\"async\" loading=\"lazy\" src=\"http:\/\/drolshammer.net\/img\/t.gif\" width=\"1\" height=\"1\" border=\"0\" \/><\/td>\n<\/tr>\n<tr>\n<td valign=\"top\" width=\"1%\"><img decoding=\"async\" loading=\"lazy\" src=\"http:\/\/drolshammer.net\/img\/ic_square.gif\" alt=\"\" width=\"13\" height=\"11\" border=\"0\" \/><\/td>\n<td class=\"txt\" valign=\"top\" width=\"90%\">With Ducrey Patrik. <span class=\"title\">&#8211; <strong>Wettbewerbsbeschr\u00e4nkende Abreden zur Regelung des schweizerischen Marktes und Art. 53 EWRA,<\/strong><\/span><br \/>\nin: Aktuelle Juristische Praxis, October 1992.<\/td>\n<\/tr>\n<tr>\n<td colspan=\"2\" bgcolor=\"#999999\"><img decoding=\"async\" loading=\"lazy\" src=\"http:\/\/drolshammer.net\/img\/t.gif\" width=\"1\" height=\"1\" border=\"0\" \/><\/td>\n<\/tr>\n<tr>\n<td valign=\"top\" width=\"1%\"><img decoding=\"async\" loading=\"lazy\" src=\"http:\/\/drolshammer.net\/img\/ic_square.gif\" alt=\"\" width=\"13\" height=\"11\" border=\"0\" \/><\/td>\n<td class=\"txt\" valign=\"top\" width=\"90%\">With Rauber Georg. <span class=\"title\">&#8211;<strong> Die Liberalisierung des Europ\u00e4ischen Luftverkehrs; EG &#8211; EWR &#8211; Schweiz<\/strong>,<\/span><br \/>\nin: Aktuelle Juristische Praxis, October 1992.<\/td>\n<\/tr>\n<tr>\n<td colspan=\"2\" bgcolor=\"#999999\"><img decoding=\"async\" loading=\"lazy\" src=\"http:\/\/drolshammer.net\/img\/t.gif\" width=\"1\" height=\"1\" border=\"0\" \/><\/td>\n<\/tr>\n<tr>\n<td valign=\"top\" width=\"1%\"><img decoding=\"async\" loading=\"lazy\" src=\"http:\/\/drolshammer.net\/img\/ic_square.gif\" alt=\"\" width=\"13\" height=\"11\" border=\"0\" \/><\/td>\n<td class=\"txt\" valign=\"top\" width=\"90%\">With Sch\u00e4rer Heinz. <span class=\"title\">&#8211; <strong>Die Verletzung des materiellen &#8222;ordre public&#8220; als Verweigerungsgrund bei der Vollstreckung eines US-amerikanischen &#8222;punitive damages-Urteil&#8220; (commentary to court decision),<\/strong><\/span><br \/>\nin: Schweizerische Juristen-Zeitung, 1986, p. 309-318.<\/td>\n<\/tr>\n<tr>\n<td colspan=\"2\" bgcolor=\"#999999\"><img decoding=\"async\" loading=\"lazy\" src=\"http:\/\/drolshammer.net\/img\/t.gif\" width=\"1\" height=\"1\" border=\"0\" \/><\/td>\n<\/tr>\n<tr>\n<td valign=\"top\" width=\"1%\"><img decoding=\"async\" loading=\"lazy\" src=\"http:\/\/drolshammer.net\/img\/ic_square.gif\" alt=\"\" width=\"13\" height=\"11\" border=\"0\" \/><\/td>\n<td class=\"txt\" valign=\"top\" width=\"90%\"><strong><span class=\"title\">Bez\u00fcge auf ausl\u00e4ndische Rechtsordnungen in Botschaften des Bundesrates zu wettbewerbsrechtlichen Bundesgesetzen und in amtlichen Aeusserungen zur Stellung der Schweiz in der erweiterten europ\u00e4ischen Freihandelszone &#8211; Anlass und Ausgangspunkt f\u00fcr eine Ideenskizze zur Belebung der rechtsvergleichenden Methode,<\/span><\/strong><br \/>\nin: Comparativa, Vol. 34, Geneva 1986, p. 40-55.<\/td>\n<\/tr>\n<tr>\n<td colspan=\"2\" bgcolor=\"#999999\"><img decoding=\"async\" loading=\"lazy\" src=\"http:\/\/drolshammer.net\/img\/t.gif\" width=\"1\" height=\"1\" border=\"0\" \/><\/td>\n<\/tr>\n<tr>\n<td valign=\"top\" width=\"1%\"><img decoding=\"async\" loading=\"lazy\" src=\"http:\/\/drolshammer.net\/img\/ic_square.gif\" alt=\"\" width=\"13\" height=\"11\" border=\"0\" \/><\/td>\n<td class=\"txt\" valign=\"top\" width=\"90%\"><strong><span class=\"title\">&#8222;The Valium-Librium Decision of the Federal Supreme Court of the Federal Republic of Germany.&#8220;,<\/span><\/strong><br \/>\nin: Revue Suisse du Droit International de la Concurrence, No. 9, 1980.<\/td>\n<\/tr>\n<tr>\n<td colspan=\"2\" bgcolor=\"#999999\"><img decoding=\"async\" loading=\"lazy\" src=\"http:\/\/drolshammer.net\/img\/t.gif\" width=\"1\" height=\"1\" border=\"0\" \/><\/td>\n<\/tr>\n<tr>\n<td valign=\"top\" width=\"1%\"><img decoding=\"async\" loading=\"lazy\" src=\"http:\/\/drolshammer.net\/img\/ic_square.gif\" alt=\"\" width=\"13\" height=\"11\" border=\"0\" \/><\/td>\n<td class=\"txt\" valign=\"top\" width=\"90%\"><strong><span class=\"title\">Deutscher Bundesgerichtshof schafft Klarheit, Roche obsiegt nach jahrelangem Rechtsstreit. Kein Missbrauch bei Valium- und Librium-Preisen,<\/span><\/strong><br \/>\nin: Neue Z\u00fcrcher Zeitung Nr. 36, February 13, 1980 (review of court decision).<\/td>\n<\/tr>\n<tr>\n<td colspan=\"2\" bgcolor=\"#999999\"><img decoding=\"async\" loading=\"lazy\" src=\"http:\/\/drolshammer.net\/img\/t.gif\" width=\"1\" height=\"1\" border=\"0\" \/><\/td>\n<\/tr>\n<tr>\n<td valign=\"top\" width=\"1%\"><img decoding=\"async\" loading=\"lazy\" src=\"http:\/\/drolshammer.net\/img\/ic_square.gif\" alt=\"\" width=\"13\" height=\"11\" border=\"0\" \/><\/td>\n<td class=\"txt\" valign=\"top\" width=\"90%\"><strong><span class=\"title\">Dominant Position in the Market and its Abuse,<\/span><\/strong><br \/>\nin: Pinners World Unfair Competition Law, Encyclopedia, Sijthoff und Noordhoft, Topic Nr. 26, 1978.<\/td>\n<\/tr>\n<tr>\n<td colspan=\"2\" bgcolor=\"#999999\"><img decoding=\"async\" loading=\"lazy\" src=\"http:\/\/drolshammer.net\/img\/t.gif\" width=\"1\" height=\"1\" border=\"0\" \/><\/td>\n<\/tr>\n<tr>\n<td valign=\"top\" width=\"1%\"><img decoding=\"async\" loading=\"lazy\" src=\"http:\/\/drolshammer.net\/img\/ic_square.gif\" alt=\"\" width=\"13\" height=\"11\" border=\"0\" \/><\/td>\n<td class=\"txt\" valign=\"top\" width=\"90%\"><strong>With Nobel, Peter. <span class=\"title\">&#8211; Ein Jahr Freihandelsabkommen Schweiz-EWG; Information zu Fundstellen und Literatur,<\/span><\/strong><br \/>\nin: Zeitschrift f\u00fcr Schweizerisches Recht, Vol. 92, Issue 5, 1973.<\/td>\n<\/tr>\n<\/tbody>\n<\/table>\n[\/vc_column_text][\/vc_column][\/vc_row][\/vc_section]\n<\/section>","protected":false},"excerpt":{"rendered":"<p>[vc_section css=&#8220;.vc_custom_1525231902540{margin-bottom: 20px !important;background-color: #c9c9a5 !important;}&#8220;][vc_row][vc_column][vc_column_text] Artikel [ Books ] \u00a0 [ Chapters ] \u00a0 [ Articles ] \u00a0 [ Reviews &amp; Reports ] [ Newspaper Articles ] The Global Groove of the Harvard Yard \u2013 &#8222;Globalisierung und die Anglo-Amerikanisierung von Recht und Rechtsberufen&#8220; \u2013 &#8222;Spiel mir das Lied vom Pan&#8220; &#8211; Ein postmodernes Telegramm&hellip;<\/p>\n","protected":false},"author":2,"featured_media":0,"parent":0,"menu_order":0,"comment_status":"closed","ping_status":"closed","template":"","meta":[],"acf":[],"_links":{"self":[{"href":"https:\/\/drolshammer.net\/german\/wp-json\/wp\/v2\/pages\/488"}],"collection":[{"href":"https:\/\/drolshammer.net\/german\/wp-json\/wp\/v2\/pages"}],"about":[{"href":"https:\/\/drolshammer.net\/german\/wp-json\/wp\/v2\/types\/page"}],"author":[{"embeddable":true,"href":"https:\/\/drolshammer.net\/german\/wp-json\/wp\/v2\/users\/2"}],"replies":[{"embeddable":true,"href":"https:\/\/drolshammer.net\/german\/wp-json\/wp\/v2\/comments?post=488"}],"version-history":[{"count":6,"href":"https:\/\/drolshammer.net\/german\/wp-json\/wp\/v2\/pages\/488\/revisions"}],"predecessor-version":[{"id":1292,"href":"https:\/\/drolshammer.net\/german\/wp-json\/wp\/v2\/pages\/488\/revisions\/1292"}],"wp:attachment":[{"href":"https:\/\/drolshammer.net\/german\/wp-json\/wp\/v2\/media?parent=488"}],"curies":[{"name":"wp","href":"https:\/\/api.w.org\/{rel}","templated":true}]}}