{"id":49,"date":"2018-04-28T04:12:24","date_gmt":"2018-04-28T04:12:24","guid":{"rendered":"http:\/\/new.drolshammer.net\/german\/?page_id=49"},"modified":"2023-06-05T15:20:17","modified_gmt":"2023-06-05T13:20:17","slug":"arbeitsumgebung","status":"publish","type":"page","link":"https:\/\/drolshammer.net\/german\/arbeitsumgebung\/","title":{"rendered":"Arbeitsumgebung"},"content":{"rendered":"<section class=\"wpb-content-wrapper\">[vc_section css=&#8220;.vc_custom_1685970997230{margin-bottom: 20px !important;}&#8220;][vc_row][vc_column][vc_column_text]Wir arbeiten im Hause Bloch an der Susenbergstrasse 157, der obersten Querstrasse des Z\u00fcrichbergs. Herr <a href=\"https:\/\/www.zvab.com\/buch-suchen\/titel\/picasso-pablo\/autor\/georges-bloch\/\">Georges Bloch<\/a> war ein angesehenes Mitglied der j\u00fcdischen Gemeinde in Z\u00fcrich. Er wurde als Sammler einer kompletten Sammlung von Graphikern von Pablo Picasso mit dem er eng befreundet war und als Co-Autor von B\u00fcchern \u00fcber das graphische und keramische Werk von Pablo Picasso, ber\u00fchmt und geehrt.<\/p>\n<p>Die sechs Arbeitsr\u00e4ume befinden sich in einem ebenerdigen Geschoss des Wohnhauses in Hanglage. Im Rahmen der akademischen didaktischen und kulturellen Begegnungen werden Terrasse und Wohnzimmer mit Blick &#8211; wie es heisst &#8211; auf See und Berge in die Arbeitslandschaft einbezogen. Die Susenbergstrasse ist 5 min. vom Stadt Zentrum und 15 min. vom Flughafen entfernt &#8211; alles eine Art Gegen- oder Antibahnhofstrasse.[\/vc_column_text][\/vc_column][\/vc_row][vc_row][vc_column]<div class=\"wpex-slider-preloaderimg \"><img data-no-lazy=\"1\" class=\"skip-lazy\" src=\"https:\/\/drolshammer.net\/german\/wp-content\/uploads\/2018\/11\/gallery1.png\" alt=\"\" srcset=\"https:\/\/drolshammer.net\/german\/wp-content\/uploads\/2018\/11\/gallery1.png 700w, https:\/\/drolshammer.net\/german\/wp-content\/uploads\/2018\/11\/gallery1-300x214.png 300w\" width=\"700\" height=\"500\"><\/div><div class=\"vcex-module wpex-slider slider-pro no-margin-thumbnails vcex-image-gallery-slider wpex-clr\" data-thumbnails=\"true\" data-thumbnail-height=\"auto\" data-auto-play-delay=\"5000\" data-animation-speed=\"600\" data-height-animation-duration=\"500\"><div class=\"wpex-slider-slides sp-slides\"><div class=\"wpex-slider-slide sp-slide\"><div class=\"wpex-slider-media\"><img data-no-lazy=\"1\" class=\"skip-lazy\" src=\"https:\/\/drolshammer.net\/german\/wp-content\/uploads\/2018\/11\/gallery1.png\" alt=\"\" srcset=\"https:\/\/drolshammer.net\/german\/wp-content\/uploads\/2018\/11\/gallery1.png 700w, https:\/\/drolshammer.net\/german\/wp-content\/uploads\/2018\/11\/gallery1-300x214.png 300w\" width=\"700\" height=\"500\"><\/div><\/div><div class=\"wpex-slider-slide sp-slide\"><div class=\"wpex-slider-media\"><img data-no-lazy=\"1\" class=\"skip-lazy\" src=\"https:\/\/drolshammer.net\/german\/wp-content\/uploads\/2018\/11\/gallery2.png\" alt=\"\" srcset=\"https:\/\/drolshammer.net\/german\/wp-content\/uploads\/2018\/11\/gallery2.png 388w, https:\/\/drolshammer.net\/german\/wp-content\/uploads\/2018\/11\/gallery2-300x210.png 300w\" width=\"388\" height=\"272\"><\/div><\/div><div class=\"wpex-slider-slide sp-slide\"><div class=\"wpex-slider-media\"><img data-no-lazy=\"1\" class=\"skip-lazy\" src=\"https:\/\/drolshammer.net\/german\/wp-content\/uploads\/2018\/11\/gallery3.png\" alt=\"\" srcset=\"https:\/\/drolshammer.net\/german\/wp-content\/uploads\/2018\/11\/gallery3.png 520w, https:\/\/drolshammer.net\/german\/wp-content\/uploads\/2018\/11\/gallery3-300x185.png 300w\" width=\"520\" height=\"320\"><\/div><\/div><div class=\"wpex-slider-slide sp-slide\"><div class=\"wpex-slider-media\"><img data-no-lazy=\"1\" class=\"skip-lazy\" src=\"https:\/\/drolshammer.net\/german\/wp-content\/uploads\/2018\/11\/gallery4.jpeg\" alt=\"\" srcset=\"https:\/\/drolshammer.net\/german\/wp-content\/uploads\/2018\/11\/gallery4.jpeg 700w, https:\/\/drolshammer.net\/german\/wp-content\/uploads\/2018\/11\/gallery4-300x214.jpeg 300w\" width=\"700\" height=\"500\"><\/div><\/div><div class=\"wpex-slider-slide sp-slide\"><div class=\"wpex-slider-media\"><img data-no-lazy=\"1\" class=\"skip-lazy\" src=\"https:\/\/drolshammer.net\/german\/wp-content\/uploads\/2018\/11\/gallery5.jpg\" alt=\"\" srcset=\"https:\/\/drolshammer.net\/german\/wp-content\/uploads\/2018\/11\/gallery5.jpg 700w, https:\/\/drolshammer.net\/german\/wp-content\/uploads\/2018\/11\/gallery5-300x214.jpg 300w\" width=\"700\" height=\"500\"><\/div><\/div><div class=\"wpex-slider-slide sp-slide\"><div class=\"wpex-slider-media\"><img data-no-lazy=\"1\" class=\"skip-lazy\" src=\"https:\/\/drolshammer.net\/german\/wp-content\/uploads\/2018\/11\/gallery6.jpeg\" alt=\"\" srcset=\"https:\/\/drolshammer.net\/german\/wp-content\/uploads\/2018\/11\/gallery6.jpeg 700w, https:\/\/drolshammer.net\/german\/wp-content\/uploads\/2018\/11\/gallery6-300x214.jpeg 300w\" width=\"700\" height=\"500\"><\/div><\/div><div class=\"wpex-slider-slide sp-slide\"><div class=\"wpex-slider-media\"><img data-no-lazy=\"1\" class=\"skip-lazy\" src=\"https:\/\/drolshammer.net\/german\/wp-content\/uploads\/2018\/11\/gallery7.jpeg\" alt=\"\" srcset=\"https:\/\/drolshammer.net\/german\/wp-content\/uploads\/2018\/11\/gallery7.jpeg 700w, https:\/\/drolshammer.net\/german\/wp-content\/uploads\/2018\/11\/gallery7-300x214.jpeg 300w\" width=\"700\" height=\"500\"><\/div><\/div><div class=\"wpex-slider-slide sp-slide\"><div class=\"wpex-slider-media\"><img data-no-lazy=\"1\" class=\"skip-lazy\" src=\"https:\/\/drolshammer.net\/german\/wp-content\/uploads\/2018\/11\/gallery8.jpg\" alt=\"\" srcset=\"https:\/\/drolshammer.net\/german\/wp-content\/uploads\/2018\/11\/gallery8.jpg 700w, https:\/\/drolshammer.net\/german\/wp-content\/uploads\/2018\/11\/gallery8-300x214.jpg 300w\" width=\"700\" height=\"500\"><\/div><\/div><div class=\"wpex-slider-slide sp-slide\"><div class=\"wpex-slider-media\"><img data-no-lazy=\"1\" class=\"skip-lazy\" src=\"https:\/\/drolshammer.net\/german\/wp-content\/uploads\/2018\/11\/gallery9.jpeg\" alt=\"\" srcset=\"https:\/\/drolshammer.net\/german\/wp-content\/uploads\/2018\/11\/gallery9.jpeg 700w, https:\/\/drolshammer.net\/german\/wp-content\/uploads\/2018\/11\/gallery9-300x214.jpeg 300w\" width=\"700\" height=\"500\"><\/div><\/div><div class=\"wpex-slider-slide sp-slide\"><div class=\"wpex-slider-media\"><img data-no-lazy=\"1\" class=\"skip-lazy\" src=\"https:\/\/drolshammer.net\/german\/wp-content\/uploads\/2018\/11\/gallery10.jpeg\" alt=\"\" srcset=\"https:\/\/drolshammer.net\/german\/wp-content\/uploads\/2018\/11\/gallery10.jpeg 700w, https:\/\/drolshammer.net\/german\/wp-content\/uploads\/2018\/11\/gallery10-300x214.jpeg 300w\" width=\"700\" height=\"500\"><\/div><\/div><div class=\"wpex-slider-slide sp-slide\"><div class=\"wpex-slider-media\"><img data-no-lazy=\"1\" class=\"skip-lazy\" src=\"https:\/\/drolshammer.net\/german\/wp-content\/uploads\/2018\/11\/gallery11.jpg\" alt=\"\" srcset=\"https:\/\/drolshammer.net\/german\/wp-content\/uploads\/2018\/11\/gallery11.jpg 700w, https:\/\/drolshammer.net\/german\/wp-content\/uploads\/2018\/11\/gallery11-300x214.jpg 300w\" width=\"700\" height=\"500\"><\/div><\/div><\/div><div class=\"wpex-slider-thumbnails sp-nc-thumbnails cols-5\"><img width=\"700\" height=\"500\" src=\"https:\/\/drolshammer.net\/german\/wp-content\/uploads\/2018\/11\/gallery1.png\" class=\"wpex-slider-thumbnail sp-nc-thumbnail skip-lazy\" alt=\"\" decoding=\"async\" data-no-lazy=\"1\" srcset=\"https:\/\/drolshammer.net\/german\/wp-content\/uploads\/2018\/11\/gallery1.png 700w, https:\/\/drolshammer.net\/german\/wp-content\/uploads\/2018\/11\/gallery1-300x214.png 300w\" sizes=\"(max-width: 700px) 100vw, 700px\" \/><img width=\"388\" height=\"272\" src=\"https:\/\/drolshammer.net\/german\/wp-content\/uploads\/2018\/11\/gallery2.png\" class=\"wpex-slider-thumbnail sp-nc-thumbnail skip-lazy\" alt=\"\" decoding=\"async\" data-no-lazy=\"1\" srcset=\"https:\/\/drolshammer.net\/german\/wp-content\/uploads\/2018\/11\/gallery2.png 388w, https:\/\/drolshammer.net\/german\/wp-content\/uploads\/2018\/11\/gallery2-300x210.png 300w\" sizes=\"(max-width: 388px) 100vw, 388px\" \/><img width=\"520\" height=\"320\" src=\"https:\/\/drolshammer.net\/german\/wp-content\/uploads\/2018\/11\/gallery3.png\" class=\"wpex-slider-thumbnail sp-nc-thumbnail skip-lazy\" alt=\"\" decoding=\"async\" data-no-lazy=\"1\" srcset=\"https:\/\/drolshammer.net\/german\/wp-content\/uploads\/2018\/11\/gallery3.png 520w, https:\/\/drolshammer.net\/german\/wp-content\/uploads\/2018\/11\/gallery3-300x185.png 300w\" sizes=\"(max-width: 520px) 100vw, 520px\" \/><img width=\"700\" height=\"500\" src=\"https:\/\/drolshammer.net\/german\/wp-content\/uploads\/2018\/11\/gallery4.jpeg\" class=\"wpex-slider-thumbnail sp-nc-thumbnail skip-lazy\" alt=\"\" decoding=\"async\" data-no-lazy=\"1\" srcset=\"https:\/\/drolshammer.net\/german\/wp-content\/uploads\/2018\/11\/gallery4.jpeg 700w, https:\/\/drolshammer.net\/german\/wp-content\/uploads\/2018\/11\/gallery4-300x214.jpeg 300w\" sizes=\"(max-width: 700px) 100vw, 700px\" \/><img width=\"700\" height=\"500\" src=\"https:\/\/drolshammer.net\/german\/wp-content\/uploads\/2018\/11\/gallery5.jpg\" class=\"wpex-slider-thumbnail sp-nc-thumbnail skip-lazy\" alt=\"\" decoding=\"async\" data-no-lazy=\"1\" srcset=\"https:\/\/drolshammer.net\/german\/wp-content\/uploads\/2018\/11\/gallery5.jpg 700w, https:\/\/drolshammer.net\/german\/wp-content\/uploads\/2018\/11\/gallery5-300x214.jpg 300w\" sizes=\"(max-width: 700px) 100vw, 700px\" \/><img width=\"700\" height=\"500\" src=\"https:\/\/drolshammer.net\/german\/wp-content\/uploads\/2018\/11\/gallery6.jpeg\" class=\"wpex-slider-thumbnail sp-nc-thumbnail skip-lazy\" alt=\"\" decoding=\"async\" data-no-lazy=\"1\" srcset=\"https:\/\/drolshammer.net\/german\/wp-content\/uploads\/2018\/11\/gallery6.jpeg 700w, https:\/\/drolshammer.net\/german\/wp-content\/uploads\/2018\/11\/gallery6-300x214.jpeg 300w\" sizes=\"(max-width: 700px) 100vw, 700px\" \/><img width=\"700\" height=\"500\" src=\"https:\/\/drolshammer.net\/german\/wp-content\/uploads\/2018\/11\/gallery7.jpeg\" class=\"wpex-slider-thumbnail sp-nc-thumbnail skip-lazy\" alt=\"\" decoding=\"async\" data-no-lazy=\"1\" srcset=\"https:\/\/drolshammer.net\/german\/wp-content\/uploads\/2018\/11\/gallery7.jpeg 700w, https:\/\/drolshammer.net\/german\/wp-content\/uploads\/2018\/11\/gallery7-300x214.jpeg 300w\" sizes=\"(max-width: 700px) 100vw, 700px\" \/><img width=\"700\" height=\"500\" src=\"https:\/\/drolshammer.net\/german\/wp-content\/uploads\/2018\/11\/gallery8.jpg\" class=\"wpex-slider-thumbnail sp-nc-thumbnail skip-lazy\" alt=\"\" decoding=\"async\" data-no-lazy=\"1\" srcset=\"https:\/\/drolshammer.net\/german\/wp-content\/uploads\/2018\/11\/gallery8.jpg 700w, https:\/\/drolshammer.net\/german\/wp-content\/uploads\/2018\/11\/gallery8-300x214.jpg 300w\" sizes=\"(max-width: 700px) 100vw, 700px\" \/><img width=\"700\" height=\"500\" src=\"https:\/\/drolshammer.net\/german\/wp-content\/uploads\/2018\/11\/gallery9.jpeg\" class=\"wpex-slider-thumbnail sp-nc-thumbnail skip-lazy\" alt=\"\" decoding=\"async\" data-no-lazy=\"1\" srcset=\"https:\/\/drolshammer.net\/german\/wp-content\/uploads\/2018\/11\/gallery9.jpeg 700w, https:\/\/drolshammer.net\/german\/wp-content\/uploads\/2018\/11\/gallery9-300x214.jpeg 300w\" sizes=\"(max-width: 700px) 100vw, 700px\" \/><img width=\"700\" height=\"500\" src=\"https:\/\/drolshammer.net\/german\/wp-content\/uploads\/2018\/11\/gallery10.jpeg\" class=\"wpex-slider-thumbnail sp-nc-thumbnail skip-lazy\" alt=\"\" decoding=\"async\" data-no-lazy=\"1\" srcset=\"https:\/\/drolshammer.net\/german\/wp-content\/uploads\/2018\/11\/gallery10.jpeg 700w, https:\/\/drolshammer.net\/german\/wp-content\/uploads\/2018\/11\/gallery10-300x214.jpeg 300w\" sizes=\"(max-width: 700px) 100vw, 700px\" \/><img width=\"700\" height=\"500\" src=\"https:\/\/drolshammer.net\/german\/wp-content\/uploads\/2018\/11\/gallery11.jpg\" class=\"wpex-slider-thumbnail sp-nc-thumbnail skip-lazy\" alt=\"\" decoding=\"async\" data-no-lazy=\"1\" srcset=\"https:\/\/drolshammer.net\/german\/wp-content\/uploads\/2018\/11\/gallery11.jpg 700w, https:\/\/drolshammer.net\/german\/wp-content\/uploads\/2018\/11\/gallery11-300x214.jpg 300w\" sizes=\"(max-width: 700px) 100vw, 700px\" \/><\/div><\/div>[\/vc_column][\/vc_row][\/vc_section]\n<\/section>","protected":false},"excerpt":{"rendered":"<p>[vc_section css=&#8220;.vc_custom_1685970997230{margin-bottom: 20px !important;}&#8220;][vc_row][vc_column][vc_column_text]Wir arbeiten im Hause Bloch an der Susenbergstrasse 157, der obersten Querstrasse des Z\u00fcrichbergs. Herr Georges Bloch war ein angesehenes Mitglied der j\u00fcdischen Gemeinde in Z\u00fcrich. Er wurde als Sammler einer kompletten Sammlung von Graphikern von Pablo Picasso mit dem er eng befreundet war und als Co-Autor von B\u00fcchern \u00fcber das graphische&hellip;<\/p>\n","protected":false},"author":2,"featured_media":0,"parent":0,"menu_order":0,"comment_status":"closed","ping_status":"closed","template":"","meta":[],"acf":[],"_links":{"self":[{"href":"https:\/\/drolshammer.net\/german\/wp-json\/wp\/v2\/pages\/49"}],"collection":[{"href":"https:\/\/drolshammer.net\/german\/wp-json\/wp\/v2\/pages"}],"about":[{"href":"https:\/\/drolshammer.net\/german\/wp-json\/wp\/v2\/types\/page"}],"author":[{"embeddable":true,"href":"https:\/\/drolshammer.net\/german\/wp-json\/wp\/v2\/users\/2"}],"replies":[{"embeddable":true,"href":"https:\/\/drolshammer.net\/german\/wp-json\/wp\/v2\/comments?post=49"}],"version-history":[{"count":19,"href":"https:\/\/drolshammer.net\/german\/wp-json\/wp\/v2\/pages\/49\/revisions"}],"predecessor-version":[{"id":2139,"href":"https:\/\/drolshammer.net\/german\/wp-json\/wp\/v2\/pages\/49\/revisions\/2139"}],"wp:attachment":[{"href":"https:\/\/drolshammer.net\/german\/wp-json\/wp\/v2\/media?parent=49"}],"curies":[{"name":"wp","href":"https:\/\/api.w.org\/{rel}","templated":true}]}}