{"id":8,"date":"2018-04-28T04:03:28","date_gmt":"2018-04-28T04:03:28","guid":{"rendered":"http:\/\/new.drolshammer.net\/german\/?page_id=8"},"modified":"2023-06-05T16:52:48","modified_gmt":"2023-06-05T14:52:48","slug":"strategy-and-law","status":"publish","type":"page","link":"https:\/\/drolshammer.net\/german\/strategy-and-law\/","title":{"rendered":"Strategy &#038; Law"},"content":{"rendered":"<section class=\"wpb-content-wrapper\">[vc_row][vc_column][vc_column_text]\n<h2><span class=\"hd\">Themen<\/span><\/h2>\n<p><strong><span class=\"lead\">Ungenutzte strategische Dimension des Rechts<\/span><\/strong><\/p>\n<p>Themenbezogen geht es um die Erschliessung und Etablierung der strategischen Dimension des Rechts durch die Generierung von anwendungsorientiertem, theoretischem Expertenwissen und durch die Entwicklung und Operationalisierung dieses Wissens in einer die traditionelle Rechtsberatung erg\u00e4nzenden <a href=\"https:\/\/drolshammer.net\/german\/practice-of-law\/\">Rechtsberatung<\/a>: der &#8222;strategischen Rechtsberatung&#8220;. Neben der akademischen T\u00e4tigkeit im Bereich gr\u00f6sserer Publikationsprojekte wird die Beratungst\u00e4tigkeit in der Beratungsfirma Drolshammer Strategy &amp; Law\u00a0 Advokatur reduziert weitergef\u00fchrt.<\/p>\n<h3><b>Motivation der Befassung<\/b><\/h3>\n<p>Im Rahmen der Grundidee des Entschlusses zu einer dritten Karriere, mit der gewonnenen Zeit mehr theoretisch zu arbeiten und teilweise anders zu beraten, liegt der Bereich &#8222;Strategy and Law&#8220; im Kernbereich der Anders- und allenfalls Neuartigkeit der vergangenen Jahre im Rahmen des &#8222;Pflichtteils&#8220; der neuen beruflichen Orientierung. Das Hauptthema ist vorerst in zeitlicher und sachlicher Hinsicht die Entwicklung dieses Sachwissens und die Entwicklung der Beratungsmethode selbst.<\/p>\n<p>Wir gehen von der Hypothese aus, dass es in diesem Bereich mindestens etwas zu entdecken, wenn nicht zu erfinden gibt. Wir meinen, dass der Paradigmenwechsel mit den Charakteristika der zunehmenden Verrechtlichung, Informatisierung, Interdisziplinarisierung, Professionalisierung, Spezialisierung, Marktorientierung, Prozeduralisierung, Institutionalisierung und Organisierung sowie auch &#8222;Tendenz zu einer Amerikanisierung&#8220; der practice of law ein ausgewiesenes Bed\u00fcrfnis in diesem Bereich hat entstehen lassen, da dieser Wandel auch die strategische Deutung von Recht (Law) und Juristen (Lawyers), zum Beispiel f\u00fcr international t\u00e4tige Unternehmen, massgeblich und manifest ver\u00e4ndert hat.<\/p>\n<p>Die nachhaltige Neugier f\u00fcr Strategie entspricht einem Interesse, das sich vorerst ausserhalb der juristischen Berufst\u00e4tigkeit, n\u00e4mlich im Rahmen der langj\u00e4hrigen T\u00e4tigkeit f\u00fcr den Stabchef f\u00fcr Operative Schulung (SCOS), der Sachgruppe Strategie, dem Beratungsgremium des Generalstabchefs (GSC) der schweizerischen Armee und der Mitarbeit an den T\u00e4tigkeiten des International Institute for Strategic Studies (IISS) \u00fcber die Jahre gebildet hat. Zu dieser Befassung mit der Strategielehre in diesen staatlichen Bereichen kamen zunehmend irritierende Beobachtungen, denen zufolge Recht (Law) und Juristen (Lawyers) mit einer dem Wandel entsprechenden Deutung gesehen und eingesetzt wurden.<\/p>\n<p>Das entsprechende Defizit der Erkenntnis und der damit verbundenen fehlenden Operationalisierung der Umsetzung solchen Wissens in einer strategischen Rechtsberatung zeigt sich zum Beispiel auch in verschiedenen theoretischen Bereichen an der suboptimalen Integration der rechtlichen Dimension, zum Beispiel in der betriebswirtschaftlichen Theorie von Unternehmensmodellen, in die Strategielehre selbst und in die Theorie der Beratungslehre der Managementwissenschaften und in die theoretischen Er\u00f6rterungen \u00fcber die Wettbewerbsf\u00e4higkeit einer Volkswirtschaft (&#8222;Verlangt die Globalisierung eine Neuausrichtung der Forschung?&#8220;). Besondere Aufmerksamkeit erheischten zus\u00e4tzlich die bestehenden Perzeptionen von Recht (Law) und Juristen (Lawyers), die die Wirkungsvoraussetzungen der strategischen Dimension von Recht zus\u00e4tzlich verzerrten, die Akzeptanz, Erkenntnis und Handlung in diesen Bereichen erschwerten, ja deren Bedeutung selbst grunds\u00e4tzlich in Frage stellten.<\/p>\n<p>In der \u00fcber 25j\u00e4hrigen Beratung als Rechtsanwalt habe ich eine zunehmende Ver\u00e4nderung des Wirkungsfeldes einer integrativen, interdisziplin\u00e4ren und internationalen Beratung im Rahmen der \u00dcbernahme eines angels\u00e4chsischen unternehmerischen Konzeptes einer Anwaltssoziet\u00e4t (Law Firm) in der schweizerischen Kultur der Juristen (Lawyers) festgestellt. F\u00fcr die mir vorliegende Bearbeitung komplexer Issues unter Ber\u00fccksichtigung von Recht, Kommunikation, Management, Geschichte, Psychologie, Politik und anderen einschl\u00e4gigen Bestimmungsfaktoren wurde der Rahmen der \u00d6konomisierung und Technokratisierung eines Teiles der anwaltlichen T\u00e4tigkeit immer enger.<\/p>\n<h3><b>F\u00fchrungsfunktion Recht als \u201emultilevel and multidimensional chess game\u201c<\/b><\/h3>\n<p>Ich habe die Absicht, in den kommenden Jahren das n\u00f6tige <a href=\"https:\/\/drolshammer.net\/german\/expert-knowledge-3\/\">Expertenwissen<\/a> zu generieren und eine entsprechende <a href=\"https:\/\/drolshammer.net\/german\/strategic-legal-advice\/\">Beratungsmethode<\/a> zu konzipieren und zu etablieren. Es geht wiederum weitgehend um ein erkenntnis- und umsetzbezogenes no-man&#8217;s-Land. Im Zentrum soll ein ganzheitlicher, interdisziplin\u00e4rer und internationaler Ansatz stehen. Erste \u00dcberlegungen und Erfahrungen haben gezeigt, dass es um ein &#8222;multidimensional chess game&#8220;, kombiniert mit einem &#8222;multilevel chess game&#8220;, geht, das in den Unternehmen bei den obersten F\u00fchrungsfunktionen und beim General Counsel angesiedelt ist. Es geht um den gestaltenden Umgang derjenigen Chancen und Risiken, die rechtlich bedingt und f\u00fcr die Realisierung der Schl\u00fcsselziele des Unternehmens im Rahmen des unternehmerischen Prozesses massgeblich sind.<\/p>\n<p>Dabei geht es in der Operationalisierung vorwiegend auch um ein integrales Issue Management der Dimension Recht, das sich an den Gesichtspunkten wie der Pr\u00e4vention, der Rechtsbest\u00e4ndigkeit und Rechtsicherheit, der Risikominimierung und Chancenmaximierung, der Mittel- und Langfristigkeit unter Ber\u00fccksichtigung aller wesentlicher Faktoren orientiert, die diese Zielverfolgung beeinflussen, erschweren bzw. gef\u00e4hrden oder verunm\u00f6glichen k\u00f6nnten.<\/p>\n<h3><b>Umfeldanalyse und Expertenwissen<\/b><\/h3>\n<p>Zu den &#8222;Themen&#8220; des Bereiches &#8222;Strategy and Law&#8220; geh\u00f6rt die Generierung des entsprechenden <a href=\"https:\/\/drolshammer.net\/german\/expert-knowledge-3\/\">Expertenwissens<\/a>, das die Anpassungs- und Anschlussf\u00e4higkeit des in der konkreten Anwendung gewissermassen auf den Punkt gebrachten Fachwissens im Bereiche der strategischen Dimension des Rechts sicherstellt. Mit diesem Arbeitskonzept wird hier thematisch prim\u00e4r im Hinblick auf eine wirkungsorientierte Umsetzung solchen Wissens im Rahmen der angestrebten interdisziplin\u00e4ren, integrativen und internationalen Beratung, einer &#8222;strategischen Rechtsberatung&#8220; gesprochen.<\/p>\n<p>Im weiteren geht es zus\u00e4tzlich um die Schaffung der Voraussetzungen, des Entstehens und der Organisation der Anwendung dieses Fachwissens. Wir gehen von der Arbeitshypothese aus, dass diese neue und besondere Aufmerksamkeit auf die Generierung solchen Expertenwissens zeigen wird, dass, entgegen den Erwartungen, eine theoretische Auseinandersetzung in Zeiten raschen Wandels noch dringlicher ist als in Zeiten gesellschaftlicher und politischer Flauten. Dadurch wird sich auch zeigen, dass es ein Teil der angesprochenen Professionalit\u00e4t ist, eine wirklichkeitsnahe Umfeldanalyse der \u00c4nderungen selber durchzuf\u00fchren, was zudem in der Regel eine wandelorientierte Ver\u00e4nderung des &#8222;Mind Sets&#8220; der beteiligten Professionals und Managers voraussetzt.<\/p>\n<p>Wir bewegen uns hier in einem wenig erforschten Zwischenbereich eines Defizits der anwendungsorientierten, theoretischen Wissensgenerierung und Wissensumsetzung unter ver\u00e4nderten Voraussetzungen, deren Bedeutung nach unserer Erfahrung untersch\u00e4tzt wird (entsprechende ausgew\u00e4hlte Arbeitsbereiche der Generierung solchen Expertenwissen finden Sie im Bereich &#8222;Academic&#8220; unter &#8222;Expertenwissen&#8220; ).<\/p>\n<p>Auch im Bereich &#8222;Strategy and Law&#8220; ist die Generierung des notwendigen Expertenwissens im Hinblick auf die Etablierung zum Beispiel einer &#8222;strategischen Rechtsberatung&#8220; deshalb unterversorgt, weil die in der Praxis arbeitenden Juristen in der Regel dazu keine Zeit haben oder sich die Zeit dazu nicht nehmen und die in der Akademie t\u00e4tigen Juristen in der Regel diese Fragestellungen als nicht gen\u00fcgend akademisch qualifizieren. Diese in einem &#8222;no-man&#8217;s-land&#8220; bemerkenswerte Wissensl\u00fccke gilt es hier zu f\u00fcllen. Es handelt sich im \u00fcbrigen um eine wichtige Fragestellung des aus den Fugen geratenen Verh\u00e4ltnisses von &#8222;Theorie&#8220; und &#8222;Praxis&#8220;, in dem vor lauter positiven und negativen Kompetenzkonflikten oft das nicht zeit- und sachgerecht erfasst und vertieft wird, was besonders wichtig und dringlich erscheint.<\/p>\n<h3><b>Schutz des unternehmerischen Kernwertes: Reputation<\/b><\/h3>\n<p>Unter dem deskriptiven Oberbegriff &#8222;Themen&#8220; wird es unter anderem um die Bearbeitung folgender Themata gehen: Es wird f\u00fcrs erste um eine begr\u00fcndete Identifikation derjenigen rechtlichen Bestimmungsfaktoren gehen, die im paradigmatischen Wandel f\u00fcr international t\u00e4tige Unternehmen die Schwelle und die Intensit\u00e4t der strategischen Bedeutung erreicht bzw. \u00fcberschritten haben. Es geht dann zum Beispiel um die Erarbeitung und Formulierung einer &#8222;Integrated Risk Management Initiative&#8220; unter besonderer Ber\u00fccksichtigung der ermittelten strategischen Bestimmungsfaktoren im Bereiche Recht (Law).<\/p>\n<p>Dies k\u00f6nnte in der Folge f\u00fcr die Bereiche &#8222;Safety and Security Risk&#8220;, &#8222;Business Risk&#8220;, &#8222;Political Risk&#8220;, &#8222;Legal Risk&#8220;, &#8222;Reputation Risk&#8220;, &#8222;Corporate Governance Risk&#8220; und dem sogenannten &#8222;Future Risk&#8220; aus ganzheitlicher und interdisziplin\u00e4rer Sicht konkretisiert werden. Es gilt, einen &#8222;Mind Set&#8220; zu schaffen und Methoden zu finden, um solche Risiken fr\u00fchzeitig zu erkennen, im Umgang mit diesen durchgehend handlungs- und gestaltungsf\u00e4hig zu bleiben und eine Organisation des F\u00fchrungs- und des Issue Managements, verbunden mit einem entsprechenden Wertesystem, zu etablieren, das vor allem auch einen opportunity-bezogenen Umgang mit diesen Risiken erlaubt und beg\u00fcnstigt. Damit gilt es, die Reputation als Kernwert eines international t\u00e4tigen Unternehmens systematisch, nachhaltig und &#8222;State of the Art&#8220; und nach &#8222;best practices&#8220; zu sch\u00fctzen, damit die obersten Unternehmensziele relativ ungest\u00f6rt umgesetzt werden k\u00f6nnen. Im Vordergrund stehen Charakteristika wie pr\u00e4ventiver Einsatz der rechtlichen Dimension, integrierter Einsatz der rechtlichen Dimension, sich an Langfristigkeit orientierender Einsatz der Risikodimension.<\/p>\n<h3><b>Akzeptanz f\u00fcr die Methode schaffen<\/b><\/h3>\n<p>Voraussetzung f\u00fcr den Erfolg einer solchen Beratungsmethode sind Akzeptanz , Kompatibilit\u00e4t und Interoperabilit\u00e4t der Methode und der an der Beratung beteiligten interdisziplin\u00e4ren Professionals und Managers. Akzeptanz beginnt in Law Firms, Legal Departments, f\u00fchrt \u00fcber das Management und anderen integrativen, interdisziplin\u00e4ren und internationalen, anwendungsorientierten beteiligten Professionals vielleicht sogar zu den Hochschulen. Es geht zudem um die systematische interdisziplin\u00e4re Bearbeitung der Auswirkung anderer relevanter Dimensionen auf die T\u00e4tigkeiten des Juristen und die Einbringung der rechtlichen Dimension in die Beratungst\u00e4tigkeit anderer Beratungsunternehmen wie Auditors, Unternehmensberater und Kommunikationsberater.<\/p>\n<h3><b>Konkrete Ausgestaltung strategischer Rechtsberatung<\/b><\/h3>\n<p>Im Rahmen der Identifikation von &#8222;Themen&#8220; geht es in der Folge auch um die Entwicklung der konkreten Ausgestaltung oder Operationalisierung der &#8222;strategischen Rechtsberatung&#8220;. Dazu geh\u00f6ren die sachgerechte Organisation der Zusammenarbeit, die Entwicklung innovativer, fachgerechter Beratungsmethoden, wie Partnering, Facilitation, Mediation, Brainstorming etc, die Entwicklung der die Anwendung der Methode erleichternden Tools wie &#8222;Legal Balance Score Card&#8220;, &#8222;Legal Audits of Strategic Dimension&#8220;, die software-gest\u00fctzte Ermittlung von Eigen- und Fremdsicht von Unternehmensreputation und der beteiligten Hauptpersonen im Bezug auf den Umgang mit der strategischen Dimension von Recht etc. Es geht themenbezogen auch um die Entwicklung von Ausbildungs-, Trainings- und Kontrollmethoden in diesem Bereich, die allgemein, wiederholt und standardisiert eingesetzt werden k\u00f6nnten.<\/p>\n<p>(Siehe auch &#8222;Strategische Rechtsberatung&#8220;. Dar\u00fcber hinaus finden Sie weitere Themen zur Generierung von Expertenwissen unter &#8222;Expertenwissen&#8220;.)<\/p>\n<p>Zu den Themenbereichen werden auch das Nachdenken dar\u00fcber geh\u00f6ren, ob dieser Bereich der Science of Law oder der Art of Law oder beiden zuzurechnen ist und was die Rolle der juristischen Phantasie, im speziellen die Bedeutung des Satzes &#8222;Imagination is more powerful than knowledge&#8220; (Einstein), im Bereich der strategischen Rechtsberatung sein k\u00f6nnte.<\/p>\n<h3><b>Kein Wettbewerbsverh\u00e4ltnis mit der Advokatur<\/b><\/h3>\n<p>Die Bearbeitung dieser Themen ist zeitlich nicht streng hintereinander geschaltet, sondern wird im Rahmen einer Generierung von Expertenwissen und anschliessend in einer daraus abgeleiteten strategischen Rechtsberatung gleichzeitig vollzogen. Es ist wahrscheinlich, dass dieses Expertenwissen laufend und gleichzeitig im Rahmen von solchen Mandaten erkannt und zus\u00e4tzlich vertieft wird. Es soll daraus eine Ausweitung der Dienstleistungsmatrix im Bereiche der Rechtsberatung entstehen, die nicht mit den rechtlichen Dienstleistungen der Advokatur in Wettbewerb treten, sondern diese allenfalls sinnvoll und integriert erg\u00e4nzen.<\/p>\n<p>Allerdings geht der Anspruch und die Methodik der zu entwickelnden Methodik \u00fcber die traditionellerweise weitgehend festgelegten Dienstleistungen im Anwaltsbereich hinaus, die sich teilweise geradezu in sogenannten &#8222;Produkten&#8220; manifestieren. Es ist wahrscheinlich, dass das Nachdenken in diesem Bereich zeigen wird, dass das Erkennen und die Etablierung der strategischen Dimension des Rechts in den Unternehmen selbst gegenw\u00e4rtig fortgeschrittener ist. In diesem Sinne gilt es gewissermassen im Anschluss-, Gespr\u00e4chs- und Zusammenarbeitsfeld dieser unternehmensfernen &#8222;Anw\u00e4lte&#8220; der Dimension Recht zu bleiben und gleichzeitig mit ausgew\u00e4hlten Rechtsanw\u00e4lten und Anwaltssoziet\u00e4ten im Rahmen bestehender Mandate diese Dimension integriert und im Rahmen von Einzelmandaten in Zusammenarbeit einzubringen. In diesem Sinne qualifiziert diese rechtliche Beratungst\u00e4tigkeit daher nicht als anwaltliche T\u00e4tigkeit.<\/p>\n<p>Weiter k\u00f6nnen im Randgebiet des &#8222;applied research&#8220; zu gegebener Zeit auch theoretische <a href=\"https:\/\/drolshammer.net\/german\/expert-knowledge-3\/\">Fragestellungen<\/a> folgen. Die Frage des grunds\u00e4tzlichen Erkenntnis- und Bearbeitungsdefizits im Verh\u00e4ltnis von &#8222;Strategy and Law&#8220; ist in einem sp\u00e4teren Zeitpunkt durchaus einer wissenschaftlichen Bearbeitung zug\u00e4nglich.<\/p>\n<p>Vergleiche dazu etwa Jens Drolshammer, <a href=\"https:\/\/drolshammer.net\/german\/wp-content\/uploads\/2018\/05\/Festschrift_Santer.pdf\" target=\"_blank\" rel=\"noopener\">Risk and Response, Zur Notwendigkeit eines strategischen Umgangs mit Catastrophic Risks in Grenzbereichen technologischer und wissenschafftlicher Entwicklungen.<\/a>[\/vc_column_text][\/vc_column][\/vc_row]\n<\/section>","protected":false},"excerpt":{"rendered":"<p>[vc_row][vc_column][vc_column_text] Themen Ungenutzte strategische Dimension des Rechts Themenbezogen geht es um die Erschliessung und Etablierung der strategischen Dimension des Rechts durch die Generierung von anwendungsorientiertem, theoretischem Expertenwissen und durch die Entwicklung und Operationalisierung dieses Wissens in einer die traditionelle Rechtsberatung erg\u00e4nzenden Rechtsberatung: der &#8222;strategischen Rechtsberatung&#8220;. Neben der akademischen T\u00e4tigkeit im Bereich gr\u00f6sserer Publikationsprojekte wird die&hellip;<\/p>\n","protected":false},"author":2,"featured_media":0,"parent":0,"menu_order":0,"comment_status":"closed","ping_status":"closed","template":"","meta":[],"acf":[],"_links":{"self":[{"href":"https:\/\/drolshammer.net\/german\/wp-json\/wp\/v2\/pages\/8"}],"collection":[{"href":"https:\/\/drolshammer.net\/german\/wp-json\/wp\/v2\/pages"}],"about":[{"href":"https:\/\/drolshammer.net\/german\/wp-json\/wp\/v2\/types\/page"}],"author":[{"embeddable":true,"href":"https:\/\/drolshammer.net\/german\/wp-json\/wp\/v2\/users\/2"}],"replies":[{"embeddable":true,"href":"https:\/\/drolshammer.net\/german\/wp-json\/wp\/v2\/comments?post=8"}],"version-history":[{"count":17,"href":"https:\/\/drolshammer.net\/german\/wp-json\/wp\/v2\/pages\/8\/revisions"}],"predecessor-version":[{"id":2147,"href":"https:\/\/drolshammer.net\/german\/wp-json\/wp\/v2\/pages\/8\/revisions\/2147"}],"wp:attachment":[{"href":"https:\/\/drolshammer.net\/german\/wp-json\/wp\/v2\/media?parent=8"}],"curies":[{"name":"wp","href":"https:\/\/api.w.org\/{rel}","templated":true}]}}